{"id":26439,"date":"2025-11-23T20:38:43","date_gmt":"2025-11-23T20:38:43","guid":{"rendered":"https:\/\/avesaguiar.ch\/produit\/beyers-urtica-chlorella-mezcla-mineral-5-kg\/"},"modified":"2025-11-23T20:38:43","modified_gmt":"2025-11-23T20:38:43","slug":"beyers-urtica-chlorella-mezcla-mineral-5-kg","status":"publish","type":"product","link":"https:\/\/avesaguiar.ch\/es\/produit\/beyers-urtica-chlorella-mezcla-mineral-5-kg\/","title":{"rendered":"Beyers-Urtica-Chlorella Mezcla Mineral 5 Kg"},"content":{"rendered":"<p><strong>MEZCLA MINERAL CON PRODUCTOS ESENCIALES DE CALIDAD, COMO ARENILLA DE CONCHAS, GRAVA Y ARCILLA, COMPLEMENTADA CON PLANTAS RICAS EN ACEITE, SEMILLAS Y GR\u00c1NULOS. LO QUE HACE \u00daNICA A LA MEZCLA MINERAL URTICA CHLORELLA ES LA ADICI\u00d3N DE ORTIGA Y CHLORELLA. <\/strong><\/p>\n<ul>\n<li>La ortiga (nombre bot\u00e1nico = Urtica dioica) purifica la sangre y tambi\u00e9n tiene propiedades antial\u00e9rgicas. Tambi\u00e9n favorece la eliminaci\u00f3n del \u00e1cido \u00farico muscular y las toxinas. La ortiga tambi\u00e9n es rica en calcio y hierro.  <\/li>\n<li>A su vez, el alga de agua dulce Chlorella es conocida por su alto contenido en clorofila. La Chlorella seca tiene un contenido prote\u00ednico del 60%. Estas prote\u00ednas contribuyen a la formaci\u00f3n muscular de tus palomas.  <\/li>\n<li>La combinaci\u00f3n de productos arenosos y arcillosos, peque\u00f1as semillas ricas en grasa con un contenido prote\u00ednico muy \u00fatil (colza, linaza, cardia, s\u00e9samo, jud\u00eda mungo, etc.), hace de Urtica Chlorella Mezcla Mineral un producto variado que no debe faltar en el cuidado diario de tus palomas y que te ayudar\u00e1 a mantenerlas en condiciones \u00f3ptimas.<\/li>\n<\/ul>\n<p><strong>INSTRUCCIONES DE USO<\/strong><\/p>\n<ul>\n<li><em>Durante la cr\u00eda, la temporada deportiva y la muda <\/em>: hasta un 10% de la raci\u00f3n diaria.<\/li>\n<li><em>Durante los periodos de descanso <\/em>: diariamente hasta un 5% de la raci\u00f3n de pienso.<\/li>\n<\/ul>\n<p><strong>COMPOSICI\u00d3N<\/strong><\/p>\n<p>C\u00e1scaras de caliza, piedra roja, gastrolitos, colza, linaza, sorgo blanco, dari, alpiste, cardi, arroz, semillas de s\u00e9samo, mijo amarillo, mijo blanco, sorgo rojo, carbonato c\u00e1lcico, cloruro s\u00f3dico, jud\u00edas mungo, avena mondada, trigo, gluten de ma\u00edz, ma\u00edz, pienso de gluten de trigo, ortiga, chlorella, levadura, aceite de soja, fosfato dic\u00e1lcico, ra\u00edz proteica de arroz, lecitina&#8230;<\/p>\n<p><strong>COMPONENTES ANAL\u00cdTICOS<\/strong><\/p>\n<ul>\n<li>Calcio 14,00<\/li>\n<li>F\u00f3sforo 0,19<\/li>\n<li>Sodio 0,90<\/li>\n<li>Lisina 0,18<\/li>\n<li>Metionina 0,10<\/li>\n<li><img decoding=\"async\" class=\"\" src=\"https:\/\/beyersbelgium.be\/wp-content\/themes\/wpbase_v2.0\/assets\/images\/symbol-Support.svg\" alt=\"Ayuda\" width=\"70\" height=\"70\"><img decoding=\"async\" class=\"\" src=\"https:\/\/beyersbelgium.be\/wp-content\/themes\/wpbase_v2.0\/assets\/images\/symbol-Yearround.svg\" alt=\"Todo el a\u00f1o\" width=\"64\" height=\"64\"><\/li>\n<\/ul>\n","protected":false},"excerpt":{"rendered":"<p>MEZCLA MINERAL CON PRODUCTOS ESENCIALES DE CALIDAD, COMO ARENILLA DE CONCHAS, GRAVA Y ARCILLA, COMPLEMENTADA CON PLANTAS RICAS EN ACEITE, SEMILLAS Y GR\u00c1NULOS. LO QUE HACE \u00daNICA A LA MEZCLA MINERAL URTICA CHLORELLA ES LA ADICI\u00d3N DE ORTIGA Y CHLORELLA. La ortiga (nombre bot\u00e1nico = Urtica dioica) purifica la sangre y tambi\u00e9n tiene propiedades antial\u00e9rgicas. [&hellip;]<\/p>\n","protected":false},"featured_media":26063,"comment_status":"open","ping_status":"closed","template":"","meta":[],"product_brand":[182],"product_cat":[237,235],"product_tag":[],"class_list":{"0":"post-26439","1":"product","2":"type-product","3":"status-publish","4":"has-post-thumbnail","6":"product_brand-beyers","7":"product_cat-complementos-alimenticios","8":"product_cat-fuente-de-alimentacion","9":"product_shipping_class-postpac-economia-10kg","12":"first","13":"instock","14":"shipping-taxable","15":"purchasable","16":"product-type-simple"},"jetpack_sharing_enabled":true,"_links":{"self":[{"href":"https:\/\/avesaguiar.ch\/es\/wp-json\/wp\/v2\/product\/26439","targetHints":{"allow":["GET"]}}],"collection":[{"href":"https:\/\/avesaguiar.ch\/es\/wp-json\/wp\/v2\/product"}],"about":[{"href":"https:\/\/avesaguiar.ch\/es\/wp-json\/wp\/v2\/types\/product"}],"replies":[{"embeddable":true,"href":"https:\/\/avesaguiar.ch\/es\/wp-json\/wp\/v2\/comments?post=26439"}],"wp:featuredmedia":[{"embeddable":true,"href":"https:\/\/avesaguiar.ch\/es\/wp-json\/wp\/v2\/media\/26063"}],"wp:attachment":[{"href":"https:\/\/avesaguiar.ch\/es\/wp-json\/wp\/v2\/media?parent=26439"}],"wp:term":[{"taxonomy":"product_brand","embeddable":true,"href":"https:\/\/avesaguiar.ch\/es\/wp-json\/wp\/v2\/product_brand?post=26439"},{"taxonomy":"product_cat","embeddable":true,"href":"https:\/\/avesaguiar.ch\/es\/wp-json\/wp\/v2\/product_cat?post=26439"},{"taxonomy":"product_tag","embeddable":true,"href":"https:\/\/avesaguiar.ch\/es\/wp-json\/wp\/v2\/product_tag?post=26439"}],"curies":[{"name":"wp","href":"https:\/\/api.w.org\/{rel}","templated":true}]}}