{"id":26446,"date":"2025-11-21T20:27:21","date_gmt":"2025-11-21T20:27:21","guid":{"rendered":"https:\/\/avesaguiar.ch\/produit\/bevo-egg-food-rojo-lata-1-kg\/"},"modified":"2025-11-21T20:27:21","modified_gmt":"2025-11-21T20:27:21","slug":"bevo-egg-food-rojo-lata-1-kg","status":"publish","type":"product","link":"https:\/\/avesaguiar.ch\/es\/produit\/bevo-egg-food-rojo-lata-1-kg\/","title":{"rendered":"BEVO EGG FOOD ROJO LATA 1 KG"},"content":{"rendered":"<h3 style=\"font-weight: 400;\">DESCRIPCI\u00d3N<\/h3>\n<p style=\"font-weight: 400;\"><b> El alimento para huevos rojos Bevo en latas de 1 kg<\/b> es un alimento de alta calidad especialmente desarrollado para aves ornamentales.<\/p>\n<p style=\"font-weight: 400;\">Este nutritivo alimento para huevos es una parte esencial de la dieta de las aves ornamentales, ya que les aporta los nutrientes que necesitan para gozar de una salud y vitalidad \u00f3ptimas.<\/p>\n<p style=\"font-weight: 400;\">La comida para huevos rojos Bevo es rica en prote\u00ednas, vitaminas y minerales, por lo que es el complemento perfecto para la dieta diaria de las aves ornamentales. El color rojo de la comida para huevos hace que la presentaci\u00f3n sea atractiva y estimula el apetito de los p\u00e1jaros. <\/p>\n<p style=\"font-weight: 400;\">Con la lata Benelux de 1 kg de comida para huevos rojos Bevo, puedes ofrecer a tus p\u00e1jaros ornamentales un capricho sabroso y nutritivo que contribuye a su bienestar y vitalidad. Aseg\u00farate de que tus amigos emplumados reciben la mejor nutrici\u00f3n que se merecen. <\/p>\n<p style=\"font-weight: 400;\">Pide hoy la lata de<b> 1 kg de comida para huevos rojos Bevo<\/b> y ofrece a tus p\u00e1jaros ornamentales un complemento sano y colorido para su dieta.<\/p>\n","protected":false},"excerpt":{"rendered":"<p><img decoding=\"async\" class=\"alignnone size-medium wp-image-25759\" src=\"https:\/\/avesaguiar.ch\/wp-content\/uploads\/2025\/11\/51Aqr6DjOZL._AC_-300x155.jpeg\" alt=\"\" width=\"300\" height=\"155\"><\/p>\n","protected":false},"featured_media":25758,"comment_status":"open","ping_status":"closed","template":"","meta":[],"product_brand":[187],"product_cat":[242],"product_tag":[],"class_list":{"0":"post-26446","1":"product","2":"type-product","3":"status-publish","4":"has-post-thumbnail","6":"product_brand-kinlys","7":"product_cat-fuente-de-alimentacion-2","8":"product_shipping_class-postpac-economia-2kg","11":"first","12":"instock","13":"shipping-taxable","14":"purchasable","15":"product-type-simple"},"jetpack_sharing_enabled":true,"_links":{"self":[{"href":"https:\/\/avesaguiar.ch\/es\/wp-json\/wp\/v2\/product\/26446","targetHints":{"allow":["GET"]}}],"collection":[{"href":"https:\/\/avesaguiar.ch\/es\/wp-json\/wp\/v2\/product"}],"about":[{"href":"https:\/\/avesaguiar.ch\/es\/wp-json\/wp\/v2\/types\/product"}],"replies":[{"embeddable":true,"href":"https:\/\/avesaguiar.ch\/es\/wp-json\/wp\/v2\/comments?post=26446"}],"wp:featuredmedia":[{"embeddable":true,"href":"https:\/\/avesaguiar.ch\/es\/wp-json\/wp\/v2\/media\/25758"}],"wp:attachment":[{"href":"https:\/\/avesaguiar.ch\/es\/wp-json\/wp\/v2\/media?parent=26446"}],"wp:term":[{"taxonomy":"product_brand","embeddable":true,"href":"https:\/\/avesaguiar.ch\/es\/wp-json\/wp\/v2\/product_brand?post=26446"},{"taxonomy":"product_cat","embeddable":true,"href":"https:\/\/avesaguiar.ch\/es\/wp-json\/wp\/v2\/product_cat?post=26446"},{"taxonomy":"product_tag","embeddable":true,"href":"https:\/\/avesaguiar.ch\/es\/wp-json\/wp\/v2\/product_tag?post=26446"}],"curies":[{"name":"wp","href":"https:\/\/api.w.org\/{rel}","templated":true}]}}