{"id":26457,"date":"2025-11-21T20:57:47","date_gmt":"2025-11-21T20:57:47","guid":{"rendered":"https:\/\/avesaguiar.ch\/produit\/gusanos-de-la-harina-cubo-de-25-l-para-aves-del-cielo\/"},"modified":"2025-11-21T20:57:47","modified_gmt":"2025-11-21T20:57:47","slug":"gusanos-de-la-harina-cubo-de-25-l-para-aves-del-cielo","status":"publish","type":"product","link":"https:\/\/avesaguiar.ch\/es\/produit\/gusanos-de-la-harina-cubo-de-25-l-para-aves-del-cielo\/","title":{"rendered":"GUSANOS DE LA HARINA CUBO DE 2,5 L PARA AVES DEL CIELO"},"content":{"rendered":"<h3 style=\"font-weight: 400;\">DESCRIPCI\u00d3N<\/h3>\n<p style=\"font-weight: 400;\">El cubo de gusanos de la harina Benelux Nature es un alimento de alta calidad para p\u00e1jaros de exterior de la categor\u00eda de p\u00e1jaros naturales. Envasado en un pr\u00e1ctico cubo de 2,5 litros, este alimento se ha formulado especialmente para proporcionar a tus p\u00e1jaros de jard\u00edn nutrientes esenciales. El alimento de 600 g contiene una rica fuente de prote\u00ednas y grasas, por lo que es ideal para los p\u00e1jaros que necesitan energ\u00eda extra. Especialmente durante los fr\u00edos meses de invierno.   <\/p>\n<p style=\"font-weight: 400;\">Los gusanos de la harina se han seleccionado y secado cuidadosamente para conservar su sabor natural y su valor nutritivo. Ofreci\u00e9ndoles este alimento puedes disfrutar del espect\u00e1culo de los p\u00e1jaros que visitan tu jard\u00edn, al tiempo que contribuyes a su salud y bienestar. Con el cubo de gusanos de la harina Benelux Nature, puedes contribuir a hacer de tu jard\u00edn un lugar popular para una gran variedad de especies de aves.  <\/p>\n<p style=\"font-weight: 400;\">Proporciona a tus p\u00e1jaros de jard\u00edn el alimento que se merecen y crea un entorno animado y colorido con el cubo para gusanos de la harina Benelux Nature.<\/p>\n<p style=\"font-weight: 400;\">Haz tu pedido hoy y da la bienvenida a tu jard\u00edn a una gran variedad de hermosos p\u00e1jaros! 9,90<\/p>\n","protected":false},"excerpt":{"rendered":"<p>DESCRIPCI\u00d3N El cubo de gusanos de la harina Benelux Nature es un alimento de alta calidad para p\u00e1jaros de exterior de la categor\u00eda de p\u00e1jaros naturales. Envasado en un pr\u00e1ctico cubo de 2,5 litros, este alimento se ha formulado especialmente para proporcionar a tus p\u00e1jaros de jard\u00edn nutrientes esenciales. El alimento de 600 g contiene [&hellip;]<\/p>\n","protected":false},"featured_media":25797,"comment_status":"open","ping_status":"closed","template":"","meta":[],"product_brand":[187],"product_cat":[247,242],"product_tag":[],"class_list":{"0":"post-26457","1":"product","2":"type-product","3":"status-publish","4":"has-post-thumbnail","6":"product_brand-kinlys","7":"product_cat-complementos-alimenticios-2","8":"product_cat-fuente-de-alimentacion-2","9":"product_shipping_class-postpac-economia-2kg","12":"first","13":"instock","14":"shipping-taxable","15":"purchasable","16":"product-type-simple"},"jetpack_sharing_enabled":true,"_links":{"self":[{"href":"https:\/\/avesaguiar.ch\/es\/wp-json\/wp\/v2\/product\/26457","targetHints":{"allow":["GET"]}}],"collection":[{"href":"https:\/\/avesaguiar.ch\/es\/wp-json\/wp\/v2\/product"}],"about":[{"href":"https:\/\/avesaguiar.ch\/es\/wp-json\/wp\/v2\/types\/product"}],"replies":[{"embeddable":true,"href":"https:\/\/avesaguiar.ch\/es\/wp-json\/wp\/v2\/comments?post=26457"}],"wp:featuredmedia":[{"embeddable":true,"href":"https:\/\/avesaguiar.ch\/es\/wp-json\/wp\/v2\/media\/25797"}],"wp:attachment":[{"href":"https:\/\/avesaguiar.ch\/es\/wp-json\/wp\/v2\/media?parent=26457"}],"wp:term":[{"taxonomy":"product_brand","embeddable":true,"href":"https:\/\/avesaguiar.ch\/es\/wp-json\/wp\/v2\/product_brand?post=26457"},{"taxonomy":"product_cat","embeddable":true,"href":"https:\/\/avesaguiar.ch\/es\/wp-json\/wp\/v2\/product_cat?post=26457"},{"taxonomy":"product_tag","embeddable":true,"href":"https:\/\/avesaguiar.ch\/es\/wp-json\/wp\/v2\/product_tag?post=26457"}],"curies":[{"name":"wp","href":"https:\/\/api.w.org\/{rel}","templated":true}]}}