{"id":26460,"date":"2025-11-21T20:52:48","date_gmt":"2025-11-21T20:52:48","guid":{"rendered":"https:\/\/avesaguiar.ch\/produit\/baby-mix-patee-gavage-con-prebiotica-250g\/"},"modified":"2025-11-21T20:52:48","modified_gmt":"2025-11-21T20:52:48","slug":"baby-mix-patee-gavage-con-prebiotica-250g","status":"publish","type":"product","link":"https:\/\/avesaguiar.ch\/es\/produit\/baby-mix-patee-gavage-con-prebiotica-250g\/","title":{"rendered":"BABY MIX PATEE GAVAGE CON PREBIOTICA 250G"},"content":{"rendered":"<h3 style=\"font-weight: 400;\">DESCRIPCI\u00d3N<\/h3>\n<p style=\"font-weight: 400;\"><b>Baby mix patee gavage con prebiotica 250g<\/b> est\u00e1 especialmente formulado para satisfacer las necesidades nutricionales de las aves ornamentales.<\/p>\n<p style=\"font-weight: 400;\">Este alimento proporciona una mezcla equilibrada de ingredientes de alta calidad esenciales para la salud y el crecimiento de las aves j\u00f3venes.<\/p>\n<p style=\"font-weight: 400;\">La adici\u00f3n de prebi\u00f3ticos favorece una digesti\u00f3n sana y refuerza el sistema inmunitario de las aves, permiti\u00e9ndoles un desarrollo \u00f3ptimo.<\/p>\n<p style=\"font-weight: 400;\">Esta mezcla para beb\u00e9s se ha formulado cuidadosamente para proporcionar todos los nutrientes necesarios para que los p\u00e1jaros ornamentales tengan un buen comienzo en la vida.<\/p>\n<p style=\"font-weight: 400;\">Con <b>baby mix patee gavage con prebi\u00f3tica 250 g,<\/b> puedes dar a tus p\u00e1jaros ornamentales el mejor comienzo y garantizar su bienestar a largo plazo.<\/p>\n<p style=\"font-weight: 400;\">Aseg\u00farate de que tus amigos emplumados reciben la nutrici\u00f3n que se merecen y \u00a1haz tu pedido hoy mismo!<\/p>\n","protected":false},"excerpt":{"rendered":"<p>DESCRIPCI\u00d3N Baby mix patee gavage con prebiotica 250g est\u00e1 especialmente formulado para satisfacer las necesidades nutricionales de las aves ornamentales. Este alimento proporciona una mezcla equilibrada de ingredientes de alta calidad esenciales para la salud y el crecimiento de las aves j\u00f3venes. La adici\u00f3n de prebi\u00f3ticos favorece una digesti\u00f3n sana y refuerza el sistema inmunitario [&hellip;]<\/p>\n","protected":false},"featured_media":25791,"comment_status":"open","ping_status":"closed","template":"","meta":[],"product_brand":[187],"product_cat":[247,242],"product_tag":[],"class_list":{"0":"post-26460","1":"product","2":"type-product","3":"status-publish","4":"has-post-thumbnail","6":"product_brand-kinlys","7":"product_cat-complementos-alimenticios-2","8":"product_cat-fuente-de-alimentacion-2","9":"product_shipping_class-postpac-economia-900g","12":"first","13":"instock","14":"shipping-taxable","15":"purchasable","16":"product-type-simple"},"jetpack_sharing_enabled":true,"_links":{"self":[{"href":"https:\/\/avesaguiar.ch\/es\/wp-json\/wp\/v2\/product\/26460","targetHints":{"allow":["GET"]}}],"collection":[{"href":"https:\/\/avesaguiar.ch\/es\/wp-json\/wp\/v2\/product"}],"about":[{"href":"https:\/\/avesaguiar.ch\/es\/wp-json\/wp\/v2\/types\/product"}],"replies":[{"embeddable":true,"href":"https:\/\/avesaguiar.ch\/es\/wp-json\/wp\/v2\/comments?post=26460"}],"wp:featuredmedia":[{"embeddable":true,"href":"https:\/\/avesaguiar.ch\/es\/wp-json\/wp\/v2\/media\/25791"}],"wp:attachment":[{"href":"https:\/\/avesaguiar.ch\/es\/wp-json\/wp\/v2\/media?parent=26460"}],"wp:term":[{"taxonomy":"product_brand","embeddable":true,"href":"https:\/\/avesaguiar.ch\/es\/wp-json\/wp\/v2\/product_brand?post=26460"},{"taxonomy":"product_cat","embeddable":true,"href":"https:\/\/avesaguiar.ch\/es\/wp-json\/wp\/v2\/product_cat?post=26460"},{"taxonomy":"product_tag","embeddable":true,"href":"https:\/\/avesaguiar.ch\/es\/wp-json\/wp\/v2\/product_tag?post=26460"}],"curies":[{"name":"wp","href":"https:\/\/api.w.org\/{rel}","templated":true}]}}