{"id":26465,"date":"2025-11-21T21:06:01","date_gmt":"2025-11-21T21:06:01","guid":{"rendered":"https:\/\/avesaguiar.ch\/produit\/flour-gusanos-08-l-140g-cubo-para-aves-del-aire\/"},"modified":"2025-11-21T21:06:01","modified_gmt":"2025-11-21T21:06:01","slug":"flour-gusanos-08-l-140g-cubo-para-aves-del-aire","status":"publish","type":"product","link":"https:\/\/avesaguiar.ch\/es\/produit\/flour-gusanos-08-l-140g-cubo-para-aves-del-aire\/","title":{"rendered":"FLOUR Gusanos 0,8 L 140g cubo para aves del aire"},"content":{"rendered":"<h3 style=\"font-weight: 400;\">DESCRIPCI\u00d3N<\/h3>\n<p style=\"font-weight: 400;\">El cubo Benelux Nature de 0,8 litros con gusanos de la harina es un alimento de alta calidad para p\u00e1jaros de exterior de la categor\u00eda de p\u00e1jaros naturales. Esta golosina nutritiva ha sido especialmente formulada para mimar y alimentar a los p\u00e1jaros de tu jard\u00edn. <\/p>\n<p style=\"font-weight: 400;\">Esta nutritiva golosina est\u00e1 repleta de prote\u00ednas y nutrientes esenciales para favorecer la salud y vitalidad de las aves. Los gusanos de la harina son los favoritos de muchas especies de aves de exterior y sin duda ser\u00e1n una buena adici\u00f3n a su dieta. <\/p>\n<p style=\"font-weight: 400;\">Con el cubo para gusanos de la harina Benelux Nature, podr\u00e1s disfrutar del espect\u00e1culo de los p\u00e1jaros d\u00e1ndose un fest\u00edn con esta deliciosa golosina en tu jard\u00edn. Crea un para\u00edso para las aves y atrae a una gran variedad de hermosos p\u00e1jaros con esta opci\u00f3n de alimentaci\u00f3n de alta calidad. <\/p>\n<p style=\"font-weight: 400;\">Da a tus amigos emplumados el alimento que se merecen y disfruta del magn\u00edfico espect\u00e1culo de los p\u00e1jaros d\u00e1ndose un fest\u00edn con gusanos de la harina. Pide hoy mismo tu cubo Benelux Nature con gusanos de la harina y \u00a1convierte tu jard\u00edn en un para\u00edso natural para las aves! <\/p>\n","protected":false},"excerpt":{"rendered":"<p>DESCRIPCI\u00d3N El cubo Benelux Nature de 0,8 litros con gusanos de la harina es un alimento de alta calidad para p\u00e1jaros de exterior de la categor\u00eda de p\u00e1jaros naturales. Esta golosina nutritiva ha sido especialmente formulada para mimar y alimentar a los p\u00e1jaros de tu jard\u00edn. Esta nutritiva golosina est\u00e1 repleta de prote\u00ednas y nutrientes [&hellip;]<\/p>\n","protected":false},"featured_media":25804,"comment_status":"open","ping_status":"closed","template":"","meta":[],"product_brand":[187],"product_cat":[247,242],"product_tag":[],"class_list":{"0":"post-26465","1":"product","2":"type-product","3":"status-publish","4":"has-post-thumbnail","6":"product_brand-kinlys","7":"product_cat-complementos-alimenticios-2","8":"product_cat-fuente-de-alimentacion-2","9":"product_shipping_class-postpac-economia-900g","12":"first","13":"instock","14":"shipping-taxable","15":"purchasable","16":"product-type-simple"},"jetpack_sharing_enabled":true,"_links":{"self":[{"href":"https:\/\/avesaguiar.ch\/es\/wp-json\/wp\/v2\/product\/26465","targetHints":{"allow":["GET"]}}],"collection":[{"href":"https:\/\/avesaguiar.ch\/es\/wp-json\/wp\/v2\/product"}],"about":[{"href":"https:\/\/avesaguiar.ch\/es\/wp-json\/wp\/v2\/types\/product"}],"replies":[{"embeddable":true,"href":"https:\/\/avesaguiar.ch\/es\/wp-json\/wp\/v2\/comments?post=26465"}],"wp:featuredmedia":[{"embeddable":true,"href":"https:\/\/avesaguiar.ch\/es\/wp-json\/wp\/v2\/media\/25804"}],"wp:attachment":[{"href":"https:\/\/avesaguiar.ch\/es\/wp-json\/wp\/v2\/media?parent=26465"}],"wp:term":[{"taxonomy":"product_brand","embeddable":true,"href":"https:\/\/avesaguiar.ch\/es\/wp-json\/wp\/v2\/product_brand?post=26465"},{"taxonomy":"product_cat","embeddable":true,"href":"https:\/\/avesaguiar.ch\/es\/wp-json\/wp\/v2\/product_cat?post=26465"},{"taxonomy":"product_tag","embeddable":true,"href":"https:\/\/avesaguiar.ch\/es\/wp-json\/wp\/v2\/product_tag?post=26465"}],"curies":[{"name":"wp","href":"https:\/\/api.w.org\/{rel}","templated":true}]}}