{"id":26474,"date":"2025-11-22T13:53:34","date_gmt":"2025-11-22T13:53:34","guid":{"rendered":"https:\/\/avesaguiar.ch\/produit\/aves-del-aire-mezcla-900g-primus\/"},"modified":"2025-11-22T13:53:34","modified_gmt":"2025-11-22T13:53:34","slug":"aves-del-aire-mezcla-900g-primus","status":"publish","type":"product","link":"https:\/\/avesaguiar.ch\/es\/produit\/aves-del-aire-mezcla-900g-primus\/","title":{"rendered":"AVES DEL AIRE MEZCLA 900G PRIMUS"},"content":{"rendered":"<h3 style=\"font-weight: 400;\">Descripci\u00f3n<\/h3>\n<p style=\"font-weight: 400;\">Descubre la comida para p\u00e1jaros de jard\u00edn Primus. Una mezcla de alta calidad especialmente formulada para mimar a los p\u00e1jaros naturales de tu jard\u00edn. Con un peso de 900 g, este alimento proporciona una combinaci\u00f3n equilibrada de semillas, cereales y fruta rica en nutrientes esenciales.  <\/p>\n<p style=\"font-weight: 400;\">El alimento para p\u00e1jaros de jard\u00edn Primus Benelux es una opci\u00f3n ideal para atraer a una amplia gama de especies de p\u00e1jaros, haciendo de tu jard\u00edn un entorno vibrante y colorido. El alimento se ha formulado cuidadosamente para favorecer la salud y la vitalidad de los p\u00e1jaros, a la vez que te proporciona una experiencia visualmente agradable como amante de las aves. <\/p>\n<p style=\"font-weight: 400;\">Con la comida para p\u00e1jaros de jard\u00edn Primus, estar\u00e1s dando a las aves naturales de tu zona la mejor fuente de nutrici\u00f3n que se merecen, contribuyendo a un entorno vital pr\u00f3spero y armonioso para estas hermosas criaturas. Crea un oasis de vida en tu propio jard\u00edn y disfruta de la vibrante presencia de una gran variedad de especies de aves. <\/p>\n<p style=\"font-weight: 400;\">Dale vida a tu jard\u00edn con la comida para p\u00e1jaros Primus Garden y da la bienvenida a un colorido desfile de p\u00e1jaros en tu propio patio.<\/p>\n","protected":false},"excerpt":{"rendered":"<p>Descripci\u00f3n Descubre la comida para p\u00e1jaros de jard\u00edn Primus. Una mezcla de alta calidad especialmente formulada para mimar a los p\u00e1jaros naturales de tu jard\u00edn. Con un peso de 900 g, este alimento proporciona una combinaci\u00f3n equilibrada de semillas, cereales y fruta rica en nutrientes esenciales. El alimento para p\u00e1jaros de jard\u00edn Primus Benelux es [&hellip;]<\/p>\n","protected":false},"featured_media":25891,"comment_status":"open","ping_status":"closed","template":"","meta":[],"product_brand":[62],"product_cat":[242],"product_tag":[],"class_list":{"0":"post-26474","1":"product","2":"type-product","3":"status-publish","4":"has-post-thumbnail","6":"product_brand-benelux","7":"product_cat-fuente-de-alimentacion-2","8":"product_shipping_class-postpac-economia-900g","11":"first","12":"instock","13":"shipping-taxable","14":"purchasable","15":"product-type-simple"},"jetpack_sharing_enabled":true,"_links":{"self":[{"href":"https:\/\/avesaguiar.ch\/es\/wp-json\/wp\/v2\/product\/26474","targetHints":{"allow":["GET"]}}],"collection":[{"href":"https:\/\/avesaguiar.ch\/es\/wp-json\/wp\/v2\/product"}],"about":[{"href":"https:\/\/avesaguiar.ch\/es\/wp-json\/wp\/v2\/types\/product"}],"replies":[{"embeddable":true,"href":"https:\/\/avesaguiar.ch\/es\/wp-json\/wp\/v2\/comments?post=26474"}],"wp:featuredmedia":[{"embeddable":true,"href":"https:\/\/avesaguiar.ch\/es\/wp-json\/wp\/v2\/media\/25891"}],"wp:attachment":[{"href":"https:\/\/avesaguiar.ch\/es\/wp-json\/wp\/v2\/media?parent=26474"}],"wp:term":[{"taxonomy":"product_brand","embeddable":true,"href":"https:\/\/avesaguiar.ch\/es\/wp-json\/wp\/v2\/product_brand?post=26474"},{"taxonomy":"product_cat","embeddable":true,"href":"https:\/\/avesaguiar.ch\/es\/wp-json\/wp\/v2\/product_cat?post=26474"},{"taxonomy":"product_tag","embeddable":true,"href":"https:\/\/avesaguiar.ch\/es\/wp-json\/wp\/v2\/product_tag?post=26474"}],"curies":[{"name":"wp","href":"https:\/\/api.w.org\/{rel}","templated":true}]}}