{"id":26478,"date":"2025-11-23T14:09:51","date_gmt":"2025-11-23T14:09:51","guid":{"rendered":"https:\/\/avesaguiar.ch\/produit\/beyers-premium-thone-olimpico-20-kg\/"},"modified":"2025-11-23T14:09:51","modified_gmt":"2025-11-23T14:09:51","slug":"beyers-premium-thone-olimpico-20-kg","status":"publish","type":"product","link":"https:\/\/avesaguiar.ch\/es\/produit\/beyers-premium-thone-olimpico-20-kg\/","title":{"rendered":"Beyers-Premium Thon\u00e9 Ol\u00edmpico 20 kg"},"content":{"rendered":"<h2>Premium Thon\u00e9 Ol\u00edmpico &#8211; 20 kg<\/h2>\n<ul>\n<li>Una buena mezcla para todo el a\u00f1o<\/li>\n<li>Adici\u00f3n limitada de otras mezclas durante la temporada:\n<ul>\n<li><em>Cr\u00eda de invierno<\/em>: prote\u00edna extra en una mezcla de Lieja (guisantes sobrantes)<\/li>\n<li><em>Deporte<\/em>: hidratos de carbono y l\u00edpidos adicionales de <strong>GALAXY<\/strong> <strong>SPORT ENERGY<\/strong> y <strong>GALAXY LARGA DISTANCIA TT<\/strong><\/li>\n<li><em>Muda<\/em>: <strong>APOYO A LA MUDANZA<\/strong><\/li>\n<li>\n<div class=\"\">\n<div class=\"\">\n<h2>Composici\u00f3n<\/h2>\n<div class=\"\">\n<p>Ma\u00edz de grano peque\u00f1o &#8211; trigo blanco &#8211; soja tostada &#8211; dari blanco &#8211; arroz con c\u00e1scara &#8211; ma\u00edz merano &#8211; cardi &#8211; guisantes amarillos &#8211; guisantes verdes &#8211; vezas &#8211; sorgo rojo extra &#8211; lentejas &#8211; avena pelada &#8211; c\u00e1\u00f1amo &#8211; dunpeas &#8211; cebada &#8211; girasoles rayados &#8211; kadjang idjoe &#8211; nabos &#8211; guisantes arce &#8211; cardo mariano &#8211; linaza &#8211; mijo amarillo &#8211; alpiste<\/p>\n<\/div>\n<\/div>\n<\/div>\n<div class=\"\">\n<div class=\"\">\n<h2>Componentes anal\u00edticos<\/h2>\n<div class=\"\">\n<p>Hidratos de carbono 52,69% &#8211; prote\u00edna bruta 15,46% &#8211; grasa bruta 8,41% &#8211; fibra bruta 6,23% &#8211; ceniza bruta 2,40% &#8211; lisina 0,73% &#8211; f\u00f3sforo 0,36% &#8211; metionina 0,22% &#8211; calcio 0,10%.<\/p>\n<\/div>\n<\/div>\n<\/div>\n<\/li>\n<\/ul>\n<\/li>\n<\/ul>\n","protected":false},"excerpt":{"rendered":"<p>Premium Thon\u00e9 Ol\u00edmpico &#8211; 20 kg Una buena mezcla para todo el a\u00f1o Adici\u00f3n limitada de otras mezclas durante la temporada: Cr\u00eda de invierno: prote\u00edna extra en una mezcla de Lieja (guisantes sobrantes) Deporte: hidratos de carbono y l\u00edpidos adicionales de GALAXY SPORT ENERGY y GALAXY LARGA DISTANCIA TT Muda: APOYO A LA MUDANZA Composici\u00f3n [&hellip;]<\/p>\n","protected":false},"featured_media":22302,"comment_status":"open","ping_status":"closed","template":"","meta":[],"product_brand":[182],"product_cat":[235],"product_tag":[],"class_list":{"0":"post-26478","1":"product","2":"type-product","3":"status-publish","4":"has-post-thumbnail","6":"product_brand-beyers","7":"product_cat-fuente-de-alimentacion","8":"product_shipping_class-postpac-economia-30kg","11":"first","12":"instock","13":"sale","14":"shipping-taxable","15":"purchasable","16":"product-type-simple"},"jetpack_sharing_enabled":true,"_links":{"self":[{"href":"https:\/\/avesaguiar.ch\/es\/wp-json\/wp\/v2\/product\/26478","targetHints":{"allow":["GET"]}}],"collection":[{"href":"https:\/\/avesaguiar.ch\/es\/wp-json\/wp\/v2\/product"}],"about":[{"href":"https:\/\/avesaguiar.ch\/es\/wp-json\/wp\/v2\/types\/product"}],"replies":[{"embeddable":true,"href":"https:\/\/avesaguiar.ch\/es\/wp-json\/wp\/v2\/comments?post=26478"}],"wp:featuredmedia":[{"embeddable":true,"href":"https:\/\/avesaguiar.ch\/es\/wp-json\/wp\/v2\/media\/22302"}],"wp:attachment":[{"href":"https:\/\/avesaguiar.ch\/es\/wp-json\/wp\/v2\/media?parent=26478"}],"wp:term":[{"taxonomy":"product_brand","embeddable":true,"href":"https:\/\/avesaguiar.ch\/es\/wp-json\/wp\/v2\/product_brand?post=26478"},{"taxonomy":"product_cat","embeddable":true,"href":"https:\/\/avesaguiar.ch\/es\/wp-json\/wp\/v2\/product_cat?post=26478"},{"taxonomy":"product_tag","embeddable":true,"href":"https:\/\/avesaguiar.ch\/es\/wp-json\/wp\/v2\/product_tag?post=26478"}],"curies":[{"name":"wp","href":"https:\/\/api.w.org\/{rel}","templated":true}]}}