{"id":26486,"date":"2025-11-23T14:17:19","date_gmt":"2025-11-23T14:17:19","guid":{"rendered":"https:\/\/avesaguiar.ch\/produit\/beyers-premium-koopman-todo-en-uno-20-kg\/"},"modified":"2025-11-23T14:17:19","modified_gmt":"2025-11-23T14:17:19","slug":"beyers-premium-koopman-todo-en-uno-20-kg","status":"publish","type":"product","link":"https:\/\/avesaguiar.ch\/es\/produit\/beyers-premium-koopman-todo-en-uno-20-kg\/","title":{"rendered":"Beyers-Premium Koopman Todo en Uno 20 kg"},"content":{"rendered":"<h2>Koopman Premium Todo en Uno &#8211; 20 kg<\/h2>\n<ul>\n<li>Una mezcla de 25 ingredientes de la m\u00e1xima calidad. Puede administrarse durante todo el a\u00f1o con una adici\u00f3n limitada de otras mezclas.<\/li>\n<li>El ingrediente exclusivo es Goldcorn (prote\u00edna y grasa animal de queso, leche y grasa de oveja).<\/li>\n<\/ul>\n<p>&nbsp;<\/p>\n<div class=\"\">\n<div class=\"\">\n<h2>Composici\u00f3n<\/h2>\n<div class=\"\">\n<p>Peque\u00f1os cribbs &#8211; cardi &#8211; guisantes arce &#8211; guisantes verdes &#8211; dari &#8211; dunpeas &#8211; trigo &#8211; ma\u00edz dorado &#8211; palomitas &#8211; guisantes verdes &#8211; sorgo rojo &#8211; cacahuetes pelados &#8211; avena pelada &#8211; colza &#8211; linaza &#8211; katjang idjoe &#8211; lentejas &#8211; arroz con c\u00e1scara &#8211; alforf\u00f3n &#8211; girasoles pelados &#8211; vezas &#8211; alpiste &#8211; c\u00e1\u00f1amo &#8211; semillas de s\u00e9samo &#8211; mijo blanco<\/p>\n<\/div>\n<\/div>\n<\/div>\n<div class=\"\">\n<div class=\"\">\n<h2>Componentes anal\u00edticos<\/h2>\n<div class=\"\">\n<p>Hidratos de carbono 50,88% &#8211; prote\u00edna bruta 15,22% &#8211; grasa bruta 8,62% &#8211; fibra bruta 6,44% &#8211; ceniza bruta 2,80% &#8211; lisina 0,71% &#8211; f\u00f3sforo 0,36% &#8211; metionina 0,20% &#8211; calcio 0,24%.<\/p>\n<\/div>\n<\/div>\n<\/div>\n","protected":false},"excerpt":{"rendered":"<p>Koopman Premium Todo en Uno &#8211; 20 kg Una mezcla de 25 ingredientes de la m\u00e1xima calidad. Puede administrarse durante todo el a\u00f1o con una adici\u00f3n limitada de otras mezclas. El ingrediente exclusivo es Goldcorn (prote\u00edna y grasa animal de queso, leche y grasa de oveja). &nbsp; Composici\u00f3n Peque\u00f1os cribbs &#8211; cardi &#8211; guisantes arce [&hellip;]<\/p>\n","protected":false},"featured_media":22302,"comment_status":"open","ping_status":"closed","template":"","meta":[],"product_brand":[182],"product_cat":[235],"product_tag":[],"class_list":{"0":"post-26486","1":"product","2":"type-product","3":"status-publish","4":"has-post-thumbnail","6":"product_brand-beyers","7":"product_cat-fuente-de-alimentacion","8":"product_shipping_class-postpac-economia-30kg","11":"first","12":"instock","13":"shipping-taxable","14":"purchasable","15":"product-type-simple"},"jetpack_sharing_enabled":true,"_links":{"self":[{"href":"https:\/\/avesaguiar.ch\/es\/wp-json\/wp\/v2\/product\/26486","targetHints":{"allow":["GET"]}}],"collection":[{"href":"https:\/\/avesaguiar.ch\/es\/wp-json\/wp\/v2\/product"}],"about":[{"href":"https:\/\/avesaguiar.ch\/es\/wp-json\/wp\/v2\/types\/product"}],"replies":[{"embeddable":true,"href":"https:\/\/avesaguiar.ch\/es\/wp-json\/wp\/v2\/comments?post=26486"}],"wp:featuredmedia":[{"embeddable":true,"href":"https:\/\/avesaguiar.ch\/es\/wp-json\/wp\/v2\/media\/22302"}],"wp:attachment":[{"href":"https:\/\/avesaguiar.ch\/es\/wp-json\/wp\/v2\/media?parent=26486"}],"wp:term":[{"taxonomy":"product_brand","embeddable":true,"href":"https:\/\/avesaguiar.ch\/es\/wp-json\/wp\/v2\/product_brand?post=26486"},{"taxonomy":"product_cat","embeddable":true,"href":"https:\/\/avesaguiar.ch\/es\/wp-json\/wp\/v2\/product_cat?post=26486"},{"taxonomy":"product_tag","embeddable":true,"href":"https:\/\/avesaguiar.ch\/es\/wp-json\/wp\/v2\/product_tag?post=26486"}],"curies":[{"name":"wp","href":"https:\/\/api.w.org\/{rel}","templated":true}]}}