{"id":26497,"date":"2025-11-23T15:04:53","date_gmt":"2025-11-23T15:04:53","guid":{"rendered":"https:\/\/avesaguiar.ch\/produit\/beyers-olympia-48-cria-y-pichones-sin-maiz-25-kg\/"},"modified":"2025-11-23T15:04:53","modified_gmt":"2025-11-23T15:04:53","slug":"beyers-olympia-48-cria-y-pichones-sin-maiz-25-kg","status":"publish","type":"product","link":"https:\/\/avesaguiar.ch\/es\/produit\/beyers-olympia-48-cria-y-pichones-sin-maiz-25-kg\/","title":{"rendered":"Beyers-Olympia 48 &#8211; Cr\u00eda y pichones (sin ma\u00edz) 25 kg"},"content":{"rendered":"<div class=\"grid_100\">\n<h2>Olympia 48 &#8211; Cr\u00eda y pichones (sin ma\u00edz) &#8211; 25 kg<\/h2>\n<ul>\n<li>Mezcla de alta calidad, sin ma\u00edz, para la cr\u00eda de palomas y pichones, con adici\u00f3n de sorgo rojo y dari para un mayor contenido prote\u00ednico que el ma\u00edz.<\/li>\n<li>El 38,5% de leguminosas (dunpeas, guisantes verdes, vezas, guisantes amarillos y guisantes de invierno) garantizan el equilibrio adecuado de prote\u00ednas que tus palomas necesitan durante el periodo de cr\u00eda.<\/li>\n<li>Ideal para criar y desarrollar pichones.<\/li>\n<\/ul>\n<div class=\"\">\n<div class=\"\">\n<h2>Composici\u00f3n<\/h2>\n<div class=\"\">\n<p>Trigo blanco &#8211; sorgo rojo &#8211; dari &#8211; dunpeas &#8211; vezas &#8211; guisantes verdes &#8211; cardi &#8211; guisantes amarillos &#8211; lino &#8211; girasoles rayados &#8211; guisantes de invierno &#8211; colza<\/p>\n<\/div>\n<\/div>\n<\/div>\n<div class=\"\">\n<div class=\"\">\n<h2>Componentes anal\u00edticos<\/h2>\n<div class=\"\">\n<p>Hidratos de carbono 53,86% &#8211; prote\u00edna bruta 16,00% &#8211; fibra bruta 5,84% &#8211; grasa bruta 5,01% &#8211; ceniza bruta 2,26% &#8211; lisina 0,76% &#8211; f\u00f3sforo 0,32% &#8211; metionina 0,18% &#8211; calcio 0,12%.<\/p>\n<\/div>\n<\/div>\n<\/div>\n<p>&nbsp;<\/p>\n<\/div>\n<div class=\"grid_100\">\n<div class=\"grid_50 galerij\">\n<div class=\"product_foto\">\n<div class=\"product_foto_kader\">\n<div class=\"\">\n<div id=\"slides\">\n<div class=\"slidesjs-container\"><\/div>\n<\/div>\n<\/div>\n<\/div>\n<\/div>\n<\/div>\n<\/div>\n","protected":false},"excerpt":{"rendered":"<p>Olympia 48 &#8211; Cr\u00eda y pichones (sin ma\u00edz) &#8211; 25 kg Mezcla de alta calidad, sin ma\u00edz, para la cr\u00eda de palomas y pichones, con adici\u00f3n de sorgo rojo y dari para un mayor contenido prote\u00ednico que el ma\u00edz. El 38,5% de leguminosas (dunpeas, guisantes verdes, vezas, guisantes amarillos y guisantes de invierno) garantizan el [&hellip;]<\/p>\n","protected":false},"featured_media":25987,"comment_status":"open","ping_status":"closed","template":"","meta":[],"product_brand":[182],"product_cat":[235],"product_tag":[],"class_list":{"0":"post-26497","1":"product","2":"type-product","3":"status-publish","4":"has-post-thumbnail","6":"product_brand-beyers","7":"product_cat-fuente-de-alimentacion","8":"product_shipping_class-postpac-economia-30kg","11":"first","12":"instock","13":"sale","14":"shipping-taxable","15":"purchasable","16":"product-type-simple"},"jetpack_sharing_enabled":true,"_links":{"self":[{"href":"https:\/\/avesaguiar.ch\/es\/wp-json\/wp\/v2\/product\/26497","targetHints":{"allow":["GET"]}}],"collection":[{"href":"https:\/\/avesaguiar.ch\/es\/wp-json\/wp\/v2\/product"}],"about":[{"href":"https:\/\/avesaguiar.ch\/es\/wp-json\/wp\/v2\/types\/product"}],"replies":[{"embeddable":true,"href":"https:\/\/avesaguiar.ch\/es\/wp-json\/wp\/v2\/comments?post=26497"}],"wp:featuredmedia":[{"embeddable":true,"href":"https:\/\/avesaguiar.ch\/es\/wp-json\/wp\/v2\/media\/25987"}],"wp:attachment":[{"href":"https:\/\/avesaguiar.ch\/es\/wp-json\/wp\/v2\/media?parent=26497"}],"wp:term":[{"taxonomy":"product_brand","embeddable":true,"href":"https:\/\/avesaguiar.ch\/es\/wp-json\/wp\/v2\/product_brand?post=26497"},{"taxonomy":"product_cat","embeddable":true,"href":"https:\/\/avesaguiar.ch\/es\/wp-json\/wp\/v2\/product_cat?post=26497"},{"taxonomy":"product_tag","embeddable":true,"href":"https:\/\/avesaguiar.ch\/es\/wp-json\/wp\/v2\/product_tag?post=26497"}],"curies":[{"name":"wp","href":"https:\/\/api.w.org\/{rel}","templated":true}]}}