{"id":26498,"date":"2025-03-23T15:50:38","date_gmt":"2025-03-23T15:50:38","guid":{"rendered":"https:\/\/avesaguiar.ch\/produit\/cama-de-diseno-rectangular-a-cuadros-tartan\/"},"modified":"2025-03-23T15:50:38","modified_gmt":"2025-03-23T15:50:38","slug":"cama-de-diseno-rectangular-a-cuadros-tartan","status":"publish","type":"product","link":"https:\/\/avesaguiar.ch\/es\/produit\/cama-de-diseno-rectangular-a-cuadros-tartan\/","title":{"rendered":"Cama de dise\u00f1o rectangular a cuadros tart\u00e1n"},"content":{"rendered":"<p>C\u00f3moda cama para perros y gatos, forma rectangular, tejido de canap\u00e9s, acolchado de poli\u00e9ster suave y pr\u00e1ctico.<\/p>\n<p>El estampado de tart\u00e1n rojo a juego con el tejido gris lo hace ideal para decorar la casa con estilo. La almohada interior tiene una funda extra\u00edble y tambi\u00e9n se puede lavar en la lavadora a 30 grados. <\/p>\n<p>Tama\u00f1o &#8211; 61 x 46 x 20 cm<\/p>\n","protected":false},"excerpt":{"rendered":"<p>C\u00f3moda cama para perros y gatos, forma rectangular, tejido de canap\u00e9s, acolchado de poli\u00e9ster suave y pr\u00e1ctico. El estampado de tart\u00e1n rojo a juego con el tejido gris lo hace ideal para decorar la casa con estilo. La almohada interior tiene una funda extra\u00edble y tambi\u00e9n se puede lavar en la lavadora a 30 grados. [&hellip;]<\/p>\n","protected":false},"featured_media":25527,"comment_status":"open","ping_status":"closed","template":"","meta":[],"product_brand":[187],"product_cat":[260,259,258],"product_tag":[],"class_list":{"0":"post-26498","1":"product","2":"type-product","3":"status-publish","4":"has-post-thumbnail","6":"product_brand-kinlys","7":"product_cat-accesorios","8":"product_cat-camasmantas","9":"product_cat-perro","10":"product_shipping_class-postpac-economia-10kg","13":"first","14":"instock","15":"shipping-taxable","16":"purchasable","17":"product-type-simple"},"jetpack_sharing_enabled":true,"_links":{"self":[{"href":"https:\/\/avesaguiar.ch\/es\/wp-json\/wp\/v2\/product\/26498","targetHints":{"allow":["GET"]}}],"collection":[{"href":"https:\/\/avesaguiar.ch\/es\/wp-json\/wp\/v2\/product"}],"about":[{"href":"https:\/\/avesaguiar.ch\/es\/wp-json\/wp\/v2\/types\/product"}],"replies":[{"embeddable":true,"href":"https:\/\/avesaguiar.ch\/es\/wp-json\/wp\/v2\/comments?post=26498"}],"wp:featuredmedia":[{"embeddable":true,"href":"https:\/\/avesaguiar.ch\/es\/wp-json\/wp\/v2\/media\/25527"}],"wp:attachment":[{"href":"https:\/\/avesaguiar.ch\/es\/wp-json\/wp\/v2\/media?parent=26498"}],"wp:term":[{"taxonomy":"product_brand","embeddable":true,"href":"https:\/\/avesaguiar.ch\/es\/wp-json\/wp\/v2\/product_brand?post=26498"},{"taxonomy":"product_cat","embeddable":true,"href":"https:\/\/avesaguiar.ch\/es\/wp-json\/wp\/v2\/product_cat?post=26498"},{"taxonomy":"product_tag","embeddable":true,"href":"https:\/\/avesaguiar.ch\/es\/wp-json\/wp\/v2\/product_tag?post=26498"}],"curies":[{"name":"wp","href":"https:\/\/api.w.org\/{rel}","templated":true}]}}