{"id":26510,"date":"2025-03-23T16:17:26","date_gmt":"2025-03-23T16:17:26","guid":{"rendered":"https:\/\/avesaguiar.ch\/produit\/cesta-de-plastico-ergonomica-2\/"},"modified":"2025-03-23T16:17:26","modified_gmt":"2025-03-23T16:17:26","slug":"cesta-de-plastico-ergonomica-2","status":"publish","type":"product","link":"https:\/\/avesaguiar.ch\/es\/produit\/cesta-de-plastico-ergonomica-2\/","title":{"rendered":"Cesta de pl\u00e1stico ergon\u00f3mica"},"content":{"rendered":"<p>Cama de pl\u00e1stico ergon\u00f3mica y ecol\u00f3gica para perros<\/p>\n<p>La cesta Morfeo est\u00e1 fabricada con pl\u00e1stico reciclado, por lo que es muy respetuosa con el medio ambiente.<\/p>\n<p>Las botellas de PET que acaban como residuos tras su consumo se recogen y se transforman cuidadosamente en pl\u00e1stico regenerado para nuevas aplicaciones, como esta cesta para perros. Puedes reconocer los productos ecol\u00f3gicos . <\/p>\n<p>La cesta Morfeo es ergon\u00f3mica, resistente y duradera. La cesta oval irradia clase y elegancia. <\/p>\n<p>El fondo de la cesta est\u00e1 perforado para una ventilaci\u00f3n \u00f3ptima del coj\u00edn o la manta.<\/p>\n<p>Gracias a las patas de goma antideslizantes, la cesta se mantiene perfectamente en su sitio y el suelo queda protegido.<\/p>\n<p>Dimensiones-56x68x25cm \/ 66x80x25cm \/ 78x96x27cm<\/p>\n<h1><\/h1>\n<h1><\/h1>\n<h1><\/h1>\n<p>&nbsp;<\/p>\n","protected":false},"excerpt":{"rendered":"<p>Cama de pl\u00e1stico ergon\u00f3mica y ecol\u00f3gica para perros La cesta Morfeo est\u00e1 fabricada con pl\u00e1stico reciclado, por lo que es muy respetuosa con el medio ambiente. Las botellas de PET que acaban como residuos tras su consumo se recogen y se transforman cuidadosamente en pl\u00e1stico regenerado para nuevas aplicaciones, como esta cesta para perros. Puedes [&hellip;]<\/p>\n","protected":false},"featured_media":25558,"comment_status":"open","ping_status":"closed","template":"","meta":[],"product_brand":[187],"product_cat":[260,259,258],"product_tag":[],"class_list":{"0":"post-26510","1":"product","2":"type-product","3":"status-publish","4":"has-post-thumbnail","6":"product_brand-kinlys","7":"product_cat-accesorios","8":"product_cat-camasmantas","9":"product_cat-perro","12":"first","13":"instock","14":"shipping-taxable","15":"purchasable","16":"product-type-variable"},"jetpack_sharing_enabled":true,"_links":{"self":[{"href":"https:\/\/avesaguiar.ch\/es\/wp-json\/wp\/v2\/product\/26510","targetHints":{"allow":["GET"]}}],"collection":[{"href":"https:\/\/avesaguiar.ch\/es\/wp-json\/wp\/v2\/product"}],"about":[{"href":"https:\/\/avesaguiar.ch\/es\/wp-json\/wp\/v2\/types\/product"}],"replies":[{"embeddable":true,"href":"https:\/\/avesaguiar.ch\/es\/wp-json\/wp\/v2\/comments?post=26510"}],"wp:featuredmedia":[{"embeddable":true,"href":"https:\/\/avesaguiar.ch\/es\/wp-json\/wp\/v2\/media\/25558"}],"wp:attachment":[{"href":"https:\/\/avesaguiar.ch\/es\/wp-json\/wp\/v2\/media?parent=26510"}],"wp:term":[{"taxonomy":"product_brand","embeddable":true,"href":"https:\/\/avesaguiar.ch\/es\/wp-json\/wp\/v2\/product_brand?post=26510"},{"taxonomy":"product_cat","embeddable":true,"href":"https:\/\/avesaguiar.ch\/es\/wp-json\/wp\/v2\/product_cat?post=26510"},{"taxonomy":"product_tag","embeddable":true,"href":"https:\/\/avesaguiar.ch\/es\/wp-json\/wp\/v2\/product_tag?post=26510"}],"curies":[{"name":"wp","href":"https:\/\/api.w.org\/{rel}","templated":true}]}}