{"id":26534,"date":"2025-03-23T20:01:09","date_gmt":"2025-03-23T20:01:09","guid":{"rendered":"https:\/\/avesaguiar.ch\/produit\/abrigo-impermeable-gris-montreal\/"},"modified":"2025-03-23T20:01:09","modified_gmt":"2025-03-23T20:01:09","slug":"abrigo-impermeable-gris-montreal","status":"publish","type":"product","link":"https:\/\/avesaguiar.ch\/es\/produit\/abrigo-impermeable-gris-montreal\/","title":{"rendered":"ABRIGO IMPERMEABLE GRIS MONTREAL"},"content":{"rendered":"<p>Pr\u00e1ctico macuto de poli\u00e9ster con acolchado de vell\u00f3n y pinza de bot\u00f3n desmontable.<\/p>\n<p>Esto lo hace perfecto para todas las estaciones. Con orificio para la correa, patas traseras el\u00e1sticas y cierre de velcro ajustable. <\/p>\n<p>C\u00f3modo de llevar, de estilo cl\u00e1sico! Color gris.<\/p>\n<p>medidas espalda 80 cm<\/p>\n<p>Para elegir la talla correcta de camiseta, chubasquero o abrigo para perros, tienes que medir la distancia entre la cruz y la cola a lo largo de la espalda de tu perro, o la distancia en cent\u00edmetros entre el cuello y la cola del perro.<\/p>\n<p>Ejemplo: el lomo de mi perro mide 35 cm y el abrigo que quiero comprar est\u00e1 empaquetado en las tallas 34 cm y 38 cm: tendr\u00e9 que pedir la talla 38, para que el abrigo le quede bien a mi perro, ya que la 34 le quedar\u00eda peque\u00f1a.<\/p>\n","protected":false},"excerpt":{"rendered":"<p>Pr\u00e1ctico macuto de poli\u00e9ster con acolchado de vell\u00f3n y pinza de bot\u00f3n desmontable. Esto lo hace perfecto para todas las estaciones. Con orificio para la correa, patas traseras el\u00e1sticas y cierre de velcro ajustable. C\u00f3modo de llevar, de estilo cl\u00e1sico! Color gris. medidas espalda 80 cm Para elegir la talla correcta de camiseta, chubasquero o [&hellip;]<\/p>\n","protected":false},"featured_media":25582,"comment_status":"open","ping_status":"closed","template":"","meta":[],"product_brand":[187],"product_cat":[260,258],"product_tag":[],"class_list":{"0":"post-26534","1":"product","2":"type-product","3":"status-publish","4":"has-post-thumbnail","6":"product_brand-kinlys","7":"product_cat-accesorios","8":"product_cat-perro","9":"product_shipping_class-postpac-economia-900g","12":"first","13":"instock","14":"shipping-taxable","15":"purchasable","16":"product-type-simple"},"jetpack_sharing_enabled":true,"_links":{"self":[{"href":"https:\/\/avesaguiar.ch\/es\/wp-json\/wp\/v2\/product\/26534","targetHints":{"allow":["GET"]}}],"collection":[{"href":"https:\/\/avesaguiar.ch\/es\/wp-json\/wp\/v2\/product"}],"about":[{"href":"https:\/\/avesaguiar.ch\/es\/wp-json\/wp\/v2\/types\/product"}],"replies":[{"embeddable":true,"href":"https:\/\/avesaguiar.ch\/es\/wp-json\/wp\/v2\/comments?post=26534"}],"wp:featuredmedia":[{"embeddable":true,"href":"https:\/\/avesaguiar.ch\/es\/wp-json\/wp\/v2\/media\/25582"}],"wp:attachment":[{"href":"https:\/\/avesaguiar.ch\/es\/wp-json\/wp\/v2\/media?parent=26534"}],"wp:term":[{"taxonomy":"product_brand","embeddable":true,"href":"https:\/\/avesaguiar.ch\/es\/wp-json\/wp\/v2\/product_brand?post=26534"},{"taxonomy":"product_cat","embeddable":true,"href":"https:\/\/avesaguiar.ch\/es\/wp-json\/wp\/v2\/product_cat?post=26534"},{"taxonomy":"product_tag","embeddable":true,"href":"https:\/\/avesaguiar.ch\/es\/wp-json\/wp\/v2\/product_tag?post=26534"}],"curies":[{"name":"wp","href":"https:\/\/api.w.org\/{rel}","templated":true}]}}