{"id":26537,"date":"2025-03-23T19:57:14","date_gmt":"2025-03-23T19:57:14","guid":{"rendered":"https:\/\/avesaguiar.ch\/produit\/andes-abrigo-para-perro-25-cm\/"},"modified":"2025-03-23T19:57:14","modified_gmt":"2025-03-23T19:57:14","slug":"andes-abrigo-para-perro-25-cm","status":"publish","type":"product","link":"https:\/\/avesaguiar.ch\/es\/produit\/andes-abrigo-para-perro-25-cm\/","title":{"rendered":"ANDES abrigo para perro 25 cm"},"content":{"rendered":"<p>Chaqueta con orificio para correa el\u00e1stica en la entrepierna, ajustable con velcro, correa el\u00e1stica.<\/p>\n<p>Tama\u00f1o: 25 cm<\/p>\n<p>\u00bfC\u00f3mo elegir la talla de abrigo adecuada para tu perro?<\/p>\n<p>Para elegir la talla correcta de camiseta, chubasquero o abrigo para perros, tienes que medir la distancia entre la cruz y la cola a lo largo de la espalda de tu perro, o la distancia en cent\u00edmetros entre el cuello y la cola del perro.<\/p>\n<p>Ejemplo: el lomo de mi perro mide 35 cm y el abrigo que quiero comprar est\u00e1 empaquetado en las tallas 34 cm y 38 cm: tendr\u00e9 que pedir la talla 38, para que el abrigo le quede bien a mi perro, ya que la 34 le quedar\u00eda peque\u00f1a.<\/p>\n","protected":false},"excerpt":{"rendered":"<p>Chaqueta con orificio para correa el\u00e1stica en la entrepierna, ajustable con velcro, correa el\u00e1stica. Tama\u00f1o: 25 cm \u00bfC\u00f3mo elegir la talla de abrigo adecuada para tu perro? Para elegir la talla correcta de camiseta, chubasquero o abrigo para perros, tienes que medir la distancia entre la cruz y la cola a lo largo de la [&hellip;]<\/p>\n","protected":false},"featured_media":25576,"comment_status":"open","ping_status":"closed","template":"","meta":[],"product_brand":[187],"product_cat":[260,258],"product_tag":[],"class_list":{"0":"post-26537","1":"product","2":"type-product","3":"status-publish","4":"has-post-thumbnail","6":"product_brand-kinlys","7":"product_cat-accesorios","8":"product_cat-perro","9":"product_shipping_class-postpac-economia-900g","12":"first","13":"instock","14":"shipping-taxable","15":"purchasable","16":"product-type-simple"},"jetpack_sharing_enabled":true,"_links":{"self":[{"href":"https:\/\/avesaguiar.ch\/es\/wp-json\/wp\/v2\/product\/26537","targetHints":{"allow":["GET"]}}],"collection":[{"href":"https:\/\/avesaguiar.ch\/es\/wp-json\/wp\/v2\/product"}],"about":[{"href":"https:\/\/avesaguiar.ch\/es\/wp-json\/wp\/v2\/types\/product"}],"replies":[{"embeddable":true,"href":"https:\/\/avesaguiar.ch\/es\/wp-json\/wp\/v2\/comments?post=26537"}],"wp:featuredmedia":[{"embeddable":true,"href":"https:\/\/avesaguiar.ch\/es\/wp-json\/wp\/v2\/media\/25576"}],"wp:attachment":[{"href":"https:\/\/avesaguiar.ch\/es\/wp-json\/wp\/v2\/media?parent=26537"}],"wp:term":[{"taxonomy":"product_brand","embeddable":true,"href":"https:\/\/avesaguiar.ch\/es\/wp-json\/wp\/v2\/product_brand?post=26537"},{"taxonomy":"product_cat","embeddable":true,"href":"https:\/\/avesaguiar.ch\/es\/wp-json\/wp\/v2\/product_cat?post=26537"},{"taxonomy":"product_tag","embeddable":true,"href":"https:\/\/avesaguiar.ch\/es\/wp-json\/wp\/v2\/product_tag?post=26537"}],"curies":[{"name":"wp","href":"https:\/\/api.w.org\/{rel}","templated":true}]}}