{"id":26543,"date":"2025-03-23T20:03:58","date_gmt":"2025-03-23T20:03:58","guid":{"rendered":"https:\/\/avesaguiar.ch\/produit\/abrigo-impermeable-de-senderismo-para-perros\/"},"modified":"2025-03-23T20:03:58","modified_gmt":"2025-03-23T20:03:58","slug":"abrigo-impermeable-de-senderismo-para-perros","status":"publish","type":"product","link":"https:\/\/avesaguiar.ch\/es\/produit\/abrigo-impermeable-de-senderismo-para-perros\/","title":{"rendered":"Abrigo impermeable de senderismo para perros"},"content":{"rendered":"<p>Abrigo impermeable para perros de excursi\u00f3n<\/p>\n<p>Fabricado con tejido y tecnolog\u00eda transpirables<\/p>\n<p>Pr\u00e1ctico y duradero con lluvia y viento<\/p>\n<p>M\u00e1xima comodidad y correa de sujeci\u00f3n, velcro en el cuello y el vientre.<\/p>\n<p>Agujero del arn\u00e9s con revestimiento impermeable<\/p>\n<p>55-58cm rojo<\/p>\n<p>Para elegir la talla correcta de camiseta, chubasquero o abrigo para perros, tienes que medir la distancia entre la cruz y la cola a lo largo de la espalda de tu perro, o la distancia en cent\u00edmetros entre el cuello y la cola del perro.<\/p>\n<p>Ejemplo: el lomo de mi perro mide 35 cm y el abrigo que quiero comprar est\u00e1 empaquetado en las tallas 34 cm y 38 cm:<\/p>\n<p>Tendr\u00e9 que pedir una talla 38, para que el abrigo le quede bien a mi perro, ya que la 34 le quedar\u00eda peque\u00f1a.<\/p>\n","protected":false},"excerpt":{"rendered":"<p>Abrigo impermeable para perros de excursi\u00f3n Fabricado con tejido y tecnolog\u00eda transpirables Pr\u00e1ctico y duradero con lluvia y viento M\u00e1xima comodidad y correa de sujeci\u00f3n, velcro en el cuello y el vientre. Agujero del arn\u00e9s con revestimiento impermeable 55-58cm rojo Para elegir la talla correcta de camiseta, chubasquero o abrigo para perros, tienes que medir [&hellip;]<\/p>\n","protected":false},"featured_media":25588,"comment_status":"open","ping_status":"closed","template":"","meta":[],"product_brand":[187],"product_cat":[260,258],"product_tag":[],"class_list":{"0":"post-26543","1":"product","2":"type-product","3":"status-publish","4":"has-post-thumbnail","6":"product_brand-kinlys","7":"product_cat-accesorios","8":"product_cat-perro","9":"product_shipping_class-postpac-economia-2kg","12":"first","13":"instock","14":"shipping-taxable","15":"purchasable","16":"product-type-simple"},"jetpack_sharing_enabled":true,"_links":{"self":[{"href":"https:\/\/avesaguiar.ch\/es\/wp-json\/wp\/v2\/product\/26543","targetHints":{"allow":["GET"]}}],"collection":[{"href":"https:\/\/avesaguiar.ch\/es\/wp-json\/wp\/v2\/product"}],"about":[{"href":"https:\/\/avesaguiar.ch\/es\/wp-json\/wp\/v2\/types\/product"}],"replies":[{"embeddable":true,"href":"https:\/\/avesaguiar.ch\/es\/wp-json\/wp\/v2\/comments?post=26543"}],"wp:featuredmedia":[{"embeddable":true,"href":"https:\/\/avesaguiar.ch\/es\/wp-json\/wp\/v2\/media\/25588"}],"wp:attachment":[{"href":"https:\/\/avesaguiar.ch\/es\/wp-json\/wp\/v2\/media?parent=26543"}],"wp:term":[{"taxonomy":"product_brand","embeddable":true,"href":"https:\/\/avesaguiar.ch\/es\/wp-json\/wp\/v2\/product_brand?post=26543"},{"taxonomy":"product_cat","embeddable":true,"href":"https:\/\/avesaguiar.ch\/es\/wp-json\/wp\/v2\/product_cat?post=26543"},{"taxonomy":"product_tag","embeddable":true,"href":"https:\/\/avesaguiar.ch\/es\/wp-json\/wp\/v2\/product_tag?post=26543"}],"curies":[{"name":"wp","href":"https:\/\/api.w.org\/{rel}","templated":true}]}}