{"id":26555,"date":"2025-03-23T20:22:59","date_gmt":"2025-03-23T20:22:59","guid":{"rendered":"https:\/\/avesaguiar.ch\/produit\/medallas-pequenas-varios-disenos\/"},"modified":"2025-03-23T20:22:59","modified_gmt":"2025-03-23T20:22:59","slug":"medallas-pequenas-varios-disenos","status":"publish","type":"product","link":"https:\/\/avesaguiar.ch\/es\/produit\/medallas-pequenas-varios-disenos\/","title":{"rendered":"Medallas Peque\u00f1as Varios Dise\u00f1os"},"content":{"rendered":"<p>Para perros alegres y vivarachos<\/p>\n<p>Divertidos, modernos, estramb\u00f3ticos, curiosos<\/p>\n<p>Temas variados<\/p>\n<p>Est\u00e1n hechos de micrometal fundido y material hipoalerg\u00e9nico.<\/p>\n","protected":false},"excerpt":{"rendered":"<p>Para perros alegres y vivarachos Divertidos, modernos, estramb\u00f3ticos, curiosos Temas variados Est\u00e1n hechos de micrometal fundido y material hipoalerg\u00e9nico.<\/p>\n","protected":false},"featured_media":25617,"comment_status":"open","ping_status":"closed","template":"","meta":[],"product_brand":[187],"product_cat":[260,258],"product_tag":[],"class_list":{"0":"post-26555","1":"product","2":"type-product","3":"status-publish","4":"has-post-thumbnail","6":"product_brand-kinlys","7":"product_cat-accesorios","8":"product_cat-perro","9":"product_shipping_class-postpac-economia-900g","12":"first","13":"instock","14":"shipping-taxable","15":"purchasable","16":"product-type-simple"},"jetpack_sharing_enabled":true,"_links":{"self":[{"href":"https:\/\/avesaguiar.ch\/es\/wp-json\/wp\/v2\/product\/26555","targetHints":{"allow":["GET"]}}],"collection":[{"href":"https:\/\/avesaguiar.ch\/es\/wp-json\/wp\/v2\/product"}],"about":[{"href":"https:\/\/avesaguiar.ch\/es\/wp-json\/wp\/v2\/types\/product"}],"replies":[{"embeddable":true,"href":"https:\/\/avesaguiar.ch\/es\/wp-json\/wp\/v2\/comments?post=26555"}],"wp:featuredmedia":[{"embeddable":true,"href":"https:\/\/avesaguiar.ch\/es\/wp-json\/wp\/v2\/media\/25617"}],"wp:attachment":[{"href":"https:\/\/avesaguiar.ch\/es\/wp-json\/wp\/v2\/media?parent=26555"}],"wp:term":[{"taxonomy":"product_brand","embeddable":true,"href":"https:\/\/avesaguiar.ch\/es\/wp-json\/wp\/v2\/product_brand?post=26555"},{"taxonomy":"product_cat","embeddable":true,"href":"https:\/\/avesaguiar.ch\/es\/wp-json\/wp\/v2\/product_cat?post=26555"},{"taxonomy":"product_tag","embeddable":true,"href":"https:\/\/avesaguiar.ch\/es\/wp-json\/wp\/v2\/product_tag?post=26555"}],"curies":[{"name":"wp","href":"https:\/\/api.w.org\/{rel}","templated":true}]}}