{"id":26561,"date":"2025-03-23T20:33:11","date_gmt":"2025-03-23T20:33:11","guid":{"rendered":"https:\/\/avesaguiar.ch\/produit\/bolsas-higienicas-para-recoger-extractos-caninos\/"},"modified":"2025-03-23T20:33:11","modified_gmt":"2025-03-23T20:33:11","slug":"bolsas-higienicas-para-recoger-extractos-caninos","status":"publish","type":"product","link":"https:\/\/avesaguiar.ch\/es\/produit\/bolsas-higienicas-para-recoger-extractos-caninos\/","title":{"rendered":"BOLSAS HIGI\u00c9NICAS PARA RECOGER EXTRACTOS CANINOS"},"content":{"rendered":"<p>Higi\u00e9nico &#8211; roleau con 20 bolsas para recoger los excrementos. \u00datil, higi\u00e9nico y resistente. Fabricado con un material especialmente dise\u00f1ado para la recogida de excrementos.  <\/p>\n<p>Para usar en paseos.<\/p>\n","protected":false},"excerpt":{"rendered":"<p>Higi\u00e9nico &#8211; roleau con 20 bolsas para recoger los excrementos. \u00datil, higi\u00e9nico y resistente. Fabricado con un material especialmente dise\u00f1ado para la recogida de excrementos. Para usar en paseos.<\/p>\n","protected":false},"featured_media":25635,"comment_status":"open","ping_status":"closed","template":"","meta":[],"product_brand":[187],"product_cat":[260,278,258],"product_tag":[],"class_list":{"0":"post-26561","1":"product","2":"type-product","3":"status-publish","4":"has-post-thumbnail","6":"product_brand-kinlys","7":"product_cat-accesorios","8":"product_cat-aseo-higiene","9":"product_cat-perro","10":"product_shipping_class-postpac-economia-900g","13":"first","14":"instock","15":"shipping-taxable","16":"purchasable","17":"product-type-simple"},"jetpack_sharing_enabled":true,"_links":{"self":[{"href":"https:\/\/avesaguiar.ch\/es\/wp-json\/wp\/v2\/product\/26561","targetHints":{"allow":["GET"]}}],"collection":[{"href":"https:\/\/avesaguiar.ch\/es\/wp-json\/wp\/v2\/product"}],"about":[{"href":"https:\/\/avesaguiar.ch\/es\/wp-json\/wp\/v2\/types\/product"}],"replies":[{"embeddable":true,"href":"https:\/\/avesaguiar.ch\/es\/wp-json\/wp\/v2\/comments?post=26561"}],"wp:featuredmedia":[{"embeddable":true,"href":"https:\/\/avesaguiar.ch\/es\/wp-json\/wp\/v2\/media\/25635"}],"wp:attachment":[{"href":"https:\/\/avesaguiar.ch\/es\/wp-json\/wp\/v2\/media?parent=26561"}],"wp:term":[{"taxonomy":"product_brand","embeddable":true,"href":"https:\/\/avesaguiar.ch\/es\/wp-json\/wp\/v2\/product_brand?post=26561"},{"taxonomy":"product_cat","embeddable":true,"href":"https:\/\/avesaguiar.ch\/es\/wp-json\/wp\/v2\/product_cat?post=26561"},{"taxonomy":"product_tag","embeddable":true,"href":"https:\/\/avesaguiar.ch\/es\/wp-json\/wp\/v2\/product_tag?post=26561"}],"curies":[{"name":"wp","href":"https:\/\/api.w.org\/{rel}","templated":true}]}}