{"id":26574,"date":"2025-03-23T20:47:18","date_gmt":"2025-03-23T20:47:18","guid":{"rendered":"https:\/\/avesaguiar.ch\/produit\/abrigo-de-punto-windsor\/"},"modified":"2025-03-23T20:47:18","modified_gmt":"2025-03-23T20:47:18","slug":"abrigo-de-punto-windsor","status":"publish","type":"product","link":"https:\/\/avesaguiar.ch\/es\/produit\/abrigo-de-punto-windsor\/","title":{"rendered":"Abrigo de punto Windsor"},"content":{"rendered":"<p>El jersey de punto Windsor para perros es una prenda sencilla y elegante, ideal para el d\u00eda a d\u00eda. El dise\u00f1o es fiel al estilo ingl\u00e9s, por lo que tu peludo amigo ir\u00e1 abrigado sin tener que dejar de ir a la moda. El tejido es muy el\u00e1stico y se adapta perfectamente al cuerpo de tu mascota, permitiendo un movimiento natural sin molestias.  <\/p>\n<p>Esta camiseta para perro incluye un collar para proteger la garganta incluso en los d\u00edas m\u00e1s fr\u00edos. Est\u00e1 confeccionada con un tejido supersuave de alta calidad para ofrecer a tu perro la m\u00e1xima comodidad. Imprescindible en su armario, es tan c\u00f3moda y calentita que acabar\u00e1 llev\u00e1ndola incluso en casa. Tiene un ojal para sujetar la correa y velcro en el cuello para ajustarla.   <\/p>\n<p>Material: 100% acr\u00edlico<\/p>\n<p>Para elegir la talla correcta de camiseta, chubasquero o abrigo para perros, tienes que medir la distancia entre la cruz y la cola a lo largo de la espalda de tu perro, o la distancia en cent\u00edmetros entre el cuello y la cola del perro.<\/p>\n<p>Ejemplo: el lomo de mi perro mide 35 cm y el abrigo que quiero comprar est\u00e1 empaquetado en las tallas 34 cm y 38 cm: tendr\u00e9 que pedir la talla 38, para que el abrigo le quede bien a mi perro, ya que la 34 le quedar\u00eda peque\u00f1a.<\/p>\n","protected":false},"excerpt":{"rendered":"<p>El jersey de punto Windsor para perros es una prenda sencilla y elegante, ideal para el d\u00eda a d\u00eda. El dise\u00f1o es fiel al estilo ingl\u00e9s, por lo que tu peludo amigo ir\u00e1 abrigado sin tener que dejar de ir a la moda. El tejido es muy el\u00e1stico y se adapta perfectamente al cuerpo de [&hellip;]<\/p>\n","protected":false},"featured_media":25658,"comment_status":"open","ping_status":"closed","template":"","meta":[],"product_brand":[187],"product_cat":[260,258],"product_tag":[],"class_list":{"0":"post-26574","1":"product","2":"type-product","3":"status-publish","4":"has-post-thumbnail","6":"product_brand-kinlys","7":"product_cat-accesorios","8":"product_cat-perro","9":"product_shipping_class-postpac-economia-900g","12":"first","13":"instock","14":"shipping-taxable","15":"purchasable","16":"product-type-simple"},"jetpack_sharing_enabled":true,"_links":{"self":[{"href":"https:\/\/avesaguiar.ch\/es\/wp-json\/wp\/v2\/product\/26574","targetHints":{"allow":["GET"]}}],"collection":[{"href":"https:\/\/avesaguiar.ch\/es\/wp-json\/wp\/v2\/product"}],"about":[{"href":"https:\/\/avesaguiar.ch\/es\/wp-json\/wp\/v2\/types\/product"}],"replies":[{"embeddable":true,"href":"https:\/\/avesaguiar.ch\/es\/wp-json\/wp\/v2\/comments?post=26574"}],"wp:featuredmedia":[{"embeddable":true,"href":"https:\/\/avesaguiar.ch\/es\/wp-json\/wp\/v2\/media\/25658"}],"wp:attachment":[{"href":"https:\/\/avesaguiar.ch\/es\/wp-json\/wp\/v2\/media?parent=26574"}],"wp:term":[{"taxonomy":"product_brand","embeddable":true,"href":"https:\/\/avesaguiar.ch\/es\/wp-json\/wp\/v2\/product_brand?post=26574"},{"taxonomy":"product_cat","embeddable":true,"href":"https:\/\/avesaguiar.ch\/es\/wp-json\/wp\/v2\/product_cat?post=26574"},{"taxonomy":"product_tag","embeddable":true,"href":"https:\/\/avesaguiar.ch\/es\/wp-json\/wp\/v2\/product_tag?post=26574"}],"curies":[{"name":"wp","href":"https:\/\/api.w.org\/{rel}","templated":true}]}}