{"id":26581,"date":"2025-03-23T15:46:47","date_gmt":"2025-03-23T15:46:47","guid":{"rendered":"https:\/\/avesaguiar.ch\/produit\/cama-refrigerada\/"},"modified":"2025-03-23T15:46:47","modified_gmt":"2025-03-23T15:46:47","slug":"cama-refrigerada","status":"publish","type":"product","link":"https:\/\/avesaguiar.ch\/es\/produit\/cama-refrigerada\/","title":{"rendered":"Cama refrigerada"},"content":{"rendered":"<h1>Colch\u00f3n refrigerante<\/h1>\n<ul>\n<li>ayuda a regular la temperatura corporal en los d\u00edas calurosos<\/li>\n<li>aspecto de nailon (poli\u00e9ster)<\/li>\n<li>efecto refrescante al contacto con el cuerpo<\/li>\n<li>funciona sin refrigeraci\u00f3n adicional, electricidad o agua<\/li>\n<li>se actualiza durante varias horas<\/li>\n<li>puede reutilizarse tras un breve periodo sin contacto<\/li>\n<li>tambi\u00e9n se puede utilizar en casetas para perros, camas o en el coche<\/li>\n<li>Se limpia f\u00e1cilmente<\/li>\n<li>75x80cm<\/li>\n<\/ul>\n","protected":false},"excerpt":{"rendered":"<p>Colch\u00f3n refrigerante ayuda a regular la temperatura corporal en los d\u00edas calurosos aspecto de nailon (poli\u00e9ster) efecto refrescante al contacto con el cuerpo funciona sin refrigeraci\u00f3n adicional, electricidad o agua se actualiza durante varias horas puede reutilizarse tras un breve periodo sin contacto tambi\u00e9n se puede utilizar en casetas para perros, camas o en el [&hellip;]<\/p>\n","protected":false},"featured_media":25521,"comment_status":"open","ping_status":"closed","template":"","meta":[],"product_brand":[187],"product_cat":[260,259,258],"product_tag":[],"class_list":{"0":"post-26581","1":"product","2":"type-product","3":"status-publish","4":"has-post-thumbnail","6":"product_brand-kinlys","7":"product_cat-accesorios","8":"product_cat-camasmantas","9":"product_cat-perro","10":"product_shipping_class-postpac-economia-2kg","13":"first","14":"instock","15":"shipping-taxable","16":"purchasable","17":"product-type-simple"},"jetpack_sharing_enabled":true,"_links":{"self":[{"href":"https:\/\/avesaguiar.ch\/es\/wp-json\/wp\/v2\/product\/26581","targetHints":{"allow":["GET"]}}],"collection":[{"href":"https:\/\/avesaguiar.ch\/es\/wp-json\/wp\/v2\/product"}],"about":[{"href":"https:\/\/avesaguiar.ch\/es\/wp-json\/wp\/v2\/types\/product"}],"replies":[{"embeddable":true,"href":"https:\/\/avesaguiar.ch\/es\/wp-json\/wp\/v2\/comments?post=26581"}],"wp:featuredmedia":[{"embeddable":true,"href":"https:\/\/avesaguiar.ch\/es\/wp-json\/wp\/v2\/media\/25521"}],"wp:attachment":[{"href":"https:\/\/avesaguiar.ch\/es\/wp-json\/wp\/v2\/media?parent=26581"}],"wp:term":[{"taxonomy":"product_brand","embeddable":true,"href":"https:\/\/avesaguiar.ch\/es\/wp-json\/wp\/v2\/product_brand?post=26581"},{"taxonomy":"product_cat","embeddable":true,"href":"https:\/\/avesaguiar.ch\/es\/wp-json\/wp\/v2\/product_cat?post=26581"},{"taxonomy":"product_tag","embeddable":true,"href":"https:\/\/avesaguiar.ch\/es\/wp-json\/wp\/v2\/product_tag?post=26581"}],"curies":[{"name":"wp","href":"https:\/\/api.w.org\/{rel}","templated":true}]}}