{"id":26584,"date":"2025-03-23T15:42:41","date_gmt":"2025-03-23T15:42:41","guid":{"rendered":"https:\/\/avesaguiar.ch\/produit\/correa-para-perros-de-nylon-y-polipiel\/"},"modified":"2025-03-23T15:42:41","modified_gmt":"2025-03-23T15:42:41","slug":"correa-para-perros-de-nylon-y-polipiel","status":"publish","type":"product","link":"https:\/\/avesaguiar.ch\/es\/produit\/correa-para-perros-de-nylon-y-polipiel\/","title":{"rendered":"Correa para perros de nylon y polipiel"},"content":{"rendered":"<p>Colores de moda en polipiel acolchada\/hebilla de nailon con clip.<\/p>\n<p>La superficie superior est\u00e1 hecha de un material colorido pero suave y flexible. La elegante imitaci\u00f3n de cuero con decoraci\u00f3n en relieve da a los collares un aspecto \u00fanico y elegante. <\/p>\n<p>La parte inferior est\u00e1 hecha de nailon con un suave acolchado interior, que da la sensaci\u00f3n de acolchado de los colls, los hace m\u00e1s c\u00f3modos y no causa desgaste en el pelaje ni en la piel del perro, por lo que son muy agradables de llevar.<\/p>\n<p>La hebilla de clip negra es ligera y resistente. R\u00e1pida y f\u00e1cil de poner. Anilla multifuncional plateada para sujetar la correa.  <\/p>\n<p><strong>Colores: Disponibles &#8211; Burdeos 3 Mostaza 2 Azul marino 1<\/strong><\/p>\n<p><u>Observa el color en los comentarios<\/u><\/p>\n<p>Tama\u00f1o: 120 cm x 20 mm<\/p>\n","protected":false},"excerpt":{"rendered":"<p>Colores de moda en polipiel acolchada\/hebilla de nailon con clip. La superficie superior est\u00e1 hecha de un material colorido pero suave y flexible. La elegante imitaci\u00f3n de cuero con decoraci\u00f3n en relieve da a los collares un aspecto \u00fanico y elegante. La parte inferior est\u00e1 hecha de nailon con un suave acolchado interior, que da [&hellip;]<\/p>\n","protected":false},"featured_media":25505,"comment_status":"open","ping_status":"closed","template":"","meta":[],"product_brand":[187],"product_cat":[260,258],"product_tag":[],"class_list":{"0":"post-26584","1":"product","2":"type-product","3":"status-publish","4":"has-post-thumbnail","6":"product_brand-kinlys","7":"product_cat-accesorios","8":"product_cat-perro","9":"product_shipping_class-postpac-economia-900g","12":"first","13":"instock","14":"shipping-taxable","15":"purchasable","16":"product-type-variable"},"jetpack_sharing_enabled":true,"_links":{"self":[{"href":"https:\/\/avesaguiar.ch\/es\/wp-json\/wp\/v2\/product\/26584","targetHints":{"allow":["GET"]}}],"collection":[{"href":"https:\/\/avesaguiar.ch\/es\/wp-json\/wp\/v2\/product"}],"about":[{"href":"https:\/\/avesaguiar.ch\/es\/wp-json\/wp\/v2\/types\/product"}],"replies":[{"embeddable":true,"href":"https:\/\/avesaguiar.ch\/es\/wp-json\/wp\/v2\/comments?post=26584"}],"wp:featuredmedia":[{"embeddable":true,"href":"https:\/\/avesaguiar.ch\/es\/wp-json\/wp\/v2\/media\/25505"}],"wp:attachment":[{"href":"https:\/\/avesaguiar.ch\/es\/wp-json\/wp\/v2\/media?parent=26584"}],"wp:term":[{"taxonomy":"product_brand","embeddable":true,"href":"https:\/\/avesaguiar.ch\/es\/wp-json\/wp\/v2\/product_brand?post=26584"},{"taxonomy":"product_cat","embeddable":true,"href":"https:\/\/avesaguiar.ch\/es\/wp-json\/wp\/v2\/product_cat?post=26584"},{"taxonomy":"product_tag","embeddable":true,"href":"https:\/\/avesaguiar.ch\/es\/wp-json\/wp\/v2\/product_tag?post=26584"}],"curies":[{"name":"wp","href":"https:\/\/api.w.org\/{rel}","templated":true}]}}