{"id":26631,"date":"2025-03-01T19:54:42","date_gmt":"2025-03-01T19:54:42","guid":{"rendered":"https:\/\/avesaguiar.ch\/produit\/comedero-colgante-universal-18x22cm\/"},"modified":"2025-03-01T19:54:42","modified_gmt":"2025-03-01T19:54:42","slug":"comedero-colgante-universal-18x22cm","status":"publish","type":"product","link":"https:\/\/avesaguiar.ch\/es\/produit\/comedero-colgante-universal-18x22cm\/","title":{"rendered":"Comedero colgante universal 18x22cm"},"content":{"rendered":"<p>Comedero universal de pl\u00e1stico con capacidad de un litro para pajareras.<\/p>\n<p>Gracias al techo abovedado, los excrementos no pueden entrar en contacto con la comida.<\/p>\n<p>F\u00e1cil de llenar: el llenado se realiza f\u00e1cilmente desenganchando las secciones superior e inferior y, a continuaci\u00f3n, dando la vuelta al comedero.<\/p>\n<p>F\u00e1cil de colocar: directamente en el suelo o suspendido mediante el anillo de suspensi\u00f3n integrado.<\/p>\n<p>Dimensiones: 18 x 22 cm.<\/p>\n","protected":false},"excerpt":{"rendered":"<p>Comedero universal de pl\u00e1stico con capacidad de un litro para pajareras. Gracias al techo abovedado, los excrementos no pueden entrar en contacto con la comida. F\u00e1cil de llenar: el llenado se realiza f\u00e1cilmente desenganchando las secciones superior e inferior y, a continuaci\u00f3n, dando la vuelta al comedero. F\u00e1cil de colocar: directamente en el suelo o [&hellip;]<\/p>\n","protected":false},"featured_media":24730,"comment_status":"open","ping_status":"closed","template":"","meta":[],"product_brand":[187],"product_cat":[282,250],"product_tag":[],"class_list":{"0":"post-26631","1":"product","2":"type-product","3":"status-publish","4":"has-post-thumbnail","6":"product_brand-kinlys","7":"product_cat-accesorios-3","8":"product_cat-pajaros","9":"product_shipping_class-postpac-economia-900g","12":"first","13":"instock","14":"shipping-taxable","15":"purchasable","16":"product-type-simple"},"jetpack_sharing_enabled":true,"_links":{"self":[{"href":"https:\/\/avesaguiar.ch\/es\/wp-json\/wp\/v2\/product\/26631","targetHints":{"allow":["GET"]}}],"collection":[{"href":"https:\/\/avesaguiar.ch\/es\/wp-json\/wp\/v2\/product"}],"about":[{"href":"https:\/\/avesaguiar.ch\/es\/wp-json\/wp\/v2\/types\/product"}],"replies":[{"embeddable":true,"href":"https:\/\/avesaguiar.ch\/es\/wp-json\/wp\/v2\/comments?post=26631"}],"wp:featuredmedia":[{"embeddable":true,"href":"https:\/\/avesaguiar.ch\/es\/wp-json\/wp\/v2\/media\/24730"}],"wp:attachment":[{"href":"https:\/\/avesaguiar.ch\/es\/wp-json\/wp\/v2\/media?parent=26631"}],"wp:term":[{"taxonomy":"product_brand","embeddable":true,"href":"https:\/\/avesaguiar.ch\/es\/wp-json\/wp\/v2\/product_brand?post=26631"},{"taxonomy":"product_cat","embeddable":true,"href":"https:\/\/avesaguiar.ch\/es\/wp-json\/wp\/v2\/product_cat?post=26631"},{"taxonomy":"product_tag","embeddable":true,"href":"https:\/\/avesaguiar.ch\/es\/wp-json\/wp\/v2\/product_tag?post=26631"}],"curies":[{"name":"wp","href":"https:\/\/api.w.org\/{rel}","templated":true}]}}