{"id":26633,"date":"2025-03-01T19:45:54","date_gmt":"2025-03-01T19:45:54","guid":{"rendered":"https:\/\/avesaguiar.ch\/produit\/comedero-redondo-grande-anilla\/"},"modified":"2025-03-01T19:45:54","modified_gmt":"2025-03-01T19:45:54","slug":"comedero-redondo-grande-anilla","status":"publish","type":"product","link":"https:\/\/avesaguiar.ch\/es\/produit\/comedero-redondo-grande-anilla\/","title":{"rendered":"Comedero redondo grande + anilla"},"content":{"rendered":"<p>Comedero Lusso P\u00e2t\u00e9e, redondo grande y peque\u00f1o<\/p>\n<p>&nbsp;<\/p>\n","protected":false},"excerpt":{"rendered":"<p>Comedero Lusso P\u00e2t\u00e9e, redondo grande y peque\u00f1o &nbsp;<\/p>\n","protected":false},"featured_media":24671,"comment_status":"open","ping_status":"closed","template":"","meta":[],"product_brand":[61],"product_cat":[282,250],"product_tag":[],"class_list":{"0":"post-26633","1":"product","2":"type-product","3":"status-publish","4":"has-post-thumbnail","6":"product_brand-2gr","7":"product_cat-accesorios-3","8":"product_cat-pajaros","9":"product_shipping_class-postpac-economia-900g","12":"first","13":"outofstock","14":"shipping-taxable","15":"purchasable","16":"product-type-simple"},"jetpack_sharing_enabled":true,"_links":{"self":[{"href":"https:\/\/avesaguiar.ch\/es\/wp-json\/wp\/v2\/product\/26633","targetHints":{"allow":["GET"]}}],"collection":[{"href":"https:\/\/avesaguiar.ch\/es\/wp-json\/wp\/v2\/product"}],"about":[{"href":"https:\/\/avesaguiar.ch\/es\/wp-json\/wp\/v2\/types\/product"}],"replies":[{"embeddable":true,"href":"https:\/\/avesaguiar.ch\/es\/wp-json\/wp\/v2\/comments?post=26633"}],"wp:featuredmedia":[{"embeddable":true,"href":"https:\/\/avesaguiar.ch\/es\/wp-json\/wp\/v2\/media\/24671"}],"wp:attachment":[{"href":"https:\/\/avesaguiar.ch\/es\/wp-json\/wp\/v2\/media?parent=26633"}],"wp:term":[{"taxonomy":"product_brand","embeddable":true,"href":"https:\/\/avesaguiar.ch\/es\/wp-json\/wp\/v2\/product_brand?post=26633"},{"taxonomy":"product_cat","embeddable":true,"href":"https:\/\/avesaguiar.ch\/es\/wp-json\/wp\/v2\/product_cat?post=26633"},{"taxonomy":"product_tag","embeddable":true,"href":"https:\/\/avesaguiar.ch\/es\/wp-json\/wp\/v2\/product_tag?post=26633"}],"curies":[{"name":"wp","href":"https:\/\/api.w.org\/{rel}","templated":true}]}}