{"id":26727,"date":"2025-03-16T08:54:07","date_gmt":"2025-03-16T08:54:07","guid":{"rendered":"https:\/\/avesaguiar.ch\/produit\/percha-automatica-de-madera-30cm\/"},"modified":"2025-03-16T08:54:07","modified_gmt":"2025-03-16T08:54:07","slug":"percha-automatica-de-madera-30cm","status":"publish","type":"product","link":"https:\/\/avesaguiar.ch\/es\/produit\/percha-automatica-de-madera-30cm\/","title":{"rendered":"Percha autom\u00e1tica de madera 30cm"},"content":{"rendered":"<p>Percha de madera de 30 cm de largo.<\/p>\n<p>Para fijar entre los barrotes verticales de la jaula.<\/p>\n<p>Tama\u00f1o adecuado para entrenar a un p\u00e1jaro en una jaula de cr\u00eda.<\/p>\n","protected":false},"excerpt":{"rendered":"<p>Percha de madera de 30 cm de largo. Para fijar entre los barrotes verticales de la jaula. Tama\u00f1o adecuado para entrenar a un p\u00e1jaro en una jaula de cr\u00eda.<\/p>\n","protected":false},"featured_media":24891,"comment_status":"open","ping_status":"closed","template":"","meta":[],"product_brand":[187],"product_cat":[282,250],"product_tag":[],"class_list":{"0":"post-26727","1":"product","2":"type-product","3":"status-publish","4":"has-post-thumbnail","6":"product_brand-kinlys","7":"product_cat-accesorios-3","8":"product_cat-pajaros","9":"product_shipping_class-postpac-economia-900g","12":"first","13":"instock","14":"shipping-taxable","15":"purchasable","16":"product-type-simple"},"jetpack_sharing_enabled":true,"_links":{"self":[{"href":"https:\/\/avesaguiar.ch\/es\/wp-json\/wp\/v2\/product\/26727","targetHints":{"allow":["GET"]}}],"collection":[{"href":"https:\/\/avesaguiar.ch\/es\/wp-json\/wp\/v2\/product"}],"about":[{"href":"https:\/\/avesaguiar.ch\/es\/wp-json\/wp\/v2\/types\/product"}],"replies":[{"embeddable":true,"href":"https:\/\/avesaguiar.ch\/es\/wp-json\/wp\/v2\/comments?post=26727"}],"wp:featuredmedia":[{"embeddable":true,"href":"https:\/\/avesaguiar.ch\/es\/wp-json\/wp\/v2\/media\/24891"}],"wp:attachment":[{"href":"https:\/\/avesaguiar.ch\/es\/wp-json\/wp\/v2\/media?parent=26727"}],"wp:term":[{"taxonomy":"product_brand","embeddable":true,"href":"https:\/\/avesaguiar.ch\/es\/wp-json\/wp\/v2\/product_brand?post=26727"},{"taxonomy":"product_cat","embeddable":true,"href":"https:\/\/avesaguiar.ch\/es\/wp-json\/wp\/v2\/product_cat?post=26727"},{"taxonomy":"product_tag","embeddable":true,"href":"https:\/\/avesaguiar.ch\/es\/wp-json\/wp\/v2\/product_tag?post=26727"}],"curies":[{"name":"wp","href":"https:\/\/api.w.org\/{rel}","templated":true}]}}