{"id":26955,"date":"2025-03-16T14:57:55","date_gmt":"2025-03-16T14:57:55","guid":{"rendered":"https:\/\/avesaguiar.ch\/produit\/calentador-de-cubeta-de-20-cm-de-diametro\/"},"modified":"2025-03-16T14:57:55","modified_gmt":"2025-03-16T14:57:55","slug":"calentador-de-cubeta-de-20-cm-de-diametro","status":"publish","type":"product","link":"https:\/\/avesaguiar.ch\/es\/produit\/calentador-de-cubeta-de-20-cm-de-diametro\/","title":{"rendered":"Calentador de cubeta de 20 cm de di\u00e1metro"},"content":{"rendered":"<p>Calentador de bebederos dia. 20cm, 24V, 28W con adaptador 24VDC <\/p>\n<p>Es absolutamente esencial que tus gallinas dispongan de agua a la temperatura adecuada.<\/p>\n<p>Con este bebedero calefactado, puedes estar seguro de que el agua de tus gallinas no se congelar\u00e1 durante los periodos m\u00e1s fr\u00edos del invierno.<\/p>\n<p>Esta base de bebedero calefactada puede alojar cualquier tipo de bebedero de hasta 20 cm de di\u00e1metro.<\/p>\n<p>F\u00e1cil de usar, basta con enchufarlo a una toma de corriente exterior.<\/p>\n","protected":false},"excerpt":{"rendered":"<p>Calentador de bebederos dia. 20cm, 24V, 28W con adaptador 24VDC Es absolutamente esencial que tus gallinas dispongan de agua a la temperatura adecuada. Con este bebedero calefactado, puedes estar seguro de que el agua de tus gallinas no se congelar\u00e1 durante los periodos m\u00e1s fr\u00edos del invierno. Esta base de bebedero calefactada puede alojar cualquier [&hellip;]<\/p>\n","protected":false},"featured_media":25146,"comment_status":"open","ping_status":"closed","template":"","meta":[],"product_brand":[187],"product_cat":[294,287,286,255],"product_tag":[],"class_list":{"0":"post-26955","1":"product","2":"type-product","3":"status-publish","4":"has-post-thumbnail","6":"product_brand-kinlys","7":"product_cat-accesorios-5","8":"product_cat-accesorios-4","9":"product_cat-aves-de-corral","10":"product_cat-palomas","11":"product_shipping_class-postpac-economia-2kg","14":"first","15":"instock","16":"shipping-taxable","17":"purchasable","18":"product-type-simple"},"jetpack_sharing_enabled":true,"_links":{"self":[{"href":"https:\/\/avesaguiar.ch\/es\/wp-json\/wp\/v2\/product\/26955","targetHints":{"allow":["GET"]}}],"collection":[{"href":"https:\/\/avesaguiar.ch\/es\/wp-json\/wp\/v2\/product"}],"about":[{"href":"https:\/\/avesaguiar.ch\/es\/wp-json\/wp\/v2\/types\/product"}],"replies":[{"embeddable":true,"href":"https:\/\/avesaguiar.ch\/es\/wp-json\/wp\/v2\/comments?post=26955"}],"wp:featuredmedia":[{"embeddable":true,"href":"https:\/\/avesaguiar.ch\/es\/wp-json\/wp\/v2\/media\/25146"}],"wp:attachment":[{"href":"https:\/\/avesaguiar.ch\/es\/wp-json\/wp\/v2\/media?parent=26955"}],"wp:term":[{"taxonomy":"product_brand","embeddable":true,"href":"https:\/\/avesaguiar.ch\/es\/wp-json\/wp\/v2\/product_brand?post=26955"},{"taxonomy":"product_cat","embeddable":true,"href":"https:\/\/avesaguiar.ch\/es\/wp-json\/wp\/v2\/product_cat?post=26955"},{"taxonomy":"product_tag","embeddable":true,"href":"https:\/\/avesaguiar.ch\/es\/wp-json\/wp\/v2\/product_tag?post=26955"}],"curies":[{"name":"wp","href":"https:\/\/api.w.org\/{rel}","templated":true}]}}