{"id":26958,"date":"2025-03-16T14:51:59","date_gmt":"2025-03-16T14:51:59","guid":{"rendered":"https:\/\/avesaguiar.ch\/produit\/dimmer-estrella-de-oro-besser-elektronik\/"},"modified":"2025-03-16T14:51:59","modified_gmt":"2025-03-16T14:51:59","slug":"dimmer-estrella-de-oro-besser-elektronik","status":"publish","type":"product","link":"https:\/\/avesaguiar.ch\/es\/produit\/dimmer-estrella-de-oro-besser-elektronik\/","title":{"rendered":"Dimmer Estrella de Oro &#8211; Besser Elektronik"},"content":{"rendered":"<p>El regulador de intensidad <strong>Gold Star <\/strong>de<strong> Besser Elektronik<\/strong> recrea los ciclos del amanecer y el atardecer para las estancias ganaderas.<\/p>\n<p><strong>Mejora la reproducci\u00f3n y el comportamiento de las aves.<\/strong><\/p>\n<p>Caracter\u00edsticas:<\/p>\n<ul>\n<li>Ajuste del tiempo.<\/li>\n<li>Establecer el amanecer.<\/li>\n<li>Ajuste de la hora de acostarse.<\/li>\n<li>Ajuste de la luz nocturna.<\/li>\n<li>Variaci\u00f3n de la duraci\u00f3n.<\/li>\n<li>Ampliaci\u00f3n y reducci\u00f3n autom\u00e1tica de la jornada.<\/li>\n<li>Reloj digital<\/li>\n<li>Fotoc\u00e9lula para regular la luminosidad en la sala de cr\u00eda.<\/li>\n<li>Ampliaci\u00f3n y reducci\u00f3n autom\u00e1tica de las horas de iluminaci\u00f3n.<\/li>\n<li>Ajuste de la hora de salida\/puesta del sol de 2 a 60 minutos.<\/li>\n<li>Programaci\u00f3n sencilla.<\/li>\n<\/ul>\n<p>Fotoperiodo: El programador crea autom\u00e1ticamente una tabla para alargar o acortar las horas de iluminaci\u00f3n autom\u00e1tica.<br \/>\nInterruptor para la inspecci\u00f3n nocturna que crea una subida m\u00e1s r\u00e1pida de aproximadamente 1,5 min. y una puesta de sol posterior de 15 min.<br \/>\nBater\u00eda de reserva para realizar copias de seguridad de las funciones programadas en caso de fallo de alimentaci\u00f3n. <\/p>\n<p>La toma de ne\u00f3n puede conectarse a todo tipo de LED a 220 voltios, o a transformadores de encendido para l\u00e1mparas o LED a 12\/24 voltios.<\/p>\n<p><strong>Dimensiones del regulador:<\/strong><br \/>\nLongitud: 21cm<br \/>\nAltura: 6cm<br \/>\nAnchura: 10cm<\/p>\n<p>Fusibles de protecci\u00f3n.<\/p>\n<p>La diferencia entre GOLD y SUPER GOLD es la potencia de tiro en vatios.<\/p>\n<p>Potencia de ne\u00f3n (m\u00e1ximo 1000 W)<\/p>\n<p>Potencia para bombillas incandescentes (m\u00e1ximo 600 W)<\/p>\n<p><strong>Regulador de intensidad suministrado con cable italiano, debe utilizarse un adaptador universal (tienda de bricolaje)<\/strong><\/p>\n<p>Incluye instrucciones completas de funcionamiento y programaci\u00f3n en franc\u00e9s.<\/p>\n","protected":false},"excerpt":{"rendered":"<p>El regulador de intensidad Gold Star de Besser Elektronik recrea los ciclos del amanecer y el atardecer para las estancias ganaderas. Mejora la reproducci\u00f3n y el comportamiento de las aves. Caracter\u00edsticas: Ajuste del tiempo. Establecer el amanecer. Ajuste de la hora de acostarse. Ajuste de la luz nocturna. Variaci\u00f3n de la duraci\u00f3n. Ampliaci\u00f3n y reducci\u00f3n [&hellip;]<\/p>\n","protected":false},"featured_media":25135,"comment_status":"open","ping_status":"closed","template":"","meta":[],"product_brand":[202],"product_cat":[282,294,250,255],"product_tag":[],"class_list":{"0":"post-26958","1":"product","2":"type-product","3":"status-publish","4":"has-post-thumbnail","6":"product_brand-besser-elektronic","7":"product_cat-accesorios-3","8":"product_cat-accesorios-5","9":"product_cat-pajaros","10":"product_cat-palomas","13":"first","14":"outofstock","15":"shipping-taxable","16":"purchasable","17":"product-type-simple"},"jetpack_sharing_enabled":true,"_links":{"self":[{"href":"https:\/\/avesaguiar.ch\/es\/wp-json\/wp\/v2\/product\/26958","targetHints":{"allow":["GET"]}}],"collection":[{"href":"https:\/\/avesaguiar.ch\/es\/wp-json\/wp\/v2\/product"}],"about":[{"href":"https:\/\/avesaguiar.ch\/es\/wp-json\/wp\/v2\/types\/product"}],"replies":[{"embeddable":true,"href":"https:\/\/avesaguiar.ch\/es\/wp-json\/wp\/v2\/comments?post=26958"}],"wp:featuredmedia":[{"embeddable":true,"href":"https:\/\/avesaguiar.ch\/es\/wp-json\/wp\/v2\/media\/25135"}],"wp:attachment":[{"href":"https:\/\/avesaguiar.ch\/es\/wp-json\/wp\/v2\/media?parent=26958"}],"wp:term":[{"taxonomy":"product_brand","embeddable":true,"href":"https:\/\/avesaguiar.ch\/es\/wp-json\/wp\/v2\/product_brand?post=26958"},{"taxonomy":"product_cat","embeddable":true,"href":"https:\/\/avesaguiar.ch\/es\/wp-json\/wp\/v2\/product_cat?post=26958"},{"taxonomy":"product_tag","embeddable":true,"href":"https:\/\/avesaguiar.ch\/es\/wp-json\/wp\/v2\/product_tag?post=26958"}],"curies":[{"name":"wp","href":"https:\/\/api.w.org\/{rel}","templated":true}]}}