{"id":26975,"date":"2025-03-16T15:36:38","date_gmt":"2025-03-16T15:36:38","guid":{"rendered":"https:\/\/avesaguiar.ch\/produit\/bebedero-de-vacio-sin-bola-plus-50cc\/"},"modified":"2025-03-16T15:36:38","modified_gmt":"2025-03-16T15:36:38","slug":"bebedero-de-vacio-sin-bola-plus-50cc","status":"publish","type":"product","link":"https:\/\/avesaguiar.ch\/es\/produit\/bebedero-de-vacio-sin-bola-plus-50cc\/","title":{"rendered":"Bebedero de vac\u00edo sin bola Plus 50cc"},"content":{"rendered":"<div id=\"product-description-short-2021\" class=\"tvproduct-page-decs\">\n<p>Bebedero al vac\u00edo Plus de 50 ml sin bola, funciona en varias posiciones (vertical u horizontal).<\/p>\n<p>El agua fluye simplemente por gravedad. El bebedero est\u00e1 dise\u00f1ado para que el agua fluya en contacto con el pico del p\u00e1jaro. <\/p>\n<p>Higiene del agua potable m\u00e1s duradera.<\/p>\n<p><strong>Sum\u00e9rgelos en agua caliente durante 30 minutos antes de utilizarlos por primera vez<\/strong>.<\/p>\n<\/div>\n<div class=\"product-information tvproduct-special-desc\">\n<div class=\"product-actions\">\n<form id=\"add-to-cart-or-refresh\" action=\"https:\/\/www.ornibird.com\/panier\" method=\"post\">\n<div class=\"product-discounts\">\n<p class=\"h6 product-discounts-title\">\n<\/div>\n<\/form>\n<\/div>\n<\/div>\n","protected":false},"excerpt":{"rendered":"<p>Bebedero al vac\u00edo Plus de 50 ml sin bola, funciona en varias posiciones (vertical u horizontal). El agua fluye simplemente por gravedad. El bebedero est\u00e1 dise\u00f1ado para que el agua fluya en contacto con el pico del p\u00e1jaro. Higiene del agua potable m\u00e1s duradera. Sum\u00e9rgelos en agua caliente durante 30 minutos antes de utilizarlos por [&hellip;]<\/p>\n","protected":false},"featured_media":25202,"comment_status":"open","ping_status":"closed","template":"","meta":[],"product_brand":[203],"product_cat":[282,250],"product_tag":[],"class_list":{"0":"post-26975","1":"product","2":"type-product","3":"status-publish","4":"has-post-thumbnail","6":"product_brand-sta","7":"product_cat-accesorios-3","8":"product_cat-pajaros","9":"product_shipping_class-postpac-economia-900g","12":"first","13":"instock","14":"shipping-taxable","15":"purchasable","16":"product-type-simple"},"jetpack_sharing_enabled":true,"_links":{"self":[{"href":"https:\/\/avesaguiar.ch\/es\/wp-json\/wp\/v2\/product\/26975","targetHints":{"allow":["GET"]}}],"collection":[{"href":"https:\/\/avesaguiar.ch\/es\/wp-json\/wp\/v2\/product"}],"about":[{"href":"https:\/\/avesaguiar.ch\/es\/wp-json\/wp\/v2\/types\/product"}],"replies":[{"embeddable":true,"href":"https:\/\/avesaguiar.ch\/es\/wp-json\/wp\/v2\/comments?post=26975"}],"wp:featuredmedia":[{"embeddable":true,"href":"https:\/\/avesaguiar.ch\/es\/wp-json\/wp\/v2\/media\/25202"}],"wp:attachment":[{"href":"https:\/\/avesaguiar.ch\/es\/wp-json\/wp\/v2\/media?parent=26975"}],"wp:term":[{"taxonomy":"product_brand","embeddable":true,"href":"https:\/\/avesaguiar.ch\/es\/wp-json\/wp\/v2\/product_brand?post=26975"},{"taxonomy":"product_cat","embeddable":true,"href":"https:\/\/avesaguiar.ch\/es\/wp-json\/wp\/v2\/product_cat?post=26975"},{"taxonomy":"product_tag","embeddable":true,"href":"https:\/\/avesaguiar.ch\/es\/wp-json\/wp\/v2\/product_tag?post=26975"}],"curies":[{"name":"wp","href":"https:\/\/api.w.org\/{rel}","templated":true}]}}