{"id":27010,"date":"2025-03-23T12:43:26","date_gmt":"2025-03-23T12:43:26","guid":{"rendered":"https:\/\/avesaguiar.ch\/produit\/arnes-peru-m-50-60-cm\/"},"modified":"2025-03-23T12:43:26","modified_gmt":"2025-03-23T12:43:26","slug":"arnes-peru-m-50-60-cm","status":"publish","type":"product","link":"https:\/\/avesaguiar.ch\/es\/produit\/arnes-peru-m-50-60-cm\/","title":{"rendered":"Arn\u00e9s Per\u00fa M 50 &#8211; 60 cm"},"content":{"rendered":"<p>Los arneses son perfectos para el fr\u00edo. No tendr\u00e1s que ponerle a tu perro el abrigo por encima del collar, ni pelearte para ponerle la correa. <\/p>\n<p>Este abrigo tiene una banda de nailon y una anilla para que puedas engancharlo directamente.<\/p>\n<p>El abrigo con arn\u00e9s es muy pr\u00e1ctico para todas las mascotas. Adem\u00e1s de ser c\u00f3modo para ti, este abrigo se ha dise\u00f1ado con orificios para las patas delanteras, y est\u00e1 completamente abierto por detr\u00e1s para ofrecer una total libertad de movimientos, sin que tu mascota tenga impedimentos para pasear, correr o tumbarse. Se ajusta con velcro y es f\u00e1cil de poner. Este abrigo para perros es la mejor forma de proteger a tu perro del fr\u00edo sin renunciar a la comodidad.   <\/p>\n<p>Material: 100% poli\u00e9ster<\/p>\n<p>Talla M 50 &#8211; 60 cm<\/p>\n","protected":false},"excerpt":{"rendered":"<p>Los arneses son perfectos para el fr\u00edo. No tendr\u00e1s que ponerle a tu perro el abrigo por encima del collar, ni pelearte para ponerle la correa. Este abrigo tiene una banda de nailon y una anilla para que puedas engancharlo directamente. El abrigo con arn\u00e9s es muy pr\u00e1ctico para todas las mascotas. Adem\u00e1s de ser [&hellip;]<\/p>\n","protected":false},"featured_media":25266,"comment_status":"open","ping_status":"closed","template":"","meta":[],"product_brand":[187],"product_cat":[260,259,258],"product_tag":[],"class_list":{"0":"post-27010","1":"product","2":"type-product","3":"status-publish","4":"has-post-thumbnail","6":"product_brand-kinlys","7":"product_cat-accesorios","8":"product_cat-camasmantas","9":"product_cat-perro","12":"first","13":"instock","14":"shipping-taxable","15":"purchasable","16":"product-type-simple"},"jetpack_sharing_enabled":true,"_links":{"self":[{"href":"https:\/\/avesaguiar.ch\/es\/wp-json\/wp\/v2\/product\/27010","targetHints":{"allow":["GET"]}}],"collection":[{"href":"https:\/\/avesaguiar.ch\/es\/wp-json\/wp\/v2\/product"}],"about":[{"href":"https:\/\/avesaguiar.ch\/es\/wp-json\/wp\/v2\/types\/product"}],"replies":[{"embeddable":true,"href":"https:\/\/avesaguiar.ch\/es\/wp-json\/wp\/v2\/comments?post=27010"}],"wp:featuredmedia":[{"embeddable":true,"href":"https:\/\/avesaguiar.ch\/es\/wp-json\/wp\/v2\/media\/25266"}],"wp:attachment":[{"href":"https:\/\/avesaguiar.ch\/es\/wp-json\/wp\/v2\/media?parent=27010"}],"wp:term":[{"taxonomy":"product_brand","embeddable":true,"href":"https:\/\/avesaguiar.ch\/es\/wp-json\/wp\/v2\/product_brand?post=27010"},{"taxonomy":"product_cat","embeddable":true,"href":"https:\/\/avesaguiar.ch\/es\/wp-json\/wp\/v2\/product_cat?post=27010"},{"taxonomy":"product_tag","embeddable":true,"href":"https:\/\/avesaguiar.ch\/es\/wp-json\/wp\/v2\/product_tag?post=27010"}],"curies":[{"name":"wp","href":"https:\/\/api.w.org\/{rel}","templated":true}]}}