{"id":27011,"date":"2025-03-23T12:40:14","date_gmt":"2025-03-23T12:40:14","guid":{"rendered":"https:\/\/avesaguiar.ch\/produit\/fluo-pad-38-x-25-cm\/"},"modified":"2025-03-23T12:40:14","modified_gmt":"2025-03-23T12:40:14","slug":"fluo-pad-38-x-25-cm","status":"publish","type":"product","link":"https:\/\/avesaguiar.ch\/es\/produit\/fluo-pad-38-x-25-cm\/","title":{"rendered":"FLUO PAD-38 x 25 cm"},"content":{"rendered":"<p>Coj\u00edn para mascotas fabricado en poli\u00e9ster en colores veraniegos y fluorescentes.<\/p>\n<p>El coj\u00edn puede utilizarse por ambos lados.<\/p>\n<p>El relleno de poli\u00e9ster garantiza un confort \u00f3ptimo para tu mascota.<\/p>\n<p>Perfecto para utilizar con la mayor\u00eda de cestas de pl\u00e1stico.<\/p>\n<p>Azul\/Gris-38 x 25 cm<\/p>\n","protected":false},"excerpt":{"rendered":"<p>Coj\u00edn para mascotas fabricado en poli\u00e9ster en colores veraniegos y fluorescentes. El coj\u00edn puede utilizarse por ambos lados. El relleno de poli\u00e9ster garantiza un confort \u00f3ptimo para tu mascota. Perfecto para utilizar con la mayor\u00eda de cestas de pl\u00e1stico. Azul\/Gris-38 x 25 cm<\/p>\n","protected":false},"featured_media":25271,"comment_status":"open","ping_status":"closed","template":"","meta":[],"product_brand":[187],"product_cat":[260,259,258],"product_tag":[],"class_list":{"0":"post-27011","1":"product","2":"type-product","3":"status-publish","4":"has-post-thumbnail","6":"product_brand-kinlys","7":"product_cat-accesorios","8":"product_cat-camasmantas","9":"product_cat-perro","12":"first","13":"instock","14":"shipping-taxable","15":"purchasable","16":"product-type-simple"},"jetpack_sharing_enabled":true,"_links":{"self":[{"href":"https:\/\/avesaguiar.ch\/es\/wp-json\/wp\/v2\/product\/27011","targetHints":{"allow":["GET"]}}],"collection":[{"href":"https:\/\/avesaguiar.ch\/es\/wp-json\/wp\/v2\/product"}],"about":[{"href":"https:\/\/avesaguiar.ch\/es\/wp-json\/wp\/v2\/types\/product"}],"replies":[{"embeddable":true,"href":"https:\/\/avesaguiar.ch\/es\/wp-json\/wp\/v2\/comments?post=27011"}],"wp:featuredmedia":[{"embeddable":true,"href":"https:\/\/avesaguiar.ch\/es\/wp-json\/wp\/v2\/media\/25271"}],"wp:attachment":[{"href":"https:\/\/avesaguiar.ch\/es\/wp-json\/wp\/v2\/media?parent=27011"}],"wp:term":[{"taxonomy":"product_brand","embeddable":true,"href":"https:\/\/avesaguiar.ch\/es\/wp-json\/wp\/v2\/product_brand?post=27011"},{"taxonomy":"product_cat","embeddable":true,"href":"https:\/\/avesaguiar.ch\/es\/wp-json\/wp\/v2\/product_cat?post=27011"},{"taxonomy":"product_tag","embeddable":true,"href":"https:\/\/avesaguiar.ch\/es\/wp-json\/wp\/v2\/product_tag?post=27011"}],"curies":[{"name":"wp","href":"https:\/\/api.w.org\/{rel}","templated":true}]}}