{"id":27015,"date":"2025-03-23T12:59:44","date_gmt":"2025-03-23T12:59:44","guid":{"rendered":"https:\/\/avesaguiar.ch\/produit\/abrigo-para-perro-amarillo-militar-60cm\/"},"modified":"2025-03-23T12:59:44","modified_gmt":"2025-03-23T12:59:44","slug":"abrigo-para-perro-amarillo-militar-60cm","status":"publish","type":"product","link":"https:\/\/avesaguiar.ch\/es\/produit\/abrigo-para-perro-amarillo-militar-60cm\/","title":{"rendered":"Abrigo para perro amarillo MILITAR 60cm"},"content":{"rendered":"<p>Abrigo Blusa BULLDOG MILITARY<\/p>\n<p>Bulldog de 60 cm para los d\u00edas de invierno en elegantes colores militares. Viene con un cierre de velcro para que puedas ajustar la chaqueta a la medida de tu perro. <\/p>\n<p>Por supuesto, hay un agujero en la espalda para la correa. En lugar de la chaqueta, sujetar\u00e1n las correas de goma que llegan hasta debajo de las patas traseras del perro. <\/p>\n<p>La parte el\u00e1stica cubre el abdomen e impide que el fr\u00edo penetre en las zonas desocupadas.<\/p>\n<p>Tama\u00f1o: 60 cm<\/p>\n<p>Material: 65% poli\u00e9ster, 35% algod\u00f3n, forro 100% poli\u00e9ster<\/p>\n<p>Cuidados: lavar a 30\u00b0C<\/p>\n<p>Para elegir la talla correcta de camiseta, chubasquero o abrigo para perros, tienes que medir la distancia entre la cruz y la cola a lo largo de la espalda de tu perro, o la distancia en cent\u00edmetros entre el cuello y la cola del perro.<\/p>\n<p>Ejemplo: el lomo de mi perro mide 35 cm y el abrigo que quiero comprar est\u00e1 empaquetado en las tallas 34 cm y 38 cm: tendr\u00e9 que pedir la talla 38, para que el abrigo le quede bien a mi perro, ya que la 34 le quedar\u00eda peque\u00f1a.<\/p>\n","protected":false},"excerpt":{"rendered":"<p>Abrigo Blusa BULLDOG MILITARY Bulldog de 60 cm para los d\u00edas de invierno en elegantes colores militares. Viene con un cierre de velcro para que puedas ajustar la chaqueta a la medida de tu perro. Por supuesto, hay un agujero en la espalda para la correa. En lugar de la chaqueta, sujetar\u00e1n las correas de [&hellip;]<\/p>\n","protected":false},"featured_media":25296,"comment_status":"open","ping_status":"closed","template":"","meta":[],"product_brand":[187],"product_cat":[260,258],"product_tag":[],"class_list":{"0":"post-27015","1":"product","2":"type-product","3":"status-publish","4":"has-post-thumbnail","6":"product_brand-kinlys","7":"product_cat-accesorios","8":"product_cat-perro","11":"first","12":"instock","13":"shipping-taxable","14":"purchasable","15":"product-type-simple"},"jetpack_sharing_enabled":true,"_links":{"self":[{"href":"https:\/\/avesaguiar.ch\/es\/wp-json\/wp\/v2\/product\/27015","targetHints":{"allow":["GET"]}}],"collection":[{"href":"https:\/\/avesaguiar.ch\/es\/wp-json\/wp\/v2\/product"}],"about":[{"href":"https:\/\/avesaguiar.ch\/es\/wp-json\/wp\/v2\/types\/product"}],"replies":[{"embeddable":true,"href":"https:\/\/avesaguiar.ch\/es\/wp-json\/wp\/v2\/comments?post=27015"}],"wp:featuredmedia":[{"embeddable":true,"href":"https:\/\/avesaguiar.ch\/es\/wp-json\/wp\/v2\/media\/25296"}],"wp:attachment":[{"href":"https:\/\/avesaguiar.ch\/es\/wp-json\/wp\/v2\/media?parent=27015"}],"wp:term":[{"taxonomy":"product_brand","embeddable":true,"href":"https:\/\/avesaguiar.ch\/es\/wp-json\/wp\/v2\/product_brand?post=27015"},{"taxonomy":"product_cat","embeddable":true,"href":"https:\/\/avesaguiar.ch\/es\/wp-json\/wp\/v2\/product_cat?post=27015"},{"taxonomy":"product_tag","embeddable":true,"href":"https:\/\/avesaguiar.ch\/es\/wp-json\/wp\/v2\/product_tag?post=27015"}],"curies":[{"name":"wp","href":"https:\/\/api.w.org\/{rel}","templated":true}]}}