{"id":27018,"date":"2025-03-23T12:54:24","date_gmt":"2025-03-23T12:54:24","guid":{"rendered":"https:\/\/avesaguiar.ch\/produit\/plomo-de-cuero-rosa-brillante-110-cm\/"},"modified":"2025-03-23T12:54:24","modified_gmt":"2025-03-23T12:54:24","slug":"plomo-de-cuero-rosa-brillante-110-cm","status":"publish","type":"product","link":"https:\/\/avesaguiar.ch\/es\/produit\/plomo-de-cuero-rosa-brillante-110-cm\/","title":{"rendered":"Plomo de cuero rosa brillante 110 cm"},"content":{"rendered":"<p>Correa de cuero glac\u00e9 brillante. Perfecta para llevar a diario en primavera, verano, oto\u00f1o e incluso en los fr\u00edos d\u00edas de invierno. <\/p>\n<p>Dise\u00f1o de tela rosa Perfecto para combinar con el collar Esmalte Brillante.<\/p>\n<p>Talla:110 cm<\/p>\n","protected":false},"excerpt":{"rendered":"<p>Correa de cuero glac\u00e9 brillante. Perfecta para llevar a diario en primavera, verano, oto\u00f1o e incluso en los fr\u00edos d\u00edas de invierno. Dise\u00f1o de tela rosa Perfecto para combinar con el collar Esmalte Brillante. Talla:110 cm<\/p>\n","protected":false},"featured_media":25290,"comment_status":"open","ping_status":"closed","template":"","meta":[],"product_brand":[187],"product_cat":[260,259,258],"product_tag":[],"class_list":{"0":"post-27018","1":"product","2":"type-product","3":"status-publish","4":"has-post-thumbnail","6":"product_brand-kinlys","7":"product_cat-accesorios","8":"product_cat-camasmantas","9":"product_cat-perro","12":"first","13":"instock","14":"shipping-taxable","15":"purchasable","16":"product-type-simple"},"jetpack_sharing_enabled":true,"_links":{"self":[{"href":"https:\/\/avesaguiar.ch\/es\/wp-json\/wp\/v2\/product\/27018","targetHints":{"allow":["GET"]}}],"collection":[{"href":"https:\/\/avesaguiar.ch\/es\/wp-json\/wp\/v2\/product"}],"about":[{"href":"https:\/\/avesaguiar.ch\/es\/wp-json\/wp\/v2\/types\/product"}],"replies":[{"embeddable":true,"href":"https:\/\/avesaguiar.ch\/es\/wp-json\/wp\/v2\/comments?post=27018"}],"wp:featuredmedia":[{"embeddable":true,"href":"https:\/\/avesaguiar.ch\/es\/wp-json\/wp\/v2\/media\/25290"}],"wp:attachment":[{"href":"https:\/\/avesaguiar.ch\/es\/wp-json\/wp\/v2\/media?parent=27018"}],"wp:term":[{"taxonomy":"product_brand","embeddable":true,"href":"https:\/\/avesaguiar.ch\/es\/wp-json\/wp\/v2\/product_brand?post=27018"},{"taxonomy":"product_cat","embeddable":true,"href":"https:\/\/avesaguiar.ch\/es\/wp-json\/wp\/v2\/product_cat?post=27018"},{"taxonomy":"product_tag","embeddable":true,"href":"https:\/\/avesaguiar.ch\/es\/wp-json\/wp\/v2\/product_tag?post=27018"}],"curies":[{"name":"wp","href":"https:\/\/api.w.org\/{rel}","templated":true}]}}