{"id":27043,"date":"2025-03-23T13:31:52","date_gmt":"2025-03-23T13:31:52","guid":{"rendered":"https:\/\/avesaguiar.ch\/produit\/collar-para-perro-similicuir-nylon-20-30-cm-x-10-mm\/"},"modified":"2025-03-23T13:31:52","modified_gmt":"2025-03-23T13:31:52","slug":"collar-para-perro-similicuir-nylon-20-30-cm-x-10-mm","status":"publish","type":"product","link":"https:\/\/avesaguiar.ch\/es\/produit\/collar-para-perro-similicuir-nylon-20-30-cm-x-10-mm\/","title":{"rendered":"Collar para perro Similicuir-Nylon 20-30 cm x 10 mm"},"content":{"rendered":"<p>Elegantes collares de hebilla ajustables acolchados en polipiel\/nylon.<\/p>\n<p>La superficie superior est\u00e1 hecha de un material colorido pero suave y flexible. La elegante imitaci\u00f3n de cuero con decoraci\u00f3n en relieve da a los collares un aspecto \u00fanico y elegante. <\/p>\n<p>La parte inferior est\u00e1 hecha de nailon con un suave acolchado interior, que da la sensaci\u00f3n de acolchado de los colls, los hace m\u00e1s c\u00f3modos y no causa desgaste en el pelaje ni en la piel del perro, por lo que son muy agradables de llevar.<\/p>\n<p>La hebilla de clip negra es ligera y resistente. R\u00e1pida y f\u00e1cil de poner. Anilla multifuncional plateada para sujetar la correa.  <\/p>\n<p><strong>Colores: Disponible &#8211; Mostaza 2 Burdeos 2<\/strong><\/p>\n<p><u>Observa el color en los comentarios<\/u><\/p>\n<p>Tama\u00f1o: 20-30 cm x 10 mm<\/p>\n","protected":false},"excerpt":{"rendered":"<p>Elegantes collares de hebilla ajustables acolchados en polipiel\/nylon. La superficie superior est\u00e1 hecha de un material colorido pero suave y flexible. La elegante imitaci\u00f3n de cuero con decoraci\u00f3n en relieve da a los collares un aspecto \u00fanico y elegante. La parte inferior est\u00e1 hecha de nailon con un suave acolchado interior, que da la sensaci\u00f3n [&hellip;]<\/p>\n","protected":false},"featured_media":25333,"comment_status":"open","ping_status":"closed","template":"","meta":[],"product_brand":[187],"product_cat":[260,258],"product_tag":[],"class_list":{"0":"post-27043","1":"product","2":"type-product","3":"status-publish","4":"has-post-thumbnail","6":"product_brand-kinlys","7":"product_cat-accesorios","8":"product_cat-perro","11":"first","12":"instock","13":"shipping-taxable","14":"purchasable","15":"product-type-simple"},"jetpack_sharing_enabled":true,"_links":{"self":[{"href":"https:\/\/avesaguiar.ch\/es\/wp-json\/wp\/v2\/product\/27043","targetHints":{"allow":["GET"]}}],"collection":[{"href":"https:\/\/avesaguiar.ch\/es\/wp-json\/wp\/v2\/product"}],"about":[{"href":"https:\/\/avesaguiar.ch\/es\/wp-json\/wp\/v2\/types\/product"}],"replies":[{"embeddable":true,"href":"https:\/\/avesaguiar.ch\/es\/wp-json\/wp\/v2\/comments?post=27043"}],"wp:featuredmedia":[{"embeddable":true,"href":"https:\/\/avesaguiar.ch\/es\/wp-json\/wp\/v2\/media\/25333"}],"wp:attachment":[{"href":"https:\/\/avesaguiar.ch\/es\/wp-json\/wp\/v2\/media?parent=27043"}],"wp:term":[{"taxonomy":"product_brand","embeddable":true,"href":"https:\/\/avesaguiar.ch\/es\/wp-json\/wp\/v2\/product_brand?post=27043"},{"taxonomy":"product_cat","embeddable":true,"href":"https:\/\/avesaguiar.ch\/es\/wp-json\/wp\/v2\/product_cat?post=27043"},{"taxonomy":"product_tag","embeddable":true,"href":"https:\/\/avesaguiar.ch\/es\/wp-json\/wp\/v2\/product_tag?post=27043"}],"curies":[{"name":"wp","href":"https:\/\/api.w.org\/{rel}","templated":true}]}}