{"id":27061,"date":"2025-03-23T14:05:31","date_gmt":"2025-03-23T14:05:31","guid":{"rendered":"https:\/\/avesaguiar.ch\/produit\/cama-ovalada-para-perros-vintage-sailor\/"},"modified":"2025-03-23T14:05:31","modified_gmt":"2025-03-23T14:05:31","slug":"cama-ovalada-para-perros-vintage-sailor","status":"publish","type":"product","link":"https:\/\/avesaguiar.ch\/es\/produit\/cama-ovalada-para-perros-vintage-sailor\/","title":{"rendered":"Cama ovalada para perros Vintage Sailor"},"content":{"rendered":"<p>El esp\u00edritu &#8220;marinero&#8221;\/n\u00e1utico de los a\u00f1os 50 vuelve como un estilo atemporal y se extiende desde esta cesta ovalada con esp\u00edritu n\u00e1utico vintage. Mueble perfecto, c\u00f3modo, con coj\u00edn extra\u00edble y fondo antideslizante. <\/p>\n<p>Ribete de poli\u00e9ster. Lavar a mano y a m\u00e1quina 30. <\/p>\n<p>Dimensiones &#8211; 60 x 50 x 20 cm<\/p>\n","protected":false},"excerpt":{"rendered":"<p>El esp\u00edritu &#8220;marinero&#8221;\/n\u00e1utico de los a\u00f1os 50 vuelve como un estilo atemporal y se extiende desde esta cesta ovalada con esp\u00edritu n\u00e1utico vintage. Mueble perfecto, c\u00f3modo, con coj\u00edn extra\u00edble y fondo antideslizante. Ribete de poli\u00e9ster. Lavar a mano y a m\u00e1quina 30. Dimensiones &#8211; 60 x 50 x 20 cm<\/p>\n","protected":false},"featured_media":25372,"comment_status":"open","ping_status":"closed","template":"","meta":[],"product_brand":[187],"product_cat":[260,259,258],"product_tag":[],"class_list":{"0":"post-27061","1":"product","2":"type-product","3":"status-publish","4":"has-post-thumbnail","6":"product_brand-kinlys","7":"product_cat-accesorios","8":"product_cat-camasmantas","9":"product_cat-perro","12":"first","13":"instock","14":"shipping-taxable","15":"purchasable","16":"product-type-simple"},"jetpack_sharing_enabled":true,"_links":{"self":[{"href":"https:\/\/avesaguiar.ch\/es\/wp-json\/wp\/v2\/product\/27061","targetHints":{"allow":["GET"]}}],"collection":[{"href":"https:\/\/avesaguiar.ch\/es\/wp-json\/wp\/v2\/product"}],"about":[{"href":"https:\/\/avesaguiar.ch\/es\/wp-json\/wp\/v2\/types\/product"}],"replies":[{"embeddable":true,"href":"https:\/\/avesaguiar.ch\/es\/wp-json\/wp\/v2\/comments?post=27061"}],"wp:featuredmedia":[{"embeddable":true,"href":"https:\/\/avesaguiar.ch\/es\/wp-json\/wp\/v2\/media\/25372"}],"wp:attachment":[{"href":"https:\/\/avesaguiar.ch\/es\/wp-json\/wp\/v2\/media?parent=27061"}],"wp:term":[{"taxonomy":"product_brand","embeddable":true,"href":"https:\/\/avesaguiar.ch\/es\/wp-json\/wp\/v2\/product_brand?post=27061"},{"taxonomy":"product_cat","embeddable":true,"href":"https:\/\/avesaguiar.ch\/es\/wp-json\/wp\/v2\/product_cat?post=27061"},{"taxonomy":"product_tag","embeddable":true,"href":"https:\/\/avesaguiar.ch\/es\/wp-json\/wp\/v2\/product_tag?post=27061"}],"curies":[{"name":"wp","href":"https:\/\/api.w.org\/{rel}","templated":true}]}}