{"id":27088,"date":"2025-03-23T14:48:41","date_gmt":"2025-03-23T14:48:41","guid":{"rendered":"https:\/\/avesaguiar.ch\/produit\/braga-higienica-para-perro-blackie-s-25-30-cm\/"},"modified":"2025-03-23T14:48:41","modified_gmt":"2025-03-23T14:48:41","slug":"braga-higienica-para-perro-blackie-s-25-30-cm","status":"publish","type":"product","link":"https:\/\/avesaguiar.ch\/es\/produit\/braga-higienica-para-perro-blackie-s-25-30-cm\/","title":{"rendered":"Braga higi\u00e9nica para perro Blackie S 25\/30 cm"},"content":{"rendered":"<p>Pr\u00e1ctico pantal\u00f3n higi\u00e9nico para perros, lavable en la lavadora a 30\u00b0.<\/p>\n<p>Con pr\u00e1ctico el\u00e1stico para la comodidad de tu mascota.<\/p>\n<p>Talla (s) 25 \/ 30cm<\/p>\n","protected":false},"excerpt":{"rendered":"<p>Pr\u00e1ctico pantal\u00f3n higi\u00e9nico para perros, lavable en la lavadora a 30\u00b0. Con pr\u00e1ctico el\u00e1stico para la comodidad de tu mascota. Talla (s) 25 \/ 30cm<\/p>\n","protected":false},"featured_media":25410,"comment_status":"open","ping_status":"closed","template":"","meta":[],"product_brand":[187],"product_cat":[260,258],"product_tag":[],"class_list":{"0":"post-27088","1":"product","2":"type-product","3":"status-publish","4":"has-post-thumbnail","6":"product_brand-kinlys","7":"product_cat-accesorios","8":"product_cat-perro","11":"first","12":"instock","13":"shipping-taxable","14":"purchasable","15":"product-type-simple"},"jetpack_sharing_enabled":true,"_links":{"self":[{"href":"https:\/\/avesaguiar.ch\/es\/wp-json\/wp\/v2\/product\/27088","targetHints":{"allow":["GET"]}}],"collection":[{"href":"https:\/\/avesaguiar.ch\/es\/wp-json\/wp\/v2\/product"}],"about":[{"href":"https:\/\/avesaguiar.ch\/es\/wp-json\/wp\/v2\/types\/product"}],"replies":[{"embeddable":true,"href":"https:\/\/avesaguiar.ch\/es\/wp-json\/wp\/v2\/comments?post=27088"}],"wp:featuredmedia":[{"embeddable":true,"href":"https:\/\/avesaguiar.ch\/es\/wp-json\/wp\/v2\/media\/25410"}],"wp:attachment":[{"href":"https:\/\/avesaguiar.ch\/es\/wp-json\/wp\/v2\/media?parent=27088"}],"wp:term":[{"taxonomy":"product_brand","embeddable":true,"href":"https:\/\/avesaguiar.ch\/es\/wp-json\/wp\/v2\/product_brand?post=27088"},{"taxonomy":"product_cat","embeddable":true,"href":"https:\/\/avesaguiar.ch\/es\/wp-json\/wp\/v2\/product_cat?post=27088"},{"taxonomy":"product_tag","embeddable":true,"href":"https:\/\/avesaguiar.ch\/es\/wp-json\/wp\/v2\/product_tag?post=27088"}],"curies":[{"name":"wp","href":"https:\/\/api.w.org\/{rel}","templated":true}]}}