{"id":27092,"date":"2025-03-23T14:44:51","date_gmt":"2025-03-23T14:44:51","guid":{"rendered":"https:\/\/avesaguiar.ch\/produit\/acogedora-cama-rosa-para-perros\/"},"modified":"2025-03-23T14:44:51","modified_gmt":"2025-03-23T14:44:51","slug":"acogedora-cama-rosa-para-perros","status":"publish","type":"product","link":"https:\/\/avesaguiar.ch\/es\/produit\/acogedora-cama-rosa-para-perros\/","title":{"rendered":"Acogedora cama rosa para perros"},"content":{"rendered":"<p>Cama para perros de excelente calidad para ofrecer a nuestros peque\u00f1os amigos la mayor comodidad posible.<\/p>\n<p>Excelentes acabados, fondo antideslizante, forro extra\u00edble, detalles que ofrecen utilidad a todos los art\u00edculos. los productos y la decoraci\u00f3n ofrecidos son capaces de satisfacer todos los gustos. los cojines est\u00e1n fabricados con suave relleno de poli\u00e9ster, forro extra\u00edble mediante cremallera, lavables a 30 grados.  <\/p>\n<p>Dimensiones- A-55 x 55 x 10 cm<\/p>\n","protected":false},"excerpt":{"rendered":"<p>Cama para perros de excelente calidad para ofrecer a nuestros peque\u00f1os amigos la mayor comodidad posible. Excelentes acabados, fondo antideslizante, forro extra\u00edble, detalles que ofrecen utilidad a todos los art\u00edculos. los productos y la decoraci\u00f3n ofrecidos son capaces de satisfacer todos los gustos. los cojines est\u00e1n fabricados con suave relleno de poli\u00e9ster, forro extra\u00edble mediante [&hellip;]<\/p>\n","protected":false},"featured_media":25404,"comment_status":"open","ping_status":"closed","template":"","meta":[],"product_brand":[187],"product_cat":[260,259,258],"product_tag":[],"class_list":{"0":"post-27092","1":"product","2":"type-product","3":"status-publish","4":"has-post-thumbnail","6":"product_brand-kinlys","7":"product_cat-accesorios","8":"product_cat-camasmantas","9":"product_cat-perro","12":"first","13":"instock","14":"shipping-taxable","15":"purchasable","16":"product-type-variable"},"jetpack_sharing_enabled":true,"_links":{"self":[{"href":"https:\/\/avesaguiar.ch\/es\/wp-json\/wp\/v2\/product\/27092","targetHints":{"allow":["GET"]}}],"collection":[{"href":"https:\/\/avesaguiar.ch\/es\/wp-json\/wp\/v2\/product"}],"about":[{"href":"https:\/\/avesaguiar.ch\/es\/wp-json\/wp\/v2\/types\/product"}],"replies":[{"embeddable":true,"href":"https:\/\/avesaguiar.ch\/es\/wp-json\/wp\/v2\/comments?post=27092"}],"wp:featuredmedia":[{"embeddable":true,"href":"https:\/\/avesaguiar.ch\/es\/wp-json\/wp\/v2\/media\/25404"}],"wp:attachment":[{"href":"https:\/\/avesaguiar.ch\/es\/wp-json\/wp\/v2\/media?parent=27092"}],"wp:term":[{"taxonomy":"product_brand","embeddable":true,"href":"https:\/\/avesaguiar.ch\/es\/wp-json\/wp\/v2\/product_brand?post=27092"},{"taxonomy":"product_cat","embeddable":true,"href":"https:\/\/avesaguiar.ch\/es\/wp-json\/wp\/v2\/product_cat?post=27092"},{"taxonomy":"product_tag","embeddable":true,"href":"https:\/\/avesaguiar.ch\/es\/wp-json\/wp\/v2\/product_tag?post=27092"}],"curies":[{"name":"wp","href":"https:\/\/api.w.org\/{rel}","templated":true}]}}