{"id":27102,"date":"2025-03-23T14:53:51","date_gmt":"2025-03-23T14:53:51","guid":{"rendered":"https:\/\/avesaguiar.ch\/produit\/red-de-seguridad-para-automoviles\/"},"modified":"2025-03-23T14:53:51","modified_gmt":"2025-03-23T14:53:51","slug":"red-de-seguridad-para-automoviles","status":"publish","type":"product","link":"https:\/\/avesaguiar.ch\/es\/produit\/red-de-seguridad-para-automoviles\/","title":{"rendered":"Red de seguridad para autom\u00f3viles"},"content":{"rendered":"<p>120x80cm Separador universal de malla el\u00e1stica para coche para protecci\u00f3n de perros gatos<\/p>\n<p>La red de seguridad el\u00e1stica negra para coche impide que tu mascota se siente en los asientos.<\/p>\n<p>Varias opciones de montaje mediante anillas, ganchos y cordones (incluidos).<\/p>\n<p>Instalaci\u00f3n r\u00e1pida y sencilla.<\/p>\n","protected":false},"excerpt":{"rendered":"<p>120x80cm Separador universal de malla el\u00e1stica para coche para protecci\u00f3n de perros gatos La red de seguridad el\u00e1stica negra para coche impide que tu mascota se siente en los asientos. Varias opciones de montaje mediante anillas, ganchos y cordones (incluidos). Instalaci\u00f3n r\u00e1pida y sencilla.<\/p>\n","protected":false},"featured_media":25421,"comment_status":"open","ping_status":"closed","template":"","meta":[],"product_brand":[187],"product_cat":[260,258],"product_tag":[],"class_list":{"0":"post-27102","1":"product","2":"type-product","3":"status-publish","4":"has-post-thumbnail","6":"product_brand-kinlys","7":"product_cat-accesorios","8":"product_cat-perro","9":"product_shipping_class-postpac-economia-900g","12":"first","13":"instock","14":"shipping-taxable","15":"purchasable","16":"product-type-simple"},"jetpack_sharing_enabled":true,"_links":{"self":[{"href":"https:\/\/avesaguiar.ch\/es\/wp-json\/wp\/v2\/product\/27102","targetHints":{"allow":["GET"]}}],"collection":[{"href":"https:\/\/avesaguiar.ch\/es\/wp-json\/wp\/v2\/product"}],"about":[{"href":"https:\/\/avesaguiar.ch\/es\/wp-json\/wp\/v2\/types\/product"}],"replies":[{"embeddable":true,"href":"https:\/\/avesaguiar.ch\/es\/wp-json\/wp\/v2\/comments?post=27102"}],"wp:featuredmedia":[{"embeddable":true,"href":"https:\/\/avesaguiar.ch\/es\/wp-json\/wp\/v2\/media\/25421"}],"wp:attachment":[{"href":"https:\/\/avesaguiar.ch\/es\/wp-json\/wp\/v2\/media?parent=27102"}],"wp:term":[{"taxonomy":"product_brand","embeddable":true,"href":"https:\/\/avesaguiar.ch\/es\/wp-json\/wp\/v2\/product_brand?post=27102"},{"taxonomy":"product_cat","embeddable":true,"href":"https:\/\/avesaguiar.ch\/es\/wp-json\/wp\/v2\/product_cat?post=27102"},{"taxonomy":"product_tag","embeddable":true,"href":"https:\/\/avesaguiar.ch\/es\/wp-json\/wp\/v2\/product_tag?post=27102"}],"curies":[{"name":"wp","href":"https:\/\/api.w.org\/{rel}","templated":true}]}}