{"id":27108,"date":"2025-03-23T15:01:43","date_gmt":"2025-03-23T15:01:43","guid":{"rendered":"https:\/\/avesaguiar.ch\/produit\/fuente-para-mascotas-petsafe-drinkwell-platinum-5l-soluciones-para-mascotas\/"},"modified":"2025-03-23T15:01:43","modified_gmt":"2025-03-23T15:01:43","slug":"fuente-para-mascotas-petsafe-drinkwell-platinum-5l-soluciones-para-mascotas","status":"publish","type":"product","link":"https:\/\/avesaguiar.ch\/es\/produit\/fuente-para-mascotas-petsafe-drinkwell-platinum-5l-soluciones-para-mascotas\/","title":{"rendered":"Fuente para mascotas PetSafe Drinkwell Platinum 5L &#8211; Soluciones para mascotas"},"content":{"rendered":"<p>La fuente para mascotas Drinkwell\u00ae Platino incluye el mismo chorro de agua en cascada patentado que la fuente para mascotas Drinkwell\u00ae Original.<\/p>\n<p>El agua corriente anima a las mascotas a beber m\u00e1s, manteni\u00e9ndolas felices, hidratadas y sanas.<\/p>\n<p>La fuente Platinum tambi\u00e9n incorpora una nueva tapa a presi\u00f3n para evitar que se extraiga accidentalmente, un prefiltro que detiene las part\u00edculas grandes antes de que lleguen al motor y una bomba sumergible para un funcionamiento pr\u00e1cticamente silencioso<br \/>\nTama\u00f1o del cuenco<br \/>\nTiene capacidad para 5 litros de agua.<\/p>\n","protected":false},"excerpt":{"rendered":"<p>La fuente para mascotas Drinkwell\u00ae Platino incluye el mismo chorro de agua en cascada patentado que la fuente para mascotas Drinkwell\u00ae Original. El agua corriente anima a las mascotas a beber m\u00e1s, manteni\u00e9ndolas felices, hidratadas y sanas. La fuente Platinum tambi\u00e9n incorpora una nueva tapa a presi\u00f3n para evitar que se extraiga accidentalmente, un prefiltro [&hellip;]<\/p>\n","protected":false},"featured_media":25433,"comment_status":"open","ping_status":"closed","template":"","meta":[],"product_brand":[187],"product_cat":[260,271,270,258],"product_tag":[],"class_list":{"0":"post-27108","1":"product","2":"type-product","3":"status-publish","4":"has-post-thumbnail","6":"product_brand-kinlys","7":"product_cat-accesorios","8":"product_cat-accesorios-2","9":"product_cat-gatos","10":"product_cat-perro","13":"first","14":"instock","15":"shipping-taxable","16":"purchasable","17":"product-type-simple"},"jetpack_sharing_enabled":true,"_links":{"self":[{"href":"https:\/\/avesaguiar.ch\/es\/wp-json\/wp\/v2\/product\/27108","targetHints":{"allow":["GET"]}}],"collection":[{"href":"https:\/\/avesaguiar.ch\/es\/wp-json\/wp\/v2\/product"}],"about":[{"href":"https:\/\/avesaguiar.ch\/es\/wp-json\/wp\/v2\/types\/product"}],"replies":[{"embeddable":true,"href":"https:\/\/avesaguiar.ch\/es\/wp-json\/wp\/v2\/comments?post=27108"}],"wp:featuredmedia":[{"embeddable":true,"href":"https:\/\/avesaguiar.ch\/es\/wp-json\/wp\/v2\/media\/25433"}],"wp:attachment":[{"href":"https:\/\/avesaguiar.ch\/es\/wp-json\/wp\/v2\/media?parent=27108"}],"wp:term":[{"taxonomy":"product_brand","embeddable":true,"href":"https:\/\/avesaguiar.ch\/es\/wp-json\/wp\/v2\/product_brand?post=27108"},{"taxonomy":"product_cat","embeddable":true,"href":"https:\/\/avesaguiar.ch\/es\/wp-json\/wp\/v2\/product_cat?post=27108"},{"taxonomy":"product_tag","embeddable":true,"href":"https:\/\/avesaguiar.ch\/es\/wp-json\/wp\/v2\/product_tag?post=27108"}],"curies":[{"name":"wp","href":"https:\/\/api.w.org\/{rel}","templated":true}]}}