{"id":27119,"date":"2025-03-23T15:22:00","date_gmt":"2025-03-23T15:22:00","guid":{"rendered":"https:\/\/avesaguiar.ch\/produit\/arnes-de-cuero-elite-negro\/"},"modified":"2025-03-23T15:22:00","modified_gmt":"2025-03-23T15:22:00","slug":"arnes-de-cuero-elite-negro","status":"publish","type":"product","link":"https:\/\/avesaguiar.ch\/es\/produit\/arnes-de-cuero-elite-negro\/","title":{"rendered":"Arn\u00e9s de cuero Elite Negro"},"content":{"rendered":"<p>La l\u00ednea Elite est\u00e1 fabricada con cuero extragrueso.<\/p>\n<p>Arn\u00e9s de cuero con el que tu perro se sentir\u00e1 bien. Las piezas met\u00e1licas plateadas y doradas le dan un aspecto noble. Las costuras decorativas en contraste a\u00f1aden un toque de clase.  <\/p>\n<p>RECOMENDADO PARA LAS SIGUIENTES RAZAS DE PERRO<\/p>\n<p>De 60 cm a 80 cm Per\u00edmetro tor\u00e1cico<\/p>\n<p>Mediana, 11-25 kg<\/p>\n<p>Grande, a partir de 26 kg<\/p>\n","protected":false},"excerpt":{"rendered":"<p>La l\u00ednea Elite est\u00e1 fabricada con cuero extragrueso. Arn\u00e9s de cuero con el que tu perro se sentir\u00e1 bien. Las piezas met\u00e1licas plateadas y doradas le dan un aspecto noble. Las costuras decorativas en contraste a\u00f1aden un toque de clase. RECOMENDADO PARA LAS SIGUIENTES RAZAS DE PERRO De 60 cm a 80 cm Per\u00edmetro tor\u00e1cico [&hellip;]<\/p>\n","protected":false},"featured_media":25473,"comment_status":"open","ping_status":"closed","template":"","meta":[],"product_brand":[187],"product_cat":[260,258],"product_tag":[],"class_list":{"0":"post-27119","1":"product","2":"type-product","3":"status-publish","4":"has-post-thumbnail","6":"product_brand-kinlys","7":"product_cat-accesorios","8":"product_cat-perro","9":"product_shipping_class-postpac-economia-2kg","12":"first","13":"instock","14":"shipping-taxable","15":"purchasable","16":"product-type-simple"},"jetpack_sharing_enabled":true,"_links":{"self":[{"href":"https:\/\/avesaguiar.ch\/es\/wp-json\/wp\/v2\/product\/27119","targetHints":{"allow":["GET"]}}],"collection":[{"href":"https:\/\/avesaguiar.ch\/es\/wp-json\/wp\/v2\/product"}],"about":[{"href":"https:\/\/avesaguiar.ch\/es\/wp-json\/wp\/v2\/types\/product"}],"replies":[{"embeddable":true,"href":"https:\/\/avesaguiar.ch\/es\/wp-json\/wp\/v2\/comments?post=27119"}],"wp:featuredmedia":[{"embeddable":true,"href":"https:\/\/avesaguiar.ch\/es\/wp-json\/wp\/v2\/media\/25473"}],"wp:attachment":[{"href":"https:\/\/avesaguiar.ch\/es\/wp-json\/wp\/v2\/media?parent=27119"}],"wp:term":[{"taxonomy":"product_brand","embeddable":true,"href":"https:\/\/avesaguiar.ch\/es\/wp-json\/wp\/v2\/product_brand?post=27119"},{"taxonomy":"product_cat","embeddable":true,"href":"https:\/\/avesaguiar.ch\/es\/wp-json\/wp\/v2\/product_cat?post=27119"},{"taxonomy":"product_tag","embeddable":true,"href":"https:\/\/avesaguiar.ch\/es\/wp-json\/wp\/v2\/product_tag?post=27119"}],"curies":[{"name":"wp","href":"https:\/\/api.w.org\/{rel}","templated":true}]}}