{"id":27152,"date":"2025-02-25T20:43:06","date_gmt":"2025-02-25T20:43:06","guid":{"rendered":"https:\/\/avesaguiar.ch\/produit\/nido-de-plastico-para-canarios-moviles-10-cm\/"},"modified":"2025-02-25T20:43:06","modified_gmt":"2025-02-25T20:43:06","slug":"nido-de-plastico-para-canarios-moviles-10-cm","status":"publish","type":"product","link":"https:\/\/avesaguiar.ch\/es\/produit\/nido-de-plastico-para-canarios-moviles-10-cm\/","title":{"rendered":"Nido De Pl\u00e1stico Para Canarios M\u00f3viles 10 cm"},"content":{"rendered":"<p>Nidos m\u00f3viles de pl\u00e1stico para canarios<\/p>\n","protected":false},"excerpt":{"rendered":"<p>Nidos m\u00f3viles de pl\u00e1stico para canarios<\/p>\n","protected":false},"featured_media":24446,"comment_status":"open","ping_status":"closed","template":"","meta":[],"product_brand":[61],"product_cat":[299,250],"product_tag":[],"class_list":{"0":"post-27152","1":"product","2":"type-product","3":"status-publish","4":"has-post-thumbnail","6":"product_brand-2gr","7":"product_cat-nidos-y-materiales","8":"product_cat-pajaros","9":"product_shipping_class-postpac-economia-900g","12":"first","13":"instock","14":"shipping-taxable","15":"purchasable","16":"product-type-simple"},"jetpack_sharing_enabled":true,"_links":{"self":[{"href":"https:\/\/avesaguiar.ch\/es\/wp-json\/wp\/v2\/product\/27152","targetHints":{"allow":["GET"]}}],"collection":[{"href":"https:\/\/avesaguiar.ch\/es\/wp-json\/wp\/v2\/product"}],"about":[{"href":"https:\/\/avesaguiar.ch\/es\/wp-json\/wp\/v2\/types\/product"}],"replies":[{"embeddable":true,"href":"https:\/\/avesaguiar.ch\/es\/wp-json\/wp\/v2\/comments?post=27152"}],"wp:featuredmedia":[{"embeddable":true,"href":"https:\/\/avesaguiar.ch\/es\/wp-json\/wp\/v2\/media\/24446"}],"wp:attachment":[{"href":"https:\/\/avesaguiar.ch\/es\/wp-json\/wp\/v2\/media?parent=27152"}],"wp:term":[{"taxonomy":"product_brand","embeddable":true,"href":"https:\/\/avesaguiar.ch\/es\/wp-json\/wp\/v2\/product_brand?post=27152"},{"taxonomy":"product_cat","embeddable":true,"href":"https:\/\/avesaguiar.ch\/es\/wp-json\/wp\/v2\/product_cat?post=27152"},{"taxonomy":"product_tag","embeddable":true,"href":"https:\/\/avesaguiar.ch\/es\/wp-json\/wp\/v2\/product_tag?post=27152"}],"curies":[{"name":"wp","href":"https:\/\/api.w.org\/{rel}","templated":true}]}}