{"id":27238,"date":"2025-02-19T20:20:52","date_gmt":"2025-02-19T20:20:52","guid":{"rendered":"https:\/\/avesaguiar.ch\/produit\/pate-de-huevo-amarillo-graso\/"},"modified":"2025-02-19T20:20:52","modified_gmt":"2025-02-19T20:20:52","slug":"pate-de-huevo-amarillo-graso","status":"publish","type":"product","link":"https:\/\/avesaguiar.ch\/es\/produit\/pate-de-huevo-amarillo-graso\/","title":{"rendered":"Pat\u00e9 de huevo amarillo graso"},"content":{"rendered":"<p>Pat\u00e9 de huevo amarillo graso<\/p>\n<div class=\"product__content\">\n<ul>\n<li>Es un pat\u00e9 de huevo listo para usar, elaborado con huevos frescos.<\/li>\n<li>El pat\u00e9 de huevo se humedece con miel 100% natural y no contiene grasas animales a\u00f1adidas.<\/li>\n<li>\n<h5><strong>Disponible en 1 kg, 4 kg y 10 kg.<\/strong><\/h5>\n<\/li>\n<\/ul>\n<\/div>\n<div class=\"product__composition\">\n<div class=\"product__composition-summary\" tabindex=\"0\" role=\"button\" data-groupid=\"composition\" data-target=\"[san-id='open-composition']\" data-state=\"open\" data-classlist=\"open\" aria-expanded=\"false\">Composici\u00f3n<\/div>\n<div class=\"product__composition-details open\">Pan rallado 48%, huevos deshidratados 1,5%, az\u00facar 14%, N\u00edger 1,1%, concentrado de prote\u00edna de soja 11%, perilla parda 1,1%, soja tostada, levadura 10% 1,0%, aceite de palmiste 7%, miel 0,1%.<\/div>\n<\/div>\n<div class=\"product__ingredients\">\n<div class=\"product__ingredients-summary\" tabindex=\"0\" role=\"button\" data-groupid=\"ingredients\" data-target=\"[san-id='open-ingredients']\" data-state=\"open\" data-classlist=\"open\" aria-expanded=\"false\">Componentes anal\u00edticos<\/div>\n<div class=\"product__ingredients-details open\">Prote\u00edna bruta 17,2%, fibra bruta 2,7%, grasa bruta 14,6%, ceniza bruta 3,5%.<\/div>\n<\/div>\n","protected":false},"excerpt":{"rendered":"<p>Pat\u00e9 de huevo amarillo graso Es un pat\u00e9 de huevo listo para usar, elaborado con huevos frescos. El pat\u00e9 de huevo se humedece con miel 100% natural y no contiene grasas animales a\u00f1adidas. Disponible en 1 kg, 4 kg y 10 kg. Composici\u00f3n Pan rallado 48%, huevos deshidratados 1,5%, az\u00facar 14%, N\u00edger 1,1%, concentrado de [&hellip;]<\/p>\n","protected":false},"featured_media":24406,"comment_status":"open","ping_status":"closed","template":"","meta":[],"product_brand":[184],"product_cat":[242,250],"product_tag":[],"class_list":{"0":"post-27238","1":"product","2":"type-product","3":"status-publish","4":"has-post-thumbnail","6":"product_brand-deli-nature","7":"product_cat-fuente-de-alimentacion-2","8":"product_cat-pajaros","11":"first","12":"instock","13":"shipping-taxable","14":"purchasable","15":"product-type-variable"},"jetpack_sharing_enabled":true,"_links":{"self":[{"href":"https:\/\/avesaguiar.ch\/es\/wp-json\/wp\/v2\/product\/27238","targetHints":{"allow":["GET"]}}],"collection":[{"href":"https:\/\/avesaguiar.ch\/es\/wp-json\/wp\/v2\/product"}],"about":[{"href":"https:\/\/avesaguiar.ch\/es\/wp-json\/wp\/v2\/types\/product"}],"replies":[{"embeddable":true,"href":"https:\/\/avesaguiar.ch\/es\/wp-json\/wp\/v2\/comments?post=27238"}],"wp:featuredmedia":[{"embeddable":true,"href":"https:\/\/avesaguiar.ch\/es\/wp-json\/wp\/v2\/media\/24406"}],"wp:attachment":[{"href":"https:\/\/avesaguiar.ch\/es\/wp-json\/wp\/v2\/media?parent=27238"}],"wp:term":[{"taxonomy":"product_brand","embeddable":true,"href":"https:\/\/avesaguiar.ch\/es\/wp-json\/wp\/v2\/product_brand?post=27238"},{"taxonomy":"product_cat","embeddable":true,"href":"https:\/\/avesaguiar.ch\/es\/wp-json\/wp\/v2\/product_cat?post=27238"},{"taxonomy":"product_tag","embeddable":true,"href":"https:\/\/avesaguiar.ch\/es\/wp-json\/wp\/v2\/product_tag?post=27238"}],"curies":[{"name":"wp","href":"https:\/\/api.w.org\/{rel}","templated":true}]}}