{"id":27266,"date":"2025-02-20T21:02:34","date_gmt":"2025-02-20T21:02:34","guid":{"rendered":"https:\/\/avesaguiar.ch\/produit\/pate-de-huevo-rojo-graso-1kg\/"},"modified":"2025-02-20T21:02:34","modified_gmt":"2025-02-20T21:02:34","slug":"pate-de-huevo-rojo-graso-1kg","status":"publish","type":"product","link":"https:\/\/avesaguiar.ch\/es\/produit\/pate-de-huevo-rojo-graso-1kg\/","title":{"rendered":"Pat\u00e9 de huevo rojo graso 1Kg"},"content":{"rendered":"<h1>Pat\u00e9 de huevo rojo de Grasse<\/h1>\n<div class=\"product__content\">\n<p><strong>La Harina de Huevo Grasa Roja Deli<\/strong> Nature se adapta perfectamente a las necesidades de las aves j\u00f3venes y adultas. Contiene todos los nutrientes que tus p\u00e1jaros necesitan durante los periodos de descanso, cr\u00eda y muda. Su estructura garantiza una asimilaci\u00f3n total. La Harina de Huevo Grasa Roja Deli Nature es una harina de huevo 100% lista para usar. Es de color blanco, pero contiene cantaxantina y<br \/>\n\u00df-caroteno para ayudar a mantener el plumaje rojo de tus aves. Garantiza un crecimiento y desarrollo \u00f3ptimos de tus aves j\u00f3venes. La adici\u00f3n de \u00e1cidos org\u00e1nicos y or\u00e9gano garantiza un funcionamiento \u00f3ptimo del aparato digestivo.      <\/p>\n<p><strong>Instrucciones de uso :<\/strong><\/p>\n<ul>\n<li>Puede constituir un m\u00e1ximo de 1\/3 de la raci\u00f3n diaria<\/li>\n<li>Periodo de descanso: ofrece pat\u00e9 de huevo 2 \u00f3 3 veces por semana<\/li>\n<li>Periodo de cr\u00eda: ofrece pat\u00e9 de huevo fresco todos los d\u00edas, incluso dos veces al d\u00eda si es posible.<\/li>\n<li>Per\u00edodo de muda: debe ofrecerse todos los d\u00edas para asegurar un aporte de vitaminas y amino\u00e1cidos para una muda suave.<\/li>\n<li>El pat\u00e9 de huevo con grasa roja Deli Nature est\u00e1 listo para usar y se puede preparar con semillas germinadas, trozos de verdura y\/o fruta&#8230;<\/li>\n<\/ul>\n<\/div>\n<div class=\"product__composition\">\n<div class=\"product__composition-summary\" tabindex=\"0\" role=\"button\" data-groupid=\"composition\" data-target=\"[san-id='open-composition']\" data-state=\"open\" data-classlist=\"open\" aria-expanded=\"false\">Composici\u00f3n<\/div>\n<div class=\"product__composition-details open\">Productos de panader\u00eda, Az\u00facar, Subproductos vegetales, Extractos de prote\u00ednas vegetales, Aceites y grasas, Huevos y ovoproductos (6,2%), Semillas, Levadura<\/div>\n<\/div>\n<div class=\"product__ingredients\">\n<div class=\"product__ingredients-summary\" tabindex=\"0\" role=\"button\" data-groupid=\"ingredients\" data-target=\"[san-id='open-ingredients']\" data-state=\"open\" data-classlist=\"open\" aria-expanded=\"false\">Componentes anal\u00edticos<\/div>\n<div class=\"product__ingredients-details open\">15,9 % de prote\u00edna bruta, 14,6 % de grasa bruta, 4,4 % de ceniza bruta, 2,3 % de fibra bruta, 0,73 % de calcio, 0,45 % de f\u00f3sforo<\/div>\n<\/div>\n<div class=\"product__additive\">\n<div class=\"product__ingredients-summary\" tabindex=\"0\" role=\"button\" data-groupid=\"additive\" data-target=\"[san-id='open-additive']\" data-state=\"open\" data-classlist=\"open\" aria-expanded=\"false\">Aditivos<\/div>\n<div class=\"product__ingredients-details open\">Aditivos nutricionales: 13.000 UI de vitamina A, 900 UI de 3a671 vitamina D3, 250 mg de 3a700 vitamina E, 50 mg de 3a300 vitamina C, 120 mg de 3b603 zinc, 150 mg de 3b103 hierro, 15 mg de 3b405 cobre, 50 mg de 3b502 manganeso, 1,2 mg de 3b202 yodo, 0,4 mg de 3b802 selenio, 30 mg de 3a160a betacaroteno. Aditivos tecnol\u00f3gicos: 282 mg E562 Sepiolita, 143,75 mg 1a330 \u00c1cido c\u00edtrico. Aditivos sensoriales: 60 mg 2a161g cantaxantina, 37,5 mg 2b317eo Aceite esencial de Origanum vulgare L, subsp. Hirtum.   <\/div>\n<\/div>\n","protected":false},"excerpt":{"rendered":"<p>Pat\u00e9 de huevo rojo de Grasse La Harina de Huevo Grasa Roja Deli Nature se adapta perfectamente a las necesidades de las aves j\u00f3venes y adultas. Contiene todos los nutrientes que tus p\u00e1jaros necesitan durante los periodos de descanso, cr\u00eda y muda. Su estructura garantiza una asimilaci\u00f3n total. La Harina de Huevo Grasa Roja Deli [&hellip;]<\/p>\n","protected":false},"featured_media":24424,"comment_status":"open","ping_status":"closed","template":"","meta":[],"product_brand":[184],"product_cat":[242,250],"product_tag":[],"class_list":{"0":"post-27266","1":"product","2":"type-product","3":"status-publish","4":"has-post-thumbnail","6":"product_brand-deli-nature","7":"product_cat-fuente-de-alimentacion-2","8":"product_cat-pajaros","11":"first","12":"instock","13":"shipping-taxable","14":"purchasable","15":"product-type-variable"},"jetpack_sharing_enabled":true,"_links":{"self":[{"href":"https:\/\/avesaguiar.ch\/es\/wp-json\/wp\/v2\/product\/27266","targetHints":{"allow":["GET"]}}],"collection":[{"href":"https:\/\/avesaguiar.ch\/es\/wp-json\/wp\/v2\/product"}],"about":[{"href":"https:\/\/avesaguiar.ch\/es\/wp-json\/wp\/v2\/types\/product"}],"replies":[{"embeddable":true,"href":"https:\/\/avesaguiar.ch\/es\/wp-json\/wp\/v2\/comments?post=27266"}],"wp:featuredmedia":[{"embeddable":true,"href":"https:\/\/avesaguiar.ch\/es\/wp-json\/wp\/v2\/media\/24424"}],"wp:attachment":[{"href":"https:\/\/avesaguiar.ch\/es\/wp-json\/wp\/v2\/media?parent=27266"}],"wp:term":[{"taxonomy":"product_brand","embeddable":true,"href":"https:\/\/avesaguiar.ch\/es\/wp-json\/wp\/v2\/product_brand?post=27266"},{"taxonomy":"product_cat","embeddable":true,"href":"https:\/\/avesaguiar.ch\/es\/wp-json\/wp\/v2\/product_cat?post=27266"},{"taxonomy":"product_tag","embeddable":true,"href":"https:\/\/avesaguiar.ch\/es\/wp-json\/wp\/v2\/product_tag?post=27266"}],"curies":[{"name":"wp","href":"https:\/\/api.w.org\/{rel}","templated":true}]}}