{"id":27269,"date":"2025-02-20T20:43:37","date_gmt":"2025-02-20T20:43:37","guid":{"rendered":"https:\/\/avesaguiar.ch\/produit\/pate-de-huevo-amarillo-seco\/"},"modified":"2025-02-20T20:43:37","modified_gmt":"2025-02-20T20:43:37","slug":"pate-de-huevo-amarillo-seco","status":"publish","type":"product","link":"https:\/\/avesaguiar.ch\/es\/produit\/pate-de-huevo-amarillo-seco\/","title":{"rendered":"Pat\u00e9 de huevo amarillo seco"},"content":{"rendered":"<p>Pastel de huevo seco amarillo<\/p>\n<div class=\"product__content\">\n<ul>\n<li>Pat\u00e9 de huevo de alta calidad elaborado con huevos frescos.<\/li>\n<li>Perfecto para la cr\u00eda de todas las especies de canarios.<\/li>\n<li>Para las aves aut\u00f3ctonas, recomendamos enriquecer el pat\u00e9 de huevo con insectos vivos o congelados.<\/li>\n<li><strong>Disponible en 1 kg, 4 kg y 10 kg.<\/strong><\/li>\n<\/ul>\n<\/div>\n<div class=\"product__composition\">\n<div class=\"product__composition-summary\" tabindex=\"0\" role=\"button\" data-groupid=\"composition\" data-target=\"[san-id='open-composition']\" data-state=\"open\" data-classlist=\"open\" aria-expanded=\"false\">Composici\u00f3n<\/div>\n<div class=\"product__composition-details open\">Pan rallado 72%, N\u00edger 1,1%, concentrado de prote\u00edna de soja 8%, perilla marr\u00f3n 1,1%, soja tostada 7%, levadura 1,0%, az\u00facar 4,0%, miel 0,10%, huevos deshidratados 1,5%.<\/div>\n<\/div>\n<div class=\"product__ingredients\">\n<div class=\"product__ingredients-summary\" tabindex=\"0\" role=\"button\" data-groupid=\"ingredients\" data-target=\"[san-id='open-ingredients']\" data-state=\"open\" data-classlist=\"open\" aria-expanded=\"false\">Componentes anal\u00edticos<\/div>\n<div class=\"product__ingredients-details open\">Prote\u00edna bruta 17,5%, fibra bruta 3,1%, grasa bruta 6,5%, ceniza bruta 3,5%.<\/div>\n<\/div>\n","protected":false},"excerpt":{"rendered":"<p>Pastel de huevo seco amarillo Pat\u00e9 de huevo de alta calidad elaborado con huevos frescos. Perfecto para la cr\u00eda de todas las especies de canarios. Para las aves aut\u00f3ctonas, recomendamos enriquecer el pat\u00e9 de huevo con insectos vivos o congelados. Disponible en 1 kg, 4 kg y 10 kg. Composici\u00f3n Pan rallado 72%, N\u00edger 1,1%, [&hellip;]<\/p>\n","protected":false},"featured_media":24391,"comment_status":"open","ping_status":"closed","template":"","meta":[],"product_brand":[184],"product_cat":[242,250],"product_tag":[],"class_list":{"0":"post-27269","1":"product","2":"type-product","3":"status-publish","4":"has-post-thumbnail","6":"product_brand-deli-nature","7":"product_cat-fuente-de-alimentacion-2","8":"product_cat-pajaros","11":"first","12":"instock","13":"shipping-taxable","14":"purchasable","15":"product-type-variable"},"jetpack_sharing_enabled":true,"_links":{"self":[{"href":"https:\/\/avesaguiar.ch\/es\/wp-json\/wp\/v2\/product\/27269","targetHints":{"allow":["GET"]}}],"collection":[{"href":"https:\/\/avesaguiar.ch\/es\/wp-json\/wp\/v2\/product"}],"about":[{"href":"https:\/\/avesaguiar.ch\/es\/wp-json\/wp\/v2\/types\/product"}],"replies":[{"embeddable":true,"href":"https:\/\/avesaguiar.ch\/es\/wp-json\/wp\/v2\/comments?post=27269"}],"wp:featuredmedia":[{"embeddable":true,"href":"https:\/\/avesaguiar.ch\/es\/wp-json\/wp\/v2\/media\/24391"}],"wp:attachment":[{"href":"https:\/\/avesaguiar.ch\/es\/wp-json\/wp\/v2\/media?parent=27269"}],"wp:term":[{"taxonomy":"product_brand","embeddable":true,"href":"https:\/\/avesaguiar.ch\/es\/wp-json\/wp\/v2\/product_brand?post=27269"},{"taxonomy":"product_cat","embeddable":true,"href":"https:\/\/avesaguiar.ch\/es\/wp-json\/wp\/v2\/product_cat?post=27269"},{"taxonomy":"product_tag","embeddable":true,"href":"https:\/\/avesaguiar.ch\/es\/wp-json\/wp\/v2\/product_tag?post=27269"}],"curies":[{"name":"wp","href":"https:\/\/api.w.org\/{rel}","templated":true}]}}