{"id":27282,"date":"2025-02-20T21:13:41","date_gmt":"2025-02-20T21:13:41","guid":{"rendered":"https:\/\/avesaguiar.ch\/produit\/minerales\/"},"modified":"2025-02-20T21:13:41","modified_gmt":"2025-02-20T21:13:41","slug":"minerales","status":"publish","type":"product","link":"https:\/\/avesaguiar.ch\/es\/produit\/minerales\/","title":{"rendered":"Minerales"},"content":{"rendered":"<h1>Minerales<\/h1>\n<div class=\"product__content\">\n<ul>\n<li>Mezcla de distintos tipos de minerales.<\/li>\n<li>Disponible ad libitum todo el a\u00f1o.<\/li>\n<li>Muy importante durante el periodo de preparaci\u00f3n para la \u00e9poca de cr\u00eda (para una buena formaci\u00f3n de la c\u00e1scara de huevo) y durante el crecimiento de las cr\u00edas (para una buena formaci\u00f3n del esqueleto).<\/li>\n<li><strong>Disponible en 660gr.<\/strong><\/li>\n<\/ul>\n<\/div>\n","protected":false},"excerpt":{"rendered":"<p>Minerales Mezcla de distintos tipos de minerales. Disponible ad libitum todo el a\u00f1o. Muy importante durante el periodo de preparaci\u00f3n para la \u00e9poca de cr\u00eda (para una buena formaci\u00f3n de la c\u00e1scara de huevo) y durante el crecimiento de las cr\u00edas (para una buena formaci\u00f3n del esqueleto). Disponible en 660gr.<\/p>\n","protected":false},"featured_media":24435,"comment_status":"open","ping_status":"closed","template":"","meta":[],"product_brand":[184],"product_cat":[247,242,250],"product_tag":[],"class_list":{"0":"post-27282","1":"product","2":"type-product","3":"status-publish","4":"has-post-thumbnail","6":"product_brand-deli-nature","7":"product_cat-complementos-alimenticios-2","8":"product_cat-fuente-de-alimentacion-2","9":"product_cat-pajaros","12":"first","13":"instock","14":"shipping-taxable","15":"purchasable","16":"product-type-simple"},"jetpack_sharing_enabled":true,"_links":{"self":[{"href":"https:\/\/avesaguiar.ch\/es\/wp-json\/wp\/v2\/product\/27282","targetHints":{"allow":["GET"]}}],"collection":[{"href":"https:\/\/avesaguiar.ch\/es\/wp-json\/wp\/v2\/product"}],"about":[{"href":"https:\/\/avesaguiar.ch\/es\/wp-json\/wp\/v2\/types\/product"}],"replies":[{"embeddable":true,"href":"https:\/\/avesaguiar.ch\/es\/wp-json\/wp\/v2\/comments?post=27282"}],"wp:featuredmedia":[{"embeddable":true,"href":"https:\/\/avesaguiar.ch\/es\/wp-json\/wp\/v2\/media\/24435"}],"wp:attachment":[{"href":"https:\/\/avesaguiar.ch\/es\/wp-json\/wp\/v2\/media?parent=27282"}],"wp:term":[{"taxonomy":"product_brand","embeddable":true,"href":"https:\/\/avesaguiar.ch\/es\/wp-json\/wp\/v2\/product_brand?post=27282"},{"taxonomy":"product_cat","embeddable":true,"href":"https:\/\/avesaguiar.ch\/es\/wp-json\/wp\/v2\/product_cat?post=27282"},{"taxonomy":"product_tag","embeddable":true,"href":"https:\/\/avesaguiar.ch\/es\/wp-json\/wp\/v2\/product_tag?post=27282"}],"curies":[{"name":"wp","href":"https:\/\/api.w.org\/{rel}","templated":true}]}}