{"id":27295,"date":"2025-02-18T21:20:41","date_gmt":"2025-02-18T21:20:41","guid":{"rendered":"https:\/\/avesaguiar.ch\/produit\/loros-pantanal-birdelicious-2kg-deli-nature\/"},"modified":"2025-02-18T21:20:41","modified_gmt":"2025-02-18T21:20:41","slug":"loros-pantanal-birdelicious-2kg-deli-nature","status":"publish","type":"product","link":"https:\/\/avesaguiar.ch\/es\/produit\/loros-pantanal-birdelicious-2kg-deli-nature\/","title":{"rendered":"Loros Pantanal Birdelicious 2kg -Deli Nature"},"content":{"rendered":"<p>Papagayos del Pantanal<\/p>\n<div class=\"product__content\">\n<ul>\n<li>Mezcla de alta calidad para todas las especies de guacamayos, microglosses y Aratinga Guaruba.<\/li>\n<li>Una amplia variedad de 12% de frutos secos (nueces de Brasil, nueces de nogal, nueces de cedro, cacahuetes pelados).<\/li>\n<li>Adem\u00e1s de girasoles negros (m\u00e1s ricos en l\u00edpidos), girasoles grandes estriados y blancos y.<\/li>\n<li>Enriquecido con papaya, pi\u00f1a, uvas, &#8230;<\/li>\n<li>Enriquecido con extruidos (que contienen vitaminas, amino\u00e1cidos y oligoelementos adicionales).<\/li>\n<li>Enriquecido con arenilla de ave.<\/li>\n<li><strong>Disponible en 2 kg.<\/strong><\/li>\n<\/ul>\n<\/div>\n<div class=\"product__composition\">\n<div class=\"product__composition-summary\" tabindex=\"0\" role=\"button\" data-groupid=\"composition\" data-target=\"[san-id='open-composition']\" data-state=\"open\" data-classlist=\"open\" aria-expanded=\"false\">Composici\u00f3n<\/div>\n<div class=\"product__composition-details open\">Semillas (1% de ch\u00eda, 1% de quinoa), cereales, frutos secos (3% de nueces de cedro, 3% de nueces de Brasil, 3% de cacahuetes, 1,5% de nueces), fruta (1,5% de rosa mosqueta deshidratada, 0,8% de pl\u00e1tano deshidratado, 0,8% de fresno de monta\u00f1a deshidratado, 0,8% pi\u00f1a deshidratada, 0,8% papaya deshidratada), verduras (2% zanahoria deshidratada, 0,7% guindilla), minerales (2,5% arenilla de ave), subproductos vegetales, levadura, aceites y grasas.<\/div>\n<\/div>\n<div class=\"product__ingredients\">\n<div class=\"product__ingredients-summary\" tabindex=\"0\" role=\"button\" data-groupid=\"ingredients\" data-target=\"[san-id='open-ingredients']\" data-state=\"open\" data-classlist=\"open\" aria-expanded=\"false\">Componentes anal\u00edticos<\/div>\n<div class=\"product__ingredients-details open\">14,5% de prote\u00edna bruta, 21% de grasa bruta, 4% de ceniza bruta, 16,5% de fibra bruta, 0,9% de calcio, 0,3% de f\u00f3sforo, 0,02% de sodio, 0,4% de lisina, 0,2% de metionina<\/div>\n<\/div>\n","protected":false},"excerpt":{"rendered":"<p>Papagayos del Pantanal Mezcla de alta calidad para todas las especies de guacamayos, microglosses y Aratinga Guaruba. Una amplia variedad de 12% de frutos secos (nueces de Brasil, nueces de nogal, nueces de cedro, cacahuetes pelados). Adem\u00e1s de girasoles negros (m\u00e1s ricos en l\u00edpidos), girasoles grandes estriados y blancos y. Enriquecido con papaya, pi\u00f1a, uvas, [&hellip;]<\/p>\n","protected":false},"featured_media":24318,"comment_status":"open","ping_status":"closed","template":"","meta":[],"product_brand":[184],"product_cat":[242,250],"product_tag":[],"class_list":{"0":"post-27295","1":"product","2":"type-product","3":"status-publish","4":"has-post-thumbnail","6":"product_brand-deli-nature","7":"product_cat-fuente-de-alimentacion-2","8":"product_cat-pajaros","11":"first","12":"outofstock","13":"shipping-taxable","14":"purchasable","15":"product-type-simple"},"jetpack_sharing_enabled":true,"_links":{"self":[{"href":"https:\/\/avesaguiar.ch\/es\/wp-json\/wp\/v2\/product\/27295","targetHints":{"allow":["GET"]}}],"collection":[{"href":"https:\/\/avesaguiar.ch\/es\/wp-json\/wp\/v2\/product"}],"about":[{"href":"https:\/\/avesaguiar.ch\/es\/wp-json\/wp\/v2\/types\/product"}],"replies":[{"embeddable":true,"href":"https:\/\/avesaguiar.ch\/es\/wp-json\/wp\/v2\/comments?post=27295"}],"wp:featuredmedia":[{"embeddable":true,"href":"https:\/\/avesaguiar.ch\/es\/wp-json\/wp\/v2\/media\/24318"}],"wp:attachment":[{"href":"https:\/\/avesaguiar.ch\/es\/wp-json\/wp\/v2\/media?parent=27295"}],"wp:term":[{"taxonomy":"product_brand","embeddable":true,"href":"https:\/\/avesaguiar.ch\/es\/wp-json\/wp\/v2\/product_brand?post=27295"},{"taxonomy":"product_cat","embeddable":true,"href":"https:\/\/avesaguiar.ch\/es\/wp-json\/wp\/v2\/product_cat?post=27295"},{"taxonomy":"product_tag","embeddable":true,"href":"https:\/\/avesaguiar.ch\/es\/wp-json\/wp\/v2\/product_tag?post=27295"}],"curies":[{"name":"wp","href":"https:\/\/api.w.org\/{rel}","templated":true}]}}