{"id":27299,"date":"2025-02-18T21:38:31","date_gmt":"2025-02-18T21:38:31","guid":{"rendered":"https:\/\/avesaguiar.ch\/produit\/periquitos-grandes-y-loros-huevos-grasse\/"},"modified":"2025-02-18T21:38:31","modified_gmt":"2025-02-18T21:38:31","slug":"periquitos-grandes-y-loros-huevos-grasse","status":"publish","type":"product","link":"https:\/\/avesaguiar.ch\/es\/produit\/periquitos-grandes-y-loros-huevos-grasse\/","title":{"rendered":"Periquitos grandes y loros Huevos Grasse"},"content":{"rendered":"<p>Periquitos grandes y loros Huevos Grasse<\/p>\n<div class=\"product__content\">\n<ul>\n<li>Es un pat\u00e9 listo para usar elaborado con huevos frescos.<\/li>\n<li>La estructura gruesa garantiza una asimilaci\u00f3n total por parte de tus periquitos y loros grandes.<\/li>\n<li>La adici\u00f3n de miel 100% natural hace que el pat\u00e9 sea muy apetitoso.<\/li>\n<li>El pat\u00e9 se enriquece con gambas y langostinos secos, uvas, bayas de serbal y una mezcla de verduras.<\/li>\n<li>Todos estos suplementos lo hacen extremadamente apetecible, convirti\u00e9ndolo en una aut\u00e9ntica golosina muy apreciada por tus amigos de pico anzuelo.<\/li>\n<li>Se puede preparar pat\u00e9 de huevo con semillas germinadas (periquitos grandes y loros de Deli Nature), trozos de fruta y\/o verdura, etc.<\/li>\n<li><strong>Disponible en 4Kg . 10kg. <\/strong><\/li>\n<\/ul>\n<\/div>\n<div class=\"product__composition\">\n<div class=\"product__composition-summary\" tabindex=\"0\" role=\"button\" data-groupid=\"composition\" data-target=\"[san-id='open-composition']\" data-state=\"open\" data-classlist=\"open\" aria-expanded=\"false\">Composici\u00f3n<\/div>\n<div class=\"product__composition-details open\">Pan rallado 44%, verduras (cebolla, puerro, col rizada y chiriv\u00eda) 2,5%, pasas 2,5%, az\u00facar 14%, huevos deshidratados 1,5%, gluten de ma\u00edz 7%, gambas 1,5%, concentrado de prote\u00edna de soja 5%, sorbete de fresas silvestres 1,0%, aceite de palmiste 4,5%, levadura 1,0%, habas de soja tostadas 4,4%, miel 0,10%, avena pelada 3,4%, cloruro s\u00f3dico 0,06%.<\/div>\n<\/div>\n<div class=\"product__ingredients\">\n<div class=\"product__ingredients-summary\" tabindex=\"0\" role=\"button\" data-groupid=\"ingredients\" data-target=\"[san-id='open-ingredients']\" data-state=\"open\" data-classlist=\"open\" aria-expanded=\"false\">Componentes anal\u00edticos<\/div>\n<div class=\"product__ingredients-details open\">Prote\u00edna bruta 16,3%, fibra bruta 2,8%, grasa bruta 13,5%, ceniza bruta 3,3%.<\/div>\n<\/div>\n","protected":false},"excerpt":{"rendered":"<p>Periquitos grandes y loros Huevos Grasse Es un pat\u00e9 listo para usar elaborado con huevos frescos. La estructura gruesa garantiza una asimilaci\u00f3n total por parte de tus periquitos y loros grandes. La adici\u00f3n de miel 100% natural hace que el pat\u00e9 sea muy apetitoso. El pat\u00e9 se enriquece con gambas y langostinos secos, uvas, bayas [&hellip;]<\/p>\n","protected":false},"featured_media":24346,"comment_status":"open","ping_status":"closed","template":"","meta":[],"product_brand":[184],"product_cat":[242,250],"product_tag":[],"class_list":{"0":"post-27299","1":"product","2":"type-product","3":"status-publish","4":"has-post-thumbnail","6":"product_brand-deli-nature","7":"product_cat-fuente-de-alimentacion-2","8":"product_cat-pajaros","11":"first","12":"instock","13":"shipping-taxable","14":"purchasable","15":"product-type-variable"},"jetpack_sharing_enabled":true,"_links":{"self":[{"href":"https:\/\/avesaguiar.ch\/es\/wp-json\/wp\/v2\/product\/27299","targetHints":{"allow":["GET"]}}],"collection":[{"href":"https:\/\/avesaguiar.ch\/es\/wp-json\/wp\/v2\/product"}],"about":[{"href":"https:\/\/avesaguiar.ch\/es\/wp-json\/wp\/v2\/types\/product"}],"replies":[{"embeddable":true,"href":"https:\/\/avesaguiar.ch\/es\/wp-json\/wp\/v2\/comments?post=27299"}],"wp:featuredmedia":[{"embeddable":true,"href":"https:\/\/avesaguiar.ch\/es\/wp-json\/wp\/v2\/media\/24346"}],"wp:attachment":[{"href":"https:\/\/avesaguiar.ch\/es\/wp-json\/wp\/v2\/media?parent=27299"}],"wp:term":[{"taxonomy":"product_brand","embeddable":true,"href":"https:\/\/avesaguiar.ch\/es\/wp-json\/wp\/v2\/product_brand?post=27299"},{"taxonomy":"product_cat","embeddable":true,"href":"https:\/\/avesaguiar.ch\/es\/wp-json\/wp\/v2\/product_cat?post=27299"},{"taxonomy":"product_tag","embeddable":true,"href":"https:\/\/avesaguiar.ch\/es\/wp-json\/wp\/v2\/product_tag?post=27299"}],"curies":[{"name":"wp","href":"https:\/\/api.w.org\/{rel}","templated":true}]}}