{"id":27303,"date":"2025-02-18T21:31:30","date_gmt":"2025-02-18T21:31:30","guid":{"rendered":"https:\/\/avesaguiar.ch\/produit\/parrots-down-under-birdelicious-2kg-deli-nature\/"},"modified":"2025-02-18T21:31:30","modified_gmt":"2025-02-18T21:31:30","slug":"parrots-down-under-birdelicious-2kg-deli-nature","status":"publish","type":"product","link":"https:\/\/avesaguiar.ch\/es\/produit\/parrots-down-under-birdelicious-2kg-deli-nature\/","title":{"rendered":"Parrots Down Under Birdelicious 2Kg-Deli Nature"},"content":{"rendered":"<p>Loros de Australia Birdelicious<\/p>\n<div class=\"product__content\">\n<ul>\n<li>Una mezcla que satisface las necesidades de todas las especies de cacat\u00faas (excepto las microglobosas).<\/li>\n<li>Mezcla ligera enriquecida con vezas, cardo mariano y una gran proporci\u00f3n de semillas peque\u00f1as, como alpiste, mijo, etc.<\/li>\n<li>Con uvas, trozos de manzana, rodajas de pl\u00e1tano, trozos de zanahoria y guindillas.<\/li>\n<li>Enriquecido con extruidos (que contienen vitaminas, amino\u00e1cidos y oligoelementos adicionales).<\/li>\n<li>Enriquecido con arenilla de ave.<\/li>\n<li>Disponible en 2 kg.<\/li>\n<\/ul>\n<\/div>\n<div class=\"product__composition\">\n<div class=\"product__composition-summary\" tabindex=\"0\" role=\"button\" data-groupid=\"composition\" data-target=\"[san-id='open-composition']\" data-state=\"open\" data-classlist=\"open\" aria-expanded=\"false\">Composici\u00f3n<\/div>\n<div class=\"product__composition-details open\">Semillas (1% de ch\u00eda, 1% de quinoa), cereales, fruta (2% de pl\u00e1tano deshidratado, 0,8% de serbal deshidratado, 1% de pasas sultanas, 0,7% de escaramujo deshidratado, 0,7% de bayas de enebro deshidratadas, 0,7% de manzanas deshidratadas), verduras (2% de zanahorias deshidratadas, 0,7% de guindillas), minerales (2,5% de arenilla de ave), frutos secos (1% de cacahuetes, 0,7% de nueces), subproductos vegetales, levadura, aceites y grasas.<\/div>\n<\/div>\n<div class=\"product__ingredients\">\n<div class=\"product__ingredients-summary\" tabindex=\"0\" role=\"button\" data-groupid=\"ingredients\" data-target=\"[san-id='open-ingredients']\" data-state=\"open\" data-classlist=\"open\" aria-expanded=\"false\">Componentes anal\u00edticos<\/div>\n<div class=\"product__ingredients-details open\">13,5% de prote\u00edna bruta, 17% de grasa bruta, 4,5% de ceniza bruta, 15% de fibra bruta, 0,9% de calcio, 0,3% de f\u00f3sforo, 0,4% de lisina, 0,2% de metionina<\/div>\n<\/div>\n","protected":false},"excerpt":{"rendered":"<p>Loros de Australia Birdelicious Una mezcla que satisface las necesidades de todas las especies de cacat\u00faas (excepto las microglobosas). Mezcla ligera enriquecida con vezas, cardo mariano y una gran proporci\u00f3n de semillas peque\u00f1as, como alpiste, mijo, etc. Con uvas, trozos de manzana, rodajas de pl\u00e1tano, trozos de zanahoria y guindillas. Enriquecido con extruidos (que contienen [&hellip;]<\/p>\n","protected":false},"featured_media":24340,"comment_status":"open","ping_status":"closed","template":"","meta":[],"product_brand":[184],"product_cat":[242,250],"product_tag":[],"class_list":{"0":"post-27303","1":"product","2":"type-product","3":"status-publish","4":"has-post-thumbnail","6":"product_brand-deli-nature","7":"product_cat-fuente-de-alimentacion-2","8":"product_cat-pajaros","11":"first","12":"instock","13":"shipping-taxable","14":"purchasable","15":"product-type-simple"},"jetpack_sharing_enabled":true,"_links":{"self":[{"href":"https:\/\/avesaguiar.ch\/es\/wp-json\/wp\/v2\/product\/27303","targetHints":{"allow":["GET"]}}],"collection":[{"href":"https:\/\/avesaguiar.ch\/es\/wp-json\/wp\/v2\/product"}],"about":[{"href":"https:\/\/avesaguiar.ch\/es\/wp-json\/wp\/v2\/types\/product"}],"replies":[{"embeddable":true,"href":"https:\/\/avesaguiar.ch\/es\/wp-json\/wp\/v2\/comments?post=27303"}],"wp:featuredmedia":[{"embeddable":true,"href":"https:\/\/avesaguiar.ch\/es\/wp-json\/wp\/v2\/media\/24340"}],"wp:attachment":[{"href":"https:\/\/avesaguiar.ch\/es\/wp-json\/wp\/v2\/media?parent=27303"}],"wp:term":[{"taxonomy":"product_brand","embeddable":true,"href":"https:\/\/avesaguiar.ch\/es\/wp-json\/wp\/v2\/product_brand?post=27303"},{"taxonomy":"product_cat","embeddable":true,"href":"https:\/\/avesaguiar.ch\/es\/wp-json\/wp\/v2\/product_cat?post=27303"},{"taxonomy":"product_tag","embeddable":true,"href":"https:\/\/avesaguiar.ch\/es\/wp-json\/wp\/v2\/product_tag?post=27303"}],"curies":[{"name":"wp","href":"https:\/\/api.w.org\/{rel}","templated":true}]}}