{"id":27351,"date":"2025-01-09T11:42:56","date_gmt":"2025-01-09T11:42:56","guid":{"rendered":"https:\/\/avesaguiar.ch\/produit\/arbol-para-gatos-natural-blossom\/"},"modified":"2025-01-09T11:42:56","modified_gmt":"2025-01-09T11:42:56","slug":"arbol-para-gatos-natural-blossom","status":"publish","type":"product","link":"https:\/\/avesaguiar.ch\/es\/produit\/arbol-para-gatos-natural-blossom\/","title":{"rendered":"\u00c1rbol para gatos Natural Blossom"},"content":{"rendered":"<p>\u00c1rbol para gatos Natural Blossom<\/p>\n<ul>\n<li>  \u00c1rbol para gatos<\/li>\n<li>Permite a los gatos dom\u00e9sticos ara\u00f1ar como lo har\u00edan en la naturaleza<\/li>\n<li>Materiales trenzados naturales (sisal, yute, jacinto de agua, hojas de pl\u00e1tano)<\/li>\n<li>C\u00f3modos cojines y estantes de felpa<\/li>\n<li>Dimensiones 50x50x87,5 cm<\/li>\n<\/ul>\n","protected":false},"excerpt":{"rendered":"<ul>\n<li>C\u00f3modos cojines y estantes de felpa<\/li>\n<\/ul>\n","protected":false},"featured_media":23084,"comment_status":"open","ping_status":"closed","template":"","meta":[],"product_brand":[60],"product_cat":[271,270],"product_tag":[],"class_list":{"0":"post-27351","1":"product","2":"type-product","3":"status-publish","4":"has-post-thumbnail","6":"product_brand-raggio-di-sole","7":"product_cat-accesorios-2","8":"product_cat-gatos","11":"first","12":"instock","13":"sale","14":"shipping-taxable","15":"purchasable","16":"product-type-simple"},"jetpack_sharing_enabled":true,"_links":{"self":[{"href":"https:\/\/avesaguiar.ch\/es\/wp-json\/wp\/v2\/product\/27351","targetHints":{"allow":["GET"]}}],"collection":[{"href":"https:\/\/avesaguiar.ch\/es\/wp-json\/wp\/v2\/product"}],"about":[{"href":"https:\/\/avesaguiar.ch\/es\/wp-json\/wp\/v2\/types\/product"}],"replies":[{"embeddable":true,"href":"https:\/\/avesaguiar.ch\/es\/wp-json\/wp\/v2\/comments?post=27351"}],"wp:featuredmedia":[{"embeddable":true,"href":"https:\/\/avesaguiar.ch\/es\/wp-json\/wp\/v2\/media\/23084"}],"wp:attachment":[{"href":"https:\/\/avesaguiar.ch\/es\/wp-json\/wp\/v2\/media?parent=27351"}],"wp:term":[{"taxonomy":"product_brand","embeddable":true,"href":"https:\/\/avesaguiar.ch\/es\/wp-json\/wp\/v2\/product_brand?post=27351"},{"taxonomy":"product_cat","embeddable":true,"href":"https:\/\/avesaguiar.ch\/es\/wp-json\/wp\/v2\/product_cat?post=27351"},{"taxonomy":"product_tag","embeddable":true,"href":"https:\/\/avesaguiar.ch\/es\/wp-json\/wp\/v2\/product_tag?post=27351"}],"curies":[{"name":"wp","href":"https:\/\/api.w.org\/{rel}","templated":true}]}}