{"id":27356,"date":"2025-01-09T18:21:48","date_gmt":"2025-01-09T18:21:48","guid":{"rendered":"https:\/\/avesaguiar.ch\/produit\/klaus-spot-on-10ml\/"},"modified":"2025-01-09T18:21:48","modified_gmt":"2025-01-09T18:21:48","slug":"klaus-spot-on-10ml","status":"publish","type":"product","link":"https:\/\/avesaguiar.ch\/es\/produit\/klaus-spot-on-10ml\/","title":{"rendered":"Klaus- Spot On 10ml"},"content":{"rendered":"<p><span style=\"font-family: Calibri;\">Spot On (gotas para el cuello de p\u00e1jaros y palomas) 10ml  <\/span><\/p>\n<p><span style=\"font-family: Calibri;\">Spot-On Gotas para el Cuello es un producto de cuidado especial para la protecci\u00f3n contra influencias indeseables hasta 5 meses despu\u00e9s de su aplicaci\u00f3n y uso en aves de m\u00e1s de 5 semanas.<\/span><\/p>\n<p><span style=\"font-family: Calibri;\">Para la primera aplicaci\u00f3n, es importante que el plumaje est\u00e9 bien cuidado y limpio.<\/span><\/p>\n<p><span style=\"font-family: Calibri;\">Para que el efecto sea duradero, debes utilizar las gotas con regularidad.<\/span><\/p>\n<p><span style=\"font-family: Calibri;\"> <\/span><\/p>\n<p><span style=\"font-family: Calibri;\">Instrucciones de uso :<\/span><\/p>\n<p><span style=\"font-family: Calibri;\">Spot-On est\u00e1 listo para usar.<\/span><\/p>\n<p><span style=\"font-family: Calibri;\">Pon de 1 a 2 gotas sobre la piel, seg\u00fan el peso corporal, despu\u00e9s de levantar las plumas de la nuca y al principio de la cola.<\/span><\/p>\n<p><span style=\"font-family: Calibri;\">Medidas de precauci\u00f3n :<\/span><\/p>\n<p><span style=\"font-family: Calibri;\">En raras ocasiones, puede producirse irritaci\u00f3n. Lava cualquier residuo con una soluci\u00f3n jabonosa y deja de utilizar el producto. L\u00e1vate las manos despu\u00e9s de usarlo.  <\/span><\/p>\n<p><span style=\"font-family: Calibri;\"> <\/span><\/p>\n<p><span style=\"font-family: Calibri;\">Tenlo en cuenta:<\/span><\/p>\n<p><span style=\"font-family: Calibri;\">Dada su composici\u00f3n, este producto no es un medicamento para animales ni un biocida, sino que debe considerarse como un producto de cuidado para uso externo.<\/span><\/p>\n<p><span style=\"font-family: Calibri;\"> <\/span><\/p>\n<p><span style=\"font-family: Calibri;\">Consejos de seguridad :<\/span><\/p>\n<p><span style=\"font-family: Calibri;\"> <\/span><\/p>\n<p><span style=\"font-family: Calibri;\">Gu\u00e1rdalo bajo llave. Mantener fuera del alcance de los ni\u00f1os. <\/span><\/p>\n<p>&nbsp;<\/p>\n","protected":false},"excerpt":{"rendered":"<p>Spot On (gotas para el cuello de p\u00e1jaros y palomas) 10ml Spot-On Gotas para el Cuello es un producto de cuidado especial para la protecci\u00f3n contra influencias indeseables hasta 5 meses despu\u00e9s de su aplicaci\u00f3n y uso en aves de m\u00e1s de 5 semanas. Para la primera aplicaci\u00f3n, es importante que el plumaje est\u00e9 bien [&hellip;]<\/p>\n","protected":false},"featured_media":23755,"comment_status":"open","ping_status":"closed","template":"","meta":[],"product_brand":[187],"product_cat":[318,250,255],"product_tag":[],"class_list":{"0":"post-27356","1":"product","2":"type-product","3":"status-publish","4":"has-post-thumbnail","6":"product_brand-kinlys","7":"product_cat-limpieza-higiene","8":"product_cat-pajaros","9":"product_cat-palomas","12":"first","13":"instock","14":"shipping-taxable","15":"purchasable","16":"product-type-simple"},"jetpack_sharing_enabled":true,"_links":{"self":[{"href":"https:\/\/avesaguiar.ch\/es\/wp-json\/wp\/v2\/product\/27356","targetHints":{"allow":["GET"]}}],"collection":[{"href":"https:\/\/avesaguiar.ch\/es\/wp-json\/wp\/v2\/product"}],"about":[{"href":"https:\/\/avesaguiar.ch\/es\/wp-json\/wp\/v2\/types\/product"}],"replies":[{"embeddable":true,"href":"https:\/\/avesaguiar.ch\/es\/wp-json\/wp\/v2\/comments?post=27356"}],"wp:featuredmedia":[{"embeddable":true,"href":"https:\/\/avesaguiar.ch\/es\/wp-json\/wp\/v2\/media\/23755"}],"wp:attachment":[{"href":"https:\/\/avesaguiar.ch\/es\/wp-json\/wp\/v2\/media?parent=27356"}],"wp:term":[{"taxonomy":"product_brand","embeddable":true,"href":"https:\/\/avesaguiar.ch\/es\/wp-json\/wp\/v2\/product_brand?post=27356"},{"taxonomy":"product_cat","embeddable":true,"href":"https:\/\/avesaguiar.ch\/es\/wp-json\/wp\/v2\/product_cat?post=27356"},{"taxonomy":"product_tag","embeddable":true,"href":"https:\/\/avesaguiar.ch\/es\/wp-json\/wp\/v2\/product_tag?post=27356"}],"curies":[{"name":"wp","href":"https:\/\/api.w.org\/{rel}","templated":true}]}}