{"id":27389,"date":"2025-01-09T22:32:54","date_gmt":"2025-01-09T22:32:54","guid":{"rendered":"https:\/\/avesaguiar.ch\/produit\/nectar-para-loris-y-loriquets-500g\/"},"modified":"2025-01-09T22:32:54","modified_gmt":"2025-01-09T22:32:54","slug":"nectar-para-loris-y-loriquets-500g","status":"publish","type":"product","link":"https:\/\/avesaguiar.ch\/es\/produit\/nectar-para-loris-y-loriquets-500g\/","title":{"rendered":"N\u00e9ctar para Loris y Loriquets 500g"},"content":{"rendered":"<p>Lorinec de la gama Raggio di Sole es un alimento completo formulado para loros pertenecientes a la subfamilia Loriinae.<\/p>\n<p>La presencia de az\u00facares esenciales, la suplementaci\u00f3n mineral-vitam\u00ednica equilibrada y espec\u00edfica y la excelente palatabilidad hacen de este producto la dieta ideal para loris y loriquitos en todas las etapas de la vida.<\/p>\n","protected":false},"excerpt":{"rendered":"<p>Lorinec de la gama Raggio di Sole es un alimento completo formulado para loros pertenecientes a la subfamilia Loriinae. La presencia de az\u00facares esenciales, la suplementaci\u00f3n mineral-vitam\u00ednica equilibrada y espec\u00edfica y la excelente palatabilidad hacen de este producto la dieta ideal para loris y loriquitos en todas las etapas de la vida.<\/p>\n","protected":false},"featured_media":23878,"comment_status":"open","ping_status":"closed","template":"","meta":[],"product_brand":[60],"product_cat":[242,250],"product_tag":[],"class_list":{"0":"post-27389","1":"product","2":"type-product","3":"status-publish","4":"has-post-thumbnail","6":"product_brand-raggio-di-sole","7":"product_cat-fuente-de-alimentacion-2","8":"product_cat-pajaros","11":"first","12":"instock","13":"shipping-taxable","14":"purchasable","15":"product-type-simple"},"jetpack_sharing_enabled":true,"_links":{"self":[{"href":"https:\/\/avesaguiar.ch\/es\/wp-json\/wp\/v2\/product\/27389","targetHints":{"allow":["GET"]}}],"collection":[{"href":"https:\/\/avesaguiar.ch\/es\/wp-json\/wp\/v2\/product"}],"about":[{"href":"https:\/\/avesaguiar.ch\/es\/wp-json\/wp\/v2\/types\/product"}],"replies":[{"embeddable":true,"href":"https:\/\/avesaguiar.ch\/es\/wp-json\/wp\/v2\/comments?post=27389"}],"wp:featuredmedia":[{"embeddable":true,"href":"https:\/\/avesaguiar.ch\/es\/wp-json\/wp\/v2\/media\/23878"}],"wp:attachment":[{"href":"https:\/\/avesaguiar.ch\/es\/wp-json\/wp\/v2\/media?parent=27389"}],"wp:term":[{"taxonomy":"product_brand","embeddable":true,"href":"https:\/\/avesaguiar.ch\/es\/wp-json\/wp\/v2\/product_brand?post=27389"},{"taxonomy":"product_cat","embeddable":true,"href":"https:\/\/avesaguiar.ch\/es\/wp-json\/wp\/v2\/product_cat?post=27389"},{"taxonomy":"product_tag","embeddable":true,"href":"https:\/\/avesaguiar.ch\/es\/wp-json\/wp\/v2\/product_tag?post=27389"}],"curies":[{"name":"wp","href":"https:\/\/api.w.org\/{rel}","templated":true}]}}