{"id":27419,"date":"2025-01-12T12:19:05","date_gmt":"2025-01-12T12:19:05","guid":{"rendered":"https:\/\/avesaguiar.ch\/produit\/patee-th-blanco-extra-12kg-raggio-di-sole\/"},"modified":"2025-01-12T12:19:05","modified_gmt":"2025-01-12T12:19:05","slug":"patee-th-blanco-extra-12kg-raggio-di-sole","status":"publish","type":"product","link":"https:\/\/avesaguiar.ch\/es\/produit\/patee-th-blanco-extra-12kg-raggio-di-sole\/","title":{"rendered":"Pat\u00e9e TH Blanco Extra 12kg &#8211; Raggio Di Sole"},"content":{"rendered":"<div class=\"contentContainer\">\n<div class=\"contentText\">\n<p>Pat\u00e9e TH Blanco Extra 12kg &#8211; Raggio Di Sole<\/p>\n<p>Alimento completo para la cr\u00eda de aves gran\u00edvoras y m\u00e1s concretamente para canarios lipocrom\u00e1ticos &#8211; canarios blancos, mosaico, schimmels o de postura.<\/p>\n<div class=\"contentContainer\">\n<div class=\"contentText\">\n<p>Pienso seco profesional a base de galletas con clara de huevo, prote\u00ednas animales y vegetales nobles, rico en amino\u00e1cidos esenciales, para mejorar la degluci\u00f3n de los padres y el desarrollo de los pollitos.<\/p>\n<p>Est\u00e1 absolutamente libre de colorantes o pigmentos que puedan crear un dorado indeseable del plumaje.<\/p>\n<p>Recomendamos utilizarlo humedecido con agua, zumo de verduras, semillas cocidas (Cucina) o germinadas (Germoglio), desde un mes antes de la fecha de cubrici\u00f3n y durante toda la temporada de cr\u00eda. Es ideal para los animales j\u00f3venes en el momento del destete. <\/p>\n<p>Informaci\u00f3n importante y exclusiva Raggio di Sole :<\/p>\n<p>El cubo de 4 kg de pat\u00e9 contiene una bolsita de 50 g de Pat\u00e9 Fly Premix.<\/p>\n<p>Para los paquetes de 12 kg, tendr\u00e1s tres, es decir, 150 g en total.<\/p>\n<p>Este polvo contiene complementos alimenticios de alta calidad muy ricos en nutrientes, como vitaminas, minerales y amino\u00e1cidos esenciales.<\/p>\n<p>No olvides que cualquier alimento que entra en contacto con el ox\u00edgeno o la luz se estropea u oxida r\u00e1pida y naturalmente.<\/p>\n<p>C\u00f3mo utilizar el sobre: Mezcla bien la Pasta Fly Premix 1% cuando est\u00e9s listo para utilizarla (equivale a 10 &#8211; 12 g\/kg).<\/p>\n<p>An\u00e1lisis qu\u00edmico: Prote\u00edna 20,50%, Grasa 4,30%, Fibra 1,20%, Ceniza 2,10%, Humedad 8,50<\/p>\n<\/div>\n<\/div>\n<\/div>\n<\/div>\n","protected":false},"excerpt":{"rendered":"<p>Pat\u00e9e TH Blanco Extra 12kg &#8211; Raggio Di Sole Alimento completo para la cr\u00eda de aves gran\u00edvoras y m\u00e1s concretamente para canarios lipocrom\u00e1ticos &#8211; canarios blancos, mosaico, schimmels o de postura. Pienso seco profesional a base de galletas con clara de huevo, prote\u00ednas animales y vegetales nobles, rico en amino\u00e1cidos esenciales, para mejorar la degluci\u00f3n [&hellip;]<\/p>\n","protected":false},"featured_media":24013,"comment_status":"open","ping_status":"closed","template":"","meta":[],"product_brand":[60],"product_cat":[242,250],"product_tag":[],"class_list":{"0":"post-27419","1":"product","2":"type-product","3":"status-publish","4":"has-post-thumbnail","6":"product_brand-raggio-di-sole","7":"product_cat-fuente-de-alimentacion-2","8":"product_cat-pajaros","11":"first","12":"instock","13":"shipping-taxable","14":"purchasable","15":"product-type-variable"},"jetpack_sharing_enabled":true,"_links":{"self":[{"href":"https:\/\/avesaguiar.ch\/es\/wp-json\/wp\/v2\/product\/27419","targetHints":{"allow":["GET"]}}],"collection":[{"href":"https:\/\/avesaguiar.ch\/es\/wp-json\/wp\/v2\/product"}],"about":[{"href":"https:\/\/avesaguiar.ch\/es\/wp-json\/wp\/v2\/types\/product"}],"replies":[{"embeddable":true,"href":"https:\/\/avesaguiar.ch\/es\/wp-json\/wp\/v2\/comments?post=27419"}],"wp:featuredmedia":[{"embeddable":true,"href":"https:\/\/avesaguiar.ch\/es\/wp-json\/wp\/v2\/media\/24013"}],"wp:attachment":[{"href":"https:\/\/avesaguiar.ch\/es\/wp-json\/wp\/v2\/media?parent=27419"}],"wp:term":[{"taxonomy":"product_brand","embeddable":true,"href":"https:\/\/avesaguiar.ch\/es\/wp-json\/wp\/v2\/product_brand?post=27419"},{"taxonomy":"product_cat","embeddable":true,"href":"https:\/\/avesaguiar.ch\/es\/wp-json\/wp\/v2\/product_cat?post=27419"},{"taxonomy":"product_tag","embeddable":true,"href":"https:\/\/avesaguiar.ch\/es\/wp-json\/wp\/v2\/product_tag?post=27419"}],"curies":[{"name":"wp","href":"https:\/\/api.w.org\/{rel}","templated":true}]}}