{"id":27440,"date":"2025-02-16T20:49:20","date_gmt":"2025-02-16T20:49:20","guid":{"rendered":"https:\/\/avesaguiar.ch\/produit\/n53-canaris-extra-20kg-deli-nature\/"},"modified":"2025-02-16T20:49:20","modified_gmt":"2025-02-16T20:49:20","slug":"n53-canaris-extra-20kg-deli-nature","status":"publish","type":"product","link":"https:\/\/avesaguiar.ch\/es\/produit\/n53-canaris-extra-20kg-deli-nature\/","title":{"rendered":"N\u00b053 Canaris Extra 20kg &#8211; Deli Nature"},"content":{"rendered":"<div class=\"product__content\">\n<p>N\u00b053 Canarios Extra 20kg<\/p>\n<p>Mezcla b\u00e1sica est\u00e1ndar para todas las especies de canarios.<\/p>\n<p>Ideal para canarios de canto (por ejemplo, Harz, Malinois, Timbrado), pero tambi\u00e9n para canarios de color y de postura.<\/p>\n<\/div>\n<div class=\"product__composition\">\n<div class=\"product__composition-summary\" tabindex=\"0\" role=\"button\" data-groupid=\"composition\" data-target=\"[san-id='open-composition']\" data-state=\"open\" data-classlist=\"open\" aria-expanded=\"false\">Composici\u00f3n<\/div>\n<div class=\"product__composition-details open\">Alpiste, nabos, linaza, avena pelada, colza, niger, c\u00e1\u00f1amo<\/div>\n<\/div>\n","protected":false},"excerpt":{"rendered":"<p>N\u00b053 Canarios Extra 20kg Mezcla b\u00e1sica est\u00e1ndar para todas las especies de canarios. Ideal para canarios de canto (por ejemplo, Harz, Malinois, Timbrado), pero tambi\u00e9n para canarios de color y de postura. Composici\u00f3n Alpiste, nabos, linaza, avena pelada, colza, niger, c\u00e1\u00f1amo<\/p>\n","protected":false},"featured_media":24172,"comment_status":"open","ping_status":"closed","template":"","meta":[],"product_brand":[184],"product_cat":[242,250],"product_tag":[],"class_list":{"0":"post-27440","1":"product","2":"type-product","3":"status-publish","4":"has-post-thumbnail","6":"product_brand-deli-nature","7":"product_cat-fuente-de-alimentacion-2","8":"product_cat-pajaros","11":"first","12":"onbackorder","13":"shipping-taxable","14":"purchasable","15":"product-type-simple"},"jetpack_sharing_enabled":true,"_links":{"self":[{"href":"https:\/\/avesaguiar.ch\/es\/wp-json\/wp\/v2\/product\/27440","targetHints":{"allow":["GET"]}}],"collection":[{"href":"https:\/\/avesaguiar.ch\/es\/wp-json\/wp\/v2\/product"}],"about":[{"href":"https:\/\/avesaguiar.ch\/es\/wp-json\/wp\/v2\/types\/product"}],"replies":[{"embeddable":true,"href":"https:\/\/avesaguiar.ch\/es\/wp-json\/wp\/v2\/comments?post=27440"}],"wp:featuredmedia":[{"embeddable":true,"href":"https:\/\/avesaguiar.ch\/es\/wp-json\/wp\/v2\/media\/24172"}],"wp:attachment":[{"href":"https:\/\/avesaguiar.ch\/es\/wp-json\/wp\/v2\/media?parent=27440"}],"wp:term":[{"taxonomy":"product_brand","embeddable":true,"href":"https:\/\/avesaguiar.ch\/es\/wp-json\/wp\/v2\/product_brand?post=27440"},{"taxonomy":"product_cat","embeddable":true,"href":"https:\/\/avesaguiar.ch\/es\/wp-json\/wp\/v2\/product_cat?post=27440"},{"taxonomy":"product_tag","embeddable":true,"href":"https:\/\/avesaguiar.ch\/es\/wp-json\/wp\/v2\/product_tag?post=27440"}],"curies":[{"name":"wp","href":"https:\/\/api.w.org\/{rel}","templated":true}]}}