{"id":27501,"date":"2025-02-17T22:04:39","date_gmt":"2025-02-17T22:04:39","guid":{"rendered":"https:\/\/avesaguiar.ch\/produit\/n97-jilguero-15kg-deli-nature\/"},"modified":"2025-02-17T22:04:39","modified_gmt":"2025-02-17T22:04:39","slug":"n97-jilguero-15kg-deli-nature","status":"publish","type":"product","link":"https:\/\/avesaguiar.ch\/es\/produit\/n97-jilguero-15kg-deli-nature\/","title":{"rendered":"N\u00b097 Jilguero 15kg &#8211; Deli Nature"},"content":{"rendered":"<p class=\"h1\">N\u00ba 97 Jilgueros<\/p>\n<div class=\"product__content\">\n<ul>\n<li>Es una mezcla espec\u00edficamente adaptada a las necesidades de los jilgueros peque\u00f1os y grandes.<\/li>\n<li>Con gran cantidad de niger y c\u00e1\u00f1amo.<\/li>\n<li>Con Tournesols MICRO.<\/li>\n<li>Disponible en 15 kg.<\/li>\n<\/ul>\n<\/div>\n<div class=\"product__composition\">\n<div class=\"product__composition-summary\" tabindex=\"0\" role=\"button\" data-groupid=\"composition\" data-target=\"[san-id='open-composition']\" data-state=\"open\" data-classlist=\"open\" aria-expanded=\"false\">Composici\u00f3n<\/div>\n<div class=\"product__composition-details open\">C\u00e1\u00f1amo, perilla blanca, niger, alpiste, achicoria, semillas de crocus, semillas de lino, lechuga blanca, semillas de s\u00e9samo, girasoles MICRO, semillas de zanahoria, semillas de tr\u00e9bol, cardo mariano<\/div>\n<\/div>\n","protected":false},"excerpt":{"rendered":"<p>N\u00ba 97 Jilgueros Es una mezcla espec\u00edficamente adaptada a las necesidades de los jilgueros peque\u00f1os y grandes. Con gran cantidad de niger y c\u00e1\u00f1amo. Con Tournesols MICRO. Disponible en 15 kg. Composici\u00f3n C\u00e1\u00f1amo, perilla blanca, niger, alpiste, achicoria, semillas de crocus, semillas de lino, lechuga blanca, semillas de s\u00e9samo, girasoles MICRO, semillas de zanahoria, semillas [&hellip;]<\/p>\n","protected":false},"featured_media":24270,"comment_status":"open","ping_status":"closed","template":"","meta":[],"product_brand":[184],"product_cat":[242,250],"product_tag":[],"class_list":{"0":"post-27501","1":"product","2":"type-product","3":"status-publish","4":"has-post-thumbnail","6":"product_brand-deli-nature","7":"product_cat-fuente-de-alimentacion-2","8":"product_cat-pajaros","11":"first","12":"instock","13":"shipping-taxable","14":"purchasable","15":"product-type-simple"},"jetpack_sharing_enabled":true,"_links":{"self":[{"href":"https:\/\/avesaguiar.ch\/es\/wp-json\/wp\/v2\/product\/27501","targetHints":{"allow":["GET"]}}],"collection":[{"href":"https:\/\/avesaguiar.ch\/es\/wp-json\/wp\/v2\/product"}],"about":[{"href":"https:\/\/avesaguiar.ch\/es\/wp-json\/wp\/v2\/types\/product"}],"replies":[{"embeddable":true,"href":"https:\/\/avesaguiar.ch\/es\/wp-json\/wp\/v2\/comments?post=27501"}],"wp:featuredmedia":[{"embeddable":true,"href":"https:\/\/avesaguiar.ch\/es\/wp-json\/wp\/v2\/media\/24270"}],"wp:attachment":[{"href":"https:\/\/avesaguiar.ch\/es\/wp-json\/wp\/v2\/media?parent=27501"}],"wp:term":[{"taxonomy":"product_brand","embeddable":true,"href":"https:\/\/avesaguiar.ch\/es\/wp-json\/wp\/v2\/product_brand?post=27501"},{"taxonomy":"product_cat","embeddable":true,"href":"https:\/\/avesaguiar.ch\/es\/wp-json\/wp\/v2\/product_cat?post=27501"},{"taxonomy":"product_tag","embeddable":true,"href":"https:\/\/avesaguiar.ch\/es\/wp-json\/wp\/v2\/product_tag?post=27501"}],"curies":[{"name":"wp","href":"https:\/\/api.w.org\/{rel}","templated":true}]}}